{"id":9823,"date":"2021-04-08T07:30:22","date_gmt":"2021-04-08T07:30:22","guid":{"rendered":"http:\/\/macgal-wordpress.server.worgoo.com\/?page_id=9823"},"modified":"2025-09-18T14:43:53","modified_gmt":"2025-09-18T14:43:53","slug":"kisisel-veri-aydinlatma-metni","status":"publish","type":"page","link":"https:\/\/macgal-wordpress.server.worgoo.com\/en\/kisisel-veri-aydinlatma-metni\/","title":{"rendered":"Ki\u015fisel Veri Ayd\u0131nlatma Metni"},"content":{"rendered":"<div class=\"vc-custom-col-spacing clearfix vc-col-spacing-30\"><section class=\"wpb_row vc_row-fluid row-content-position-Default\"><div class=\"bauer-container\"><div class=\"row-inner clearfix\"><div class=\"wpb_column vc_column_container vc_col-sm-12\"><div class=\"vc_column-inner\"><div class=\"wpb_wrapper\"><div class=\"bauer-text clearfix\" style=\"\"><p><strong>K\u0130\u015e\u0130SEL VER\u0130LER\u0130N \u0130\u015eLENMES\u0130NE \u0130L\u0130\u015eK\u0130N Z\u0130YARET\u00c7\u0130 AYDINLATMA METN\u0130<\/strong><\/p>\n<p style=\"text-align: left;\">De\u011ferli Ziyaret\u00e7imiz;<br \/>\n\u0130\u015fbu ayd\u0131nlatma metni, veri sorumlusu s\u0131fat\u0131yla hareket eden Macgal G\u0131da \u0130n\u015faat Tekstil Otomotiv Turizm \u0130thalat \u0130hracat Sanayi Ticaret Anonim \u015eirketi taraf\u0131ndan, 6698 say\u0131l\u0131 Ki\u015fisel Verilerin Korunmas\u0131 Kanununun (\u201cKVKK\u201d) 10. maddesi ile Ayd\u0131nlatma Y\u00fck\u00fcml\u00fcl\u00fc\u011f\u00fcn\u00fcn Yerine Getirilmesinde Uyulacak Usul ve Esaslar Hakk\u0131nda Tebli\u011f \u00e7er\u00e7evesinde, ki\u015fisel verilerinizin<\/p>\n<ul style=\"text-align: left;\">\n<li>\u0130\u015flenme ama\u00e7lar\u0131,<\/li>\n<li>Hukuki nedenleri,<\/li>\n<li>Toplanma y\u00f6ntemlerini,<\/li>\n<li>Kimlere aktar\u0131labilece\u011fini,<\/li>\n<li>KVKK kapsam\u0131ndaki haklar\u0131n\u0131za ili\u015fkin olarak,<\/li>\n<\/ul>\n<p style=\"text-align: left;\"><strong>Siz ger\u00e7ek ki\u015fi ziyaret\u00e7ilerimizi bilgilendirmek amac\u0131yla haz\u0131rlanm\u0131\u015ft\u0131r.<\/strong><\/p>\n<p style=\"text-align: left;\"><strong>1. Hangi Ki\u015fisel Verilerinizi \u0130\u015fliyoruz?<\/strong><br \/>\nVeri Kategorileri Bu Kategoride \u0130\u015flenen Veri Tiplerine \u00d6rnekler<br \/>\nKimlik verisi ad\u0131n\u0131z, soyad\u0131n\u0131z, \u0130leti\u015fim verisi \u015firketimiz ile payla\u015fman\u0131z halinde telefon numaran\u0131z, e-posta adresiniz<br \/>\nFiziksel Mek\u00e2n G\u00fcvenli\u011fi Verisi G\u00fcvenlik kameras\u0131 kay\u0131tlar\u0131n\u0131z, Arac\u0131n\u0131z\u0131n plaka bilgileri<\/p>\n<p style=\"text-align: left;\"><strong>2. Ki\u015fisel Verilerinizi Hangi Ama\u00e7larla \u0130\u015fliyoruz?<\/strong><\/p>\n<ul style=\"text-align: left;\">\n<li>Acil Durum Y\u00f6netimi S\u00fcre\u00e7lerinin Y\u00fcr\u00fct\u00fclmesi<\/li>\n<li>Faaliyetlerin Mevzuata Uygun Y\u00fcr\u00fct\u00fclmesi<\/li>\n<li>Fiziksel Mek\u00e2n G\u00fcvenli\u011finin Temini<\/li>\n<li>\u0130leti\u015fim Faaliyetlerinin Y\u00fcr\u00fct\u00fclmesi<\/li>\n<li>\u0130\u015f Faaliyetlerinin Y\u00fcr\u00fct\u00fclmesi \/ Denetimi<\/li>\n<li>Saklama ve Ar\u015fiv Faaliyetlerinin Y\u00fcr\u00fct\u00fclmesi<\/li>\n<li>Veri Sorumlusu Operasyonlar\u0131n\u0131n G\u00fcvenli\u011finin Temini<\/li>\n<li>Yetkili Ki\u015fi, Kurum ve Kurulu\u015flara Bilgi Verilmesi<\/li>\n<li>Ziyaret\u00e7i Kay\u0131tlar\u0131n\u0131n Olu\u015fturulmas\u0131 ve Takibi Ama\u00e7lar\u0131 ile elde edilecek, i\u015flenecek, kaydedilecek, depolanacak, muhafaza edilecek, s\u0131n\u0131fland\u0131r\u0131lacakt\u0131r.<\/li>\n<\/ul>\n<p style=\"text-align: left;\"><strong>3. Ki\u015fisel Verilerinizi Kimlere ve Hangi Ama\u00e7larla Aktar\u0131yoruz?<\/strong><br \/>\nGerekti\u011finde hukuki uyu\u015fmazl\u0131klar\u0131n giderilmesi veya ilgili mevzuat gere\u011fi talep halinde adli makamlar veya ilgili kolluk kuvvetlerine aktar\u0131labilecektir.<\/p>\n<p style=\"text-align: left;\"><strong>4.Ki\u015fisel Verilerinizin Toplanma Y\u00f6ntemleri ve Bunlara \u0130li\u015fkin Hukuki Sebepler <\/strong><strong>Nelerdir?<\/strong><br \/>\nS\u00f6z konusu ki\u015fisel veriler, Kanunun 5. maddesinde yer alan \u201cilgili ki\u015finin temel hak ve \u00f6zg\u00fcrl\u00fcklerine zarar vermemek kayd\u0131yla, veri sorumlusunun me\u015fru menfaatleri i\u00e7in veri i\u015flenmesinin zorunlu olmas\u0131\u201d hukuki sebebine dayanarak i\u015fbu Ayd\u0131nlatma Metninde belirtilen ama\u00e7lar kapsam\u0131nda ve a\u015fa\u011f\u0131da Kanun\u2019un 4. Maddesinde say\u0131lan Genel \u0130lkelere uygun olarak;<br \/>\na) Hukuka ve d\u00fcr\u00fcstl\u00fck kurallar\u0131na uygun olmak,<br \/>\nb) Do\u011fru ve gerekti\u011finde g\u00fcncel olmak kayd\u0131yla,<br \/>\nc) Belirli, a\u00e7\u0131k ve me\u015fru ama\u00e7lar ile,<br \/>\nd) \u0130\u015flendikleri ama\u00e7la ba\u011flant\u0131l\u0131, s\u0131n\u0131rl\u0131 ve \u00f6l\u00e7\u00fcl\u00fc olarak,<br \/>\ne) \u0130lgili mevzuatta \u00f6ng\u00f6r\u00fclen veya i\u015flendikleri ama\u00e7 i\u00e7in gerekli olan s\u00fcre kadar muhafaza edilmek \u00fczere otomatik olan ya da herhangi bir veri kay\u0131t sisteminin par\u00e7as\u0131 olmak kayd\u0131yla otomatik olmayan yollarla (e-mail, k\u00e2\u011f\u0131t ortam\u0131nda, formlarla, telefonla vb.) i\u015flenecek, kaydedilecek, depolanacak, muhafaza edilecek, s\u0131n\u0131fland\u0131r\u0131lacak ve gerekti\u011finde yukar\u0131da belirtilen yerlere aktar\u0131labilecektir.<\/p>\n<p style=\"text-align: left;\"><strong>5. Ki\u015fisel Verilerin \u0130\u015flenmesine Dair Haklar\u0131n\u0131z Nelerdir ve Bu Haklara Nas\u0131l Eri\u015febilirsiniz?<\/strong><br \/>\nAnayasa\u2019n\u0131n 20. maddesinde herkesin, kendisiyle ilgili ki\u015fisel veriler hakk\u0131nda bilgilendirilme hakk\u0131na sahip oldu\u011fu ortaya konulmu\u015ftur. KVKK\u2019n\u0131n 11. maddesinde ki\u015fisel veri sahibinin kanun kapsam\u0131ndaki haklar\u0131 say\u0131lm\u0131\u015ft\u0131r. KVKK kapsam\u0131ndaki haklar\u0131n\u0131za ili\u015fkin taleplerinizi \u201cVeri Sorumlusuna Ba\u015fvuru Usul ve Esaslar\u0131 Hakk\u0131nda Tebli\u011f\u201d Madde 5\u2019e g\u00f6re Macgal G\u0131da \u0130n\u015faat Tekstil Otomotiv Turizm \u0130thalat \u0130hracat Sanayi Ticaret Anonim \u015eirketi\u2019ne yaz\u0131l\u0131 olarak veya kay\u0131tl\u0131 elektronik posta (KEP) adresi, g\u00fcvenli elektronik imza, mobil imza ya da ilgili ki\u015fi taraf\u0131ndan veri<br \/>\nsorumlusuna daha \u00f6nce bildirilen ve veri sorumlusunun sisteminde kay\u0131tl\u0131 bulunan elektronik posta adresini kullanmak suretiyle iletebilirsiniz.<\/p>\n<p style=\"text-align: left;\"><strong>Veri Sorumlusu:<\/strong> Macgal G\u0131da \u0130n\u015faat Tekstil Otomotiv Turizm \u0130thalat \u0130hracat Sanayi Ticaret Anonim \u015eirketi<br \/>\nAdres: Mehmet Akif Mah. A\u015f\u0131k Veysel Cd K\u0131lavuz Sok.No:20\/22 \u0130kitelli \/ K\u00fc\u00e7\u00fck\u00e7ekmece \/ \u0130stanbul<br \/>\nMail: kvkk@macgalgroup.com<\/p>\n<p style=\"text-align: left;\">Bu metin, KVKK Uyum Dan\u0131\u015fmanl\u0131\u011f\u0131 kapsam\u0131nda haz\u0131rlanm\u0131\u015ft\u0131r.<br \/>\n\u00a9 Uyumbox Dan\u0131\u015fmanl\u0131k | www.uyumbox.com<\/p>\n<p><span dir=\"auto\" style=\"vertical-align: inherit;\"><span dir=\"auto\" style=\"vertical-align: inherit;\"><\/span><\/span><\/p>\n<\/div><\/div><\/div><\/div><\/div><\/div><\/section><\/div><div class=\"vc-custom-col-spacing clearfix vc-col-spacing-30\"><section class=\"wpb_row vc_row-fluid row-content-position-Default\"><div class=\"bauer-container\"><div class=\"row-inner clearfix\"><div class=\"wpb_column vc_column_container vc_col-sm-12\"><div class=\"vc_column-inner\"><div class=\"wpb_wrapper\">\n\t<div class=\"wpb_text_column wpb_content_element\" >\n\t\t<div class=\"wpb_wrapper\">\n\t\t\t\n\t\t<\/div>\n\t<\/div>\n<\/div><\/div><\/div><\/div><\/div><\/section><\/div>","protected":false},"excerpt":{"rendered":"K\u0130\u015e\u0130SEL VER\u0130LER\u0130N \u0130\u015eLENMES\u0130NE \u0130L\u0130\u015eK\u0130N Z\u0130YARET\u00c7\u0130 AYDINLATMA METN\u0130 De\u011ferli Ziyaret\u00e7imiz; \u0130\u015fbu ayd\u0131nlatma metni, veri sorumlusu s\u0131fat\u0131yla hareket eden Macgal G\u0131da \u0130n\u015faat Tekstil Otomotiv Turizm \u0130thalat \u0130hracat Sanayi Ticaret Anonim \u015eirketi taraf\u0131ndan, 6698 say\u0131l\u0131 Ki\u015fisel Verilerin Korunmas\u0131 Kanununun (\u201cKVKK\u201d) 10. maddesi ile Ayd\u0131nlatma Y\u00fck\u00fcml\u00fcl\u00fc\u011f\u00fcn\u00fcn Yerine Getirilmesinde Uyulacak Usul ve Esaslar Hakk\u0131nda Tebli\u011f","protected":false},"author":1,"featured_media":0,"parent":0,"menu_order":0,"comment_status":"closed","ping_status":"closed","template":"","meta":{"footnotes":""},"class_list":["post-9823","page","type-page","status-publish","hentry"],"_links":{"self":[{"href":"https:\/\/macgal-wordpress.server.worgoo.com\/en\/wp-json\/wp\/v2\/pages\/9823","targetHints":{"allow":["GET"]}}],"collection":[{"href":"https:\/\/macgal-wordpress.server.worgoo.com\/en\/wp-json\/wp\/v2\/pages"}],"about":[{"href":"https:\/\/macgal-wordpress.server.worgoo.com\/en\/wp-json\/wp\/v2\/types\/page"}],"author":[{"embeddable":true,"href":"https:\/\/macgal-wordpress.server.worgoo.com\/en\/wp-json\/wp\/v2\/users\/1"}],"replies":[{"embeddable":true,"href":"https:\/\/macgal-wordpress.server.worgoo.com\/en\/wp-json\/wp\/v2\/comments?post=9823"}],"version-history":[{"count":0,"href":"https:\/\/macgal-wordpress.server.worgoo.com\/en\/wp-json\/wp\/v2\/pages\/9823\/revisions"}],"wp:attachment":[{"href":"https:\/\/macgal-wordpress.server.worgoo.com\/en\/wp-json\/wp\/v2\/media?parent=9823"}],"curies":[{"name":"wp","href":"https:\/\/api.w.org\/{rel}","templated":true}]}}