{"id":9820,"date":"2021-04-08T07:08:13","date_gmt":"2021-04-08T07:08:13","guid":{"rendered":"http:\/\/macgal-wordpress.server.worgoo.com\/?page_id=9820"},"modified":"2025-09-18T15:25:20","modified_gmt":"2025-09-18T15:25:20","slug":"gizlilik-ve-cerez-politikasi","status":"publish","type":"page","link":"https:\/\/macgal-wordpress.server.worgoo.com\/en\/gizlilik-ve-cerez-politikasi\/","title":{"rendered":"Gizlilik ve \u00c7erez Politikas\u0131"},"content":{"rendered":"<div class=\"vc-custom-col-spacing clearfix vc-col-spacing-30\"><section class=\"wpb_row vc_row-fluid row-content-position-Default\"><div class=\"bauer-container\"><div class=\"row-inner clearfix\"><div class=\"wpb_column vc_column_container vc_col-sm-12\"><div class=\"vc_column-inner\"><div class=\"wpb_wrapper\"><div class=\"bauer-text clearfix\" style=\"\"><p><strong>\u00c7erez Politikas\u0131 ve \u00c7erez Ayd\u0131nlatma Metni<\/strong><br \/>\nBu \u00c7erez Politikas\u0131 Macgal G\u0131da \u0130n\u015faat Tekstil Otomotiv Turizm \u0130thalat \u0130hracat Sanayi Ticaret Anonim \u015eirketi olarak http:\/\/macgal-wordpress.server.worgoo.com adresli internet sitemizi ziyaret etti\u011finizde, cihaz\u0131n\u0131za yerle\u015ftirilen \u00e7erezler ve benzeri teknolojiler hakk\u0131nda bilgi sa\u011flamak amac\u0131yla haz\u0131rlanm\u0131\u015ft\u0131r. Bu politika hangi t\u00fcr \u00e7erezlerin kullan\u0131ld\u0131\u011f\u0131n\u0131, bu \u00e7erezlerin hangi ama\u00e7larla topland\u0131\u011f\u0131n\u0131, nas\u0131l y\u00f6netilebilece\u011fini ve KVKK (Ki\u015fisel Verilerin Korunmas\u0131 Kanunu) kapsam\u0131nda haklar\u0131n\u0131z\u0131 nas\u0131l kullanabilece\u011finizi a\u00e7\u0131klamaktad\u0131r. \u0130nternet sitemizde kulland\u0131\u011f\u0131m\u0131z, zorunlu \u00e7erezler haricindeki \u00e7erezler i\u00e7in, kullan\u0131c\u0131lar\u0131n a\u00e7\u0131k r\u0131zalar\u0131 al\u0131nmakta ve istedikleri zaman r\u0131zalar\u0131n\u0131 de\u011fi\u015ftirebilme olana\u011f\u0131 sa\u011flanmaktad\u0131r. Kullan\u0131c\u0131lar \u00e7erez y\u00f6netim paneli \u00fczerinden, internet sitemizde kullan\u0131lan \u00e7erez \u00e7e\u015fitlerini g\u00f6rebilmekte ve Zorunlu \u00c7erezler d\u0131\u015f\u0131nda kalan t\u00fcm \u00e7erezler i\u00e7in \u201ct\u00fcm\u00fcn\u00fc kabul et\u201d veya \u201ct\u00fcm\u00fcn\u00fc reddet\u201d se\u00e7enekleri ile tercihlerini belirleyebilmektedirler. Yine bu panel<br \/>\n\u00fczerinden kullan\u0131c\u0131lar tercihlerini her zaman de\u011fi\u015ftirebilmektedirler.<\/p>\n<p><strong>\u00c7erez nedir?<\/strong><br \/>\n\u00c7erez, herhangi bir internet sitesi taraf\u0131ndan kullan\u0131c\u0131n\u0131n kullanm\u0131\u015f oldu\u011fu taray\u0131c\u0131ya b\u0131rak\u0131lan ve okunan bir t\u00fcr tan\u0131mlama dosyas\u0131n\u0131n ad\u0131d\u0131r. \u00c7erez dosyalar\u0131 i\u00e7erisinde kullan\u0131c\u0131n\u0131n oturum bilgileri, sayfada i\u00e7erik t\u00fcketimi s\u00fcresi, i\u00e7erik t\u00fcketim al\u0131\u015fkanl\u0131\u011f\u0131 gibi \u00e7e\u015fitli veriler saklan\u0131r. \u00c7erezlerimiz, internet sitelerimizi kullanman\u0131z s\u0131ras\u0131nda size ki\u015fiselle\u015ftirilmi\u015f bir deneyim sunmak, hizmetlerimizi geli\u015ftirmek ve deneyiminizi iyile\u015ftirmek i\u00e7in kullan\u0131l\u0131r. \u00c7erezler kullan\u0131m ama\u00e7 ve \u015fekillerine g\u00f6re farkl\u0131 ba\u015fl\u0131klarda de\u011ferlendirilebilirler. Bu ba\u015fl\u0131klardan baz\u0131lar\u0131 a\u015fa\u011f\u0131da a\u00e7\u0131klanm\u0131\u015ft\u0131r;<\/p>\n<p><strong>\u00c7erez \u00e7e\u015fitleri:<\/strong><br \/>\nKullan\u0131m s\u00fcresine g\u00f6re \u00e7erez \u00e7e\u015fitleri: \u0130nternet sitemizde kullan\u0131m s\u00fcrelerine g\u00f6re oturum \u00e7erezleri ve kal\u0131c\u0131 \u00e7erezler kullanmaktad\u0131r. Oturum \u00e7erezi, oturumun s\u00fcreklili\u011finin sa\u011flanmas\u0131 amac\u0131yla kullan\u0131lmakta olup kullan\u0131c\u0131 taray\u0131c\u0131s\u0131n\u0131 kapatt\u0131\u011f\u0131nda bu \u00e7erezler de silinmektedir. Kal\u0131c\u0131 \u00e7erez ise internet taray\u0131c\u0131s\u0131 kapat\u0131ld\u0131\u011f\u0131 zaman silinmemekte ve belirli bir tarihte veya belirli bir s\u00fcre sonra kendili\u011finden silinmektedir. Birinci taraf ve \u00fc\u00e7\u00fcnc\u00fc taraf \u00e7erezler: \u00c7erezin birinci taraf ya da \u00fc\u00e7\u00fcnc\u00fc taraf olmas\u0131 durumu, internet sitesinin ya da etki alan\u0131n\u0131n yerle\u015ftirdi\u011fi \u00e7ereze g\u00f6re de\u011fi\u015fiklik arz etmektedir. Birinci taraf \u00e7erezler, do\u011frudan kullan\u0131c\u0131n\u0131n ziyaret etti\u011fi internet sitesi yani taray\u0131c\u0131n\u0131n adres \u00e7ubu\u011funda g\u00f6sterilen internet adresi http:\/\/macgal-wordpress.server.worgoo.com taraf\u0131ndan yerle\u015ftirilmektedir. \u00dc\u00e7\u00fcnc\u00fc taraf \u00e7erezlerse kullan\u0131c\u0131n\u0131n ziyaret etti\u011fi etki alan\u0131ndan farkl\u0131 bir etki alan\u0131 taraf\u0131ndan yerle\u015ftirilmektedir.<\/p>\n<p><strong>Kullan\u0131m ama\u00e7lar\u0131na g\u00f6re \u00e7erez \u00e7e\u015fitleri:<\/strong><\/p>\n<p><strong>1) Zorunlu \u00c7erezler:<\/strong><\/p>\n<p>Bu \u00e7erezler internet sitesinin d\u00fczg\u00fcn bir \u015fekilde \u00e7al\u0131\u015fabilmesi i\u00e7in gereklidir. Web sitesinin temel i\u015flevlerini yerine getirebilmek (\u00f6rne\u011fin oturum a\u00e7ma, form doldurma, g\u00fcvenlik do\u011frulama, sayfa y\u00f6nlendirme vb.) \u00fczere kullan\u0131l\u0131r ve talep edilen bir bilgi toplumu hizmetinin (gizlilik tercihlerinin hat\u0131rlanmas\u0131 gibi) yerine getirilebilmesi i\u00e7in de zorunlu olarak kullan\u0131l\u0131rlar. Zorunlu \u00e7erezlerin engellenmesi halinde, internet sitesinin baz\u0131 b\u00f6l\u00fcmleri d\u00fczg\u00fcn \u00e7al\u0131\u015fmayabilir.<\/p>\n<p><strong>2) Analitik\/Performans \u00c7erezleri<\/strong><\/p>\n<p>\u0130nternet sitelerinde kullan\u0131c\u0131lar\u0131n davran\u0131\u015flar\u0131n\u0131 analiz etmek amac\u0131yla istatistiki \u00f6l\u00e7\u00fcm\u00fcne imk\u00e2n veren \u00e7erezlerdir. Bu \u00e7erezler, sitenin iyile\u015ftirilmesi i\u00e7in s\u0131kl\u0131kla kullan\u0131lmaktad\u0131r. \u0130nternet sitesi sahipleri taraf\u0131ndan, tekil ziyaret\u00e7ilerin say\u0131s\u0131n\u0131 tahmin etmek, trafi\u011fin \u00f6l\u00e7\u00fclmesi, performans\u0131n optimizasyonu, bir internet sayfas\u0131na g\u00f6t\u00fcren en \u00f6nemli arama motoru anahtar kelimelerini tespit etmek veya internet sitesinde gezinme durumunu izlemek gibi \u00e7e\u015fitli ama\u00e7larla kullan\u0131lmaktad\u0131rlar. Bu sayede sitelerin performans\u0131 \u00f6l\u00e7\u00fclebilmekte ve iyile\u015ftirilebilmektedir. Bu \u00e7erezler internet sitelerindeki hangi sayfalar\u0131n en \u00e7ok\/an az pop\u00fcler oldu\u011funun anla\u015f\u0131lmas\u0131na da yard\u0131mc\u0131 olmaktad\u0131r. Baz\u0131 durumlarda ise; sitede yer alan 3. taraf hizmetler yahut g\u00f6m\u00fcl\u00fc i\u00e7eriklerin (\u00f6rne\u011fin; youtube videolar\u0131, google haritalar gibi.) kullan\u0131c\u0131 taraf\u0131ndan t\u0131klanmas\u0131yla birlikte de analitik\/performans \u00e7erezleri kendili\u011finden tetiklenerek olu\u015fabilir.<\/p>\n<p><strong>3) \u0130\u015flevsel \u00c7erezler<\/strong><\/p>\n<p>Bu \u00e7erezler, sitenin sundu\u011fu i\u00e7eri\u011fi daha ki\u015fisel hale getirmek amac\u0131yla kullan\u0131l\u0131r. \u00d6rne\u011fin kullan\u0131c\u0131 ad\u0131, dil tercihi, b\u00f6lge se\u00e7imi gibi bilgilerin hat\u0131rlanmas\u0131n\u0131 sa\u011flar. (gizlilik tercihleriniz hari\u00e7 olmak \u00fczere di\u011fer tercihlerinizin siteye tekrar girdi\u011finizde hat\u0131rlanmas\u0131n\u0131 sa\u011flamak) Baz\u0131 durumlarda ise; sitede yer alan 3. taraf hizmetler yahut g\u00f6m\u00fcl\u00fc i\u00e7eriklerin (\u00f6rne\u011fin; youtube videolar\u0131, google haritalar gibi.) kullan\u0131c\u0131 taraf\u0131ndan t\u0131klanmas\u0131yla birlikte de i\u015flevsel \u00e7erezler kendili\u011finden tetiklenerek olu\u015fabilir.<\/p>\n<p><strong>4) Reklam\/Pazarlama \u00c7erezleri<\/strong><\/p>\n<p>Bu \u00e7erezler, kullan\u0131c\u0131lar\u0131n internet \u00fczerindeki gezinme al\u0131\u015fkanl\u0131klar\u0131n\u0131 izleyerek, kullan\u0131c\u0131ya \u00f6zel reklamlar g\u00f6sterilmesine olanak tan\u0131r. \u00c7evrim i\u00e7i davran\u0131\u015fsal reklamc\u0131l\u0131k faaliyetleri i\u00e7in kullan\u0131l\u0131r. Bu t\u00fcr \u00e7erezler reklam i\u015f ortaklar\u0131yla da payla\u015f\u0131labilir. Baz\u0131 durumlarda ise; sitede yer alan 3. taraf hizmetler yahut g\u00f6m\u00fcl\u00fc i\u00e7eriklerin (\u00f6rne\u011fin; youtube videolar\u0131, google haritalar gibi.) kullan\u0131c\u0131 taraf\u0131ndan t\u0131klanmas\u0131yla birlikte de reklam\/pazarlama \u00e7erezleri kendili\u011finden tetiklenerek olu\u015fabilir.<\/p>\n<p><strong>5) Tetiklenme sonucu olu\u015fan \u00e7erezler (Etkile\u015fime Ba\u011fl\u0131):<\/strong><\/p>\n<p>Bu t\u00fcr \u00e7erezler do\u011frudan bir amaca y\u00f6nelik olu\u015fturulmaz. \u0130lgili sitede yer alan YouTube videolar\u0131 veya Google Haritalar gibi g\u00f6m\u00fcl\u00fc i\u00e7eriklerin kullan\u0131c\u0131 taraf\u0131ndan t\u0131klanmas\u0131yla birlikte, reklam, analitik veya i\u015flevsel kategorilerine giren bu \u00e7erezler kendili\u011finden tetiklenir.<br \/>\nKi\u015fisel Verilerin Hangi Ama\u00e7larla \u0130\u015flenece\u011fi ve Hukuki Sebepler<br \/>\nZorunlu \u00e7erezler a\u015fa\u011f\u0131daki ama\u00e7larla i\u015flenmektedir;<br \/>\n\u25cf Sitemizin temel i\u015flevlerini yerine getirebilmek,<br \/>\n\u25cf Sitemizin d\u00fczg\u00fcn \u015fekilde \u00e7al\u0131\u015fmas\u0131n\u0131 sa\u011flamak,<br \/>\n\u25cf Oturum ve g\u00fcvenli\u011fi sa\u011flamak,<br \/>\n\u25cf Sitemizin size daha h\u0131zl\u0131 cevap verebilmesi i\u00e7in performans\u0131n\u0131 art\u0131rmak ve talep etmi\u015f oldu\u011funuz bir bilgi toplumu hizmetinin (log-in olma, form doldurma, gizlilik tercihlerinin hat\u0131rlanmas\u0131 vs.) yerine getirilebilmesi ama\u00e7lar\u0131yla kullan\u0131lmaktad\u0131r. Bu \u00e7erezler arac\u0131l\u0131\u011f\u0131yla toplanan ki\u015fisel verileriniz, Kanun\u2019un 5\u2019inci maddesinin (2) numaral\u0131 f\u0131kras\u0131n\u0131n (c) bendi; \u201cBir s\u00f6zle\u015fmenin kurulmas\u0131 veya ifas\u0131yla do\u011frudan do\u011fruya ilgili olmas\u0131 kayd\u0131yla, s\u00f6zle\u015fmenin taraflar\u0131na ait ki\u015fisel verilerin i\u015flenmesinin gerekli olmas\u0131\u201d veya (f) bendi \u201c\u0130lgili ki\u015finin temel hak ve \u00f6zg\u00fcrl\u00fcklerine zarar vermemek kayd\u0131yla, veri sorumlusunun me\u015fru menfaatleri i\u00e7in veri i\u015flenmesinin zorunlu olmas\u0131\u201d kapsam\u0131nda i\u015flenmektedir.<\/p>\n<p><strong>Reklam ve Pazarlama \u00e7erezleri,<\/strong> Sitemizde g\u00f6m\u00fcl\u00fc i\u00e7erik olarak yer alan 3.taraf Google Harita hizmetinin kullan\u0131c\u0131 taraf\u0131ndan t\u0131klanmas\u0131 sonucu tetiklenerek olu\u015fmaktad\u0131r. Bu \u00e7erezler arac\u0131l\u0131\u011f\u0131yla toplanan ki\u015fisel verileriniz, Kanun\u2019un 5\u2019inci maddesinin (1) numaral\u0131 f\u0131kras\u0131 kapsam\u0131nda a\u00e7\u0131k r\u0131zan\u0131z\u0131n al\u0131nmas\u0131 suretiyle i\u015flenmektedir. \u0130\u015flevsel \u00e7erezler, Sitemizde g\u00f6m\u00fcl\u00fc i\u00e7erik olarak yer alan 3.taraf Google Harita hizmetinin kullan\u0131c\u0131 taraf\u0131ndan t\u0131klanmas\u0131 sonucu tetiklenerek olu\u015fmaktad\u0131r. Bu \u00e7erezler arac\u0131l\u0131\u011f\u0131yla toplanan ki\u015fisel verileriniz, Kanun\u2019un 5\u2019inci maddesinin (1) numaral\u0131 f\u0131kras\u0131 kapsam\u0131nda a\u00e7\u0131k r\u0131zan\u0131z\u0131n al\u0131nmas\u0131 suretiyle i\u015flenmektedir. \u0130nternet sitemizde yer alan \u00e7erezlere ili\u015fkin ayr\u0131nt\u0131l\u0131 bilgiler ve ba\u011fl\u0131 hizmetler a\u015fa\u011f\u0131da yer almaktad\u0131r:<\/p>\n<p>A\u015fa\u011f\u0131da sitemizde \u00e7erez al\u0131m\u0131 s\u00f6z konusu olabilecek hizmetler yer almaktad\u0131r:<br \/>\n<strong><\/strong><\/p>\n<p><strong>Google Fonts:<\/strong> Web sitelerine y\u00fcksek kaliteli ve \u00fccretsiz yaz\u0131 tipleri sa\u011flamak i\u00e7in kullan\u0131lan bir platformdur. Sitenin tasar\u0131m\u0131n\u0131 daha estetik ve okunabilir hale getirmek amac\u0131yla \u00e7e\u015fitli yaz\u0131 tipi se\u00e7enekleri sunar. Bu hizmet, yaz\u0131 tiplerini harici Google sunucular\u0131ndan y\u00fckleyerek, web sitesinin y\u00fcklenme h\u0131z\u0131n\u0131 art\u0131r\u0131r ve cihazlar aras\u0131nda tutarl\u0131 bir g\u00f6r\u00fcn\u00fcm sa\u011flar. Ziyaret\u00e7ilerin taray\u0131c\u0131lar\u0131, bu yaz\u0131 tiplerini yerel bilgisayarlar\u0131na indirmek zorunda kalmaz, bu da site performans\u0131n\u0131 olumlu etkiler. Ayr\u0131ca, Google Fonts sayesinde web geli\u015ftiriciler, yaz\u0131 tiplerini kolayca entegre edip, mobil uyumlu ve modern bir tasar\u0131m sunabilir.<\/p>\n<p><strong>Google Static:<\/strong> Google taraf\u0131ndan sunulan entegre bir hizmeti ve bu hizmeti kullan\u0131rken kullan\u0131c\u0131y\u0131 tan\u0131mlamak veya hizmetin i\u015flevselli\u011fini sa\u011flamak i\u00e7in kullan\u0131lan bir \u00e7erezdir. \u00d6rne\u011fin, web sitesi Google Haritalar&#8217;\u0131 g\u00f6steriyorsa ve statik harita g\u00f6r\u00fcnt\u00fcleri kullan\u0131yorsa, &#8220;Google Static Maps API&#8221; ad\u0131 verilen bir Google hizmetini kullan\u0131yor olabilir. Bu API, statik harita g\u00f6r\u00fcnt\u00fclerini almak i\u00e7in kullan\u0131l\u0131rken, \u00e7erezler genellikle kullan\u0131c\u0131 tercihlerini veya \u00f6nceki etkile\u015fimleri hat\u0131rlamak i\u00e7in kullan\u0131labilir. Benzer \u015fekilde, bir web sitesi Google Cloud Storage gibi bir hizmeti kullanarak statik dosyalar\u0131 (\u00f6rne\u011fin, resimler, CSS dosyalar\u0131, JavaScript dosyalar\u0131) bar\u0131nd\u0131r\u0131yorsa, &#8220;Google Static&#8221; \u00e7erezi, bu hizmetin sunucular\u0131ndan i\u00e7erik almak i\u00e7in kullan\u0131labilir. Yani web sitesinin i\u015flevselli\u011fini iyile\u015ftirmek, kullan\u0131c\u0131 deneyimini ki\u015fiselle\u015ftirmek veya hizmetin do\u011fru bir \u015fekilde \u00e7al\u0131\u015fmas\u0131n\u0131 sa\u011flamak i\u00e7in bu \u00e7erez kullan\u0131labilir.<\/p>\n<table width=\"1139\">\n<tbody>\n<tr>\n<td width=\"329\">\u00c7erez Ad\u0131<\/td>\n<td width=\"247\">\u00c7erezin Amac\u0131<\/td>\n<td width=\"125\">\u00c7erezin Kategorisi<\/td>\n<td width=\"236\">\u00c7erezin Sahibi<\/td>\n<td width=\"95\">\u00c7erez Tipi<\/td>\n<td width=\"107\">Saklama S\u00fcresi<\/td>\n<\/tr>\n<tr>\n<td>__Secure-1PAPISID<\/td>\n<td width=\"247\">Kullan\u0131c\u0131 gu\u0308venli\u011fini sa\u011flamak<\/td>\n<td>Gu\u0308venlik<\/td>\n<td width=\"236\">\u00dc\u00e7u\u0308ncu\u0308 Taraf (.google.com)<\/td>\n<td>Kal\u0131c\u0131<\/td>\n<td width=\"107\">1 Y\u0131l<\/td>\n<\/tr>\n<tr>\n<td>__Secure-1PSID<\/td>\n<td>Kullan\u0131c\u0131 kimlik do\u011frulamas\u0131<\/td>\n<td>Gu\u0308venlik<\/td>\n<td width=\"236\">\u00dc\u00e7u\u0308ncu\u0308 Taraf (.google.com)<\/td>\n<td>Kal\u0131c\u0131<\/td>\n<td width=\"107\">1 Y\u0131l<\/td>\n<\/tr>\n<tr>\n<td>__Secure-1PSIDCC<\/td>\n<td>Kimlik ve oturum y\u00f6netimi<\/td>\n<td>Gu\u0308venlik<\/td>\n<td width=\"236\">\u00dc\u00e7u\u0308ncu\u0308 Taraf (.google.com)<\/td>\n<td>Kal\u0131c\u0131<\/td>\n<td width=\"107\">1 Y\u0131l<\/td>\n<\/tr>\n<tr>\n<td>__Secure-1PSIDTS<\/td>\n<td>Gu\u0308venli oturum takibi<\/td>\n<td>Gu\u0308venlik<\/td>\n<td width=\"236\">\u00dc\u00e7u\u0308ncu\u0308 Taraf (.google.com)<\/td>\n<td>Kal\u0131c\u0131<\/td>\n<td width=\"107\">1 Y\u0131l<\/td>\n<\/tr>\n<tr>\n<td>__Secure-3PAPISID<\/td>\n<td width=\"247\">Profil olu\u015fturma ve reklam<\/td>\n<td>Reklam<\/td>\n<td width=\"236\">\u00dc\u00e7u\u0308ncu\u0308 Taraf (.google.com)<\/td>\n<td>Kal\u0131c\u0131<\/td>\n<td width=\"107\">1 Y\u0131l<\/td>\n<\/tr>\n<tr>\n<td>__Secure-3PSID<\/td>\n<td>Ki\u015fiselle\u015ftirilmi\u015f reklam<\/td>\n<td>Reklam<\/td>\n<td width=\"236\">\u00dc\u00e7u\u0308ncu\u0308 Taraf (.google.com)<\/td>\n<td>Kal\u0131c\u0131<\/td>\n<td width=\"107\">1 Y\u0131l<\/td>\n<\/tr>\n<tr>\n<td>__Secure-3PSIDCC<\/td>\n<td>Reklam gu\u0308venli\u011fi<\/td>\n<td>Reklam<\/td>\n<td width=\"236\">\u00dc\u00e7u\u0308ncu\u0308 Taraf (.google.com)<\/td>\n<td>Kal\u0131c\u0131<\/td>\n<td width=\"107\">1 Y\u0131l<\/td>\n<\/tr>\n<tr>\n<td>__Secure-3PSIDTS<\/td>\n<td>Oturum gu\u0308venli\u011fi<\/td>\n<td>Reklam<\/td>\n<td width=\"236\">\u00dc\u00e7u\u0308ncu\u0308 Taraf (.google.com)<\/td>\n<td>Kal\u0131c\u0131<\/td>\n<td width=\"107\">1 Y\u0131l<\/td>\n<\/tr>\n<tr>\n<td>AEC<\/td>\n<td>Botlara kar\u015f\u0131 koruma<\/td>\n<td>Reklam<\/td>\n<td width=\"236\">\u00dc\u00e7u\u0308ncu\u0308 Taraf (.google.com)<\/td>\n<td>Kal\u0131c\u0131<\/td>\n<td width=\"107\">1 Y\u0131l<\/td>\n<\/tr>\n<tr>\n<td>APISID<\/td>\n<td>Kullan\u0131c\u0131 tercihleri<\/td>\n<td>\u0130\u015flevsel<\/td>\n<td width=\"236\">\u00dc\u00e7u\u0308ncu\u0308 Taraf (.google.com)<\/td>\n<td>Kal\u0131c\u0131<\/td>\n<td width=\"107\">1 Y\u0131l<\/td>\n<\/tr>\n<tr>\n<td>CookieLawInfoConsent<\/td>\n<td>\u00c7erez izinlerinin saklanmas\u0131<\/td>\n<td>Gerekli<\/td>\n<td width=\"236\">Birinci Taraf (macgalotomat.com)<\/td>\n<td>Kal\u0131c\u0131<\/td>\n<td width=\"107\">1 Y\u0131l<\/td>\n<\/tr>\n<tr>\n<td>cookielawinfocheckboxadvertisement<\/td>\n<td>Reklam izni tercihi<\/td>\n<td>Gerekli<\/td>\n<td width=\"236\">Birinci Taraf (macgalotomat.com)<\/td>\n<td>Kal\u0131c\u0131<\/td>\n<td width=\"107\">1 Y\u0131l<\/td>\n<\/tr>\n<tr>\n<td>cookielawinfocheckbox-analytics<\/td>\n<td>Analitik izni tercihi<\/td>\n<td>Gerekli<\/td>\n<td width=\"236\">Birinci Taraf (macgalotomat.com)<\/td>\n<td>Kal\u0131c\u0131<\/td>\n<td width=\"107\">1 Y\u0131l<\/td>\n<\/tr>\n<tr>\n<td>cookielawinfocheckbox-functional<\/td>\n<td>\u0130\u015flevsellik tercihi<\/td>\n<td>Gerekli<\/td>\n<td width=\"236\">Birinci Taraf (macgalotomat.com)<\/td>\n<td>Kal\u0131c\u0131<\/td>\n<td width=\"107\">1 Y\u0131l<\/td>\n<\/tr>\n<tr>\n<td>cookielawinfocheckbox-necessary<\/td>\n<td>Zorunlu \u00e7erez tercihi<\/td>\n<td>Gerekli<\/td>\n<td width=\"236\">Birinci Taraf (macgalotomat.com)<\/td>\n<td>Kal\u0131c\u0131<\/td>\n<td width=\"107\">1 Y\u0131l<\/td>\n<\/tr>\n<tr>\n<td>cookielawinfocheckbox-others<\/td>\n<td>Di\u011fer tercihler<\/td>\n<td>Gerekli<\/td>\n<td width=\"236\">Birinci Taraf (macgalotomat.com)<\/td>\n<td>Kal\u0131c\u0131<\/td>\n<td width=\"107\">1 Y\u0131l<\/td>\n<\/tr>\n<tr>\n<td>cookielawinfocheckboxperformance Performans<\/td>\n<td>Performans tercihi<\/td>\n<td>Gerekli<\/td>\n<td width=\"236\">Birinci Taraf (macgalotomat.com)<\/td>\n<td>Kal\u0131c\u0131<\/td>\n<td width=\"107\">1 Y\u0131l<\/td>\n<\/tr>\n<tr>\n<td>HSID<\/td>\n<td>Kullan\u0131c\u0131 kimli\u011fi ve oturum gu\u0308venli\u011fi<\/td>\n<td>Gu\u0308venlik<\/td>\n<td width=\"236\">\u00dc\u00e7u\u0308ncu\u0308 Taraf (.google.com)<\/td>\n<td>Kal\u0131c\u0131<\/td>\n<td width=\"107\">1 Y\u0131l<\/td>\n<\/tr>\n<tr>\n<td>NID<\/td>\n<td>Reklam ki\u015fiselle\u015ftirme<\/td>\n<td>Reklam<\/td>\n<td width=\"236\">\u00dc\u00e7u\u0308ncu\u0308 Taraf (.google.com)<\/td>\n<td>Kal\u0131c\u0131<\/td>\n<td width=\"107\">1 Y\u0131l<\/td>\n<\/tr>\n<tr>\n<td>SAPISID<\/td>\n<td>Kullan\u0131c\u0131 kimlik do\u011frulama<\/td>\n<td>Gu\u0308venlik<\/td>\n<td width=\"236\">\u00dc\u00e7u\u0308ncu\u0308 Taraf (.google.com)<\/td>\n<td>Kal\u0131c\u0131<\/td>\n<td width=\"107\">1 Y\u0131l<\/td>\n<\/tr>\n<tr>\n<td>SEARCH_SAMESITE<\/td>\n<td>Site i\u00e7i gu\u0308venlik<\/td>\n<td>Gu\u0308venlik<\/td>\n<td width=\"236\">\u00dc\u00e7u\u0308ncu\u0308 Taraf (.google.com)<\/td>\n<td>Kal\u0131c\u0131<\/td>\n<td width=\"107\">1 Y\u0131l<\/td>\n<\/tr>\n<\/tbody>\n<\/table>\n<p>\u0130nternet sitemizde kullan\u0131lan \u00e7erezler yoluyla ki\u015fisel verileri i\u015flenen ilgili ki\u015filer, Ki\u015fisel Verilerin Korunmas\u0131 Kanunu\u2019nun 11\u2019inci maddesi kapsam\u0131ndaki taleplerini, \u201cVeri Sorumlusuna Ba\u015fvuru Usul ve Esaslar\u0131 Hakk\u0131nda Tebli\u011fi\u201dne g\u00f6re Mehmet Akif Mah. A\u015f\u0131k Veysel Cd K\u0131lavuz Sok.No:20\/22 \u0130kitelli \/ K\u00fc\u00e7\u00fck\u00e7ekmece \/ \u0130stanbul adresine yaz\u0131l\u0131 olarak iletebilmektedir.<\/p>\n<p><strong>Taray\u0131c\u0131 Ayarlar\u0131ndan \u00c7erez Ayarlar\u0131<\/strong><br \/>\n\u0130nternet sitemizde yer alan sol attaki izin tercihleri ikonuna t\u0131klayarak istedi\u011finiz anda \u00e7erezlere ili\u015fkin tercihlerinizi de\u011fi\u015ftirebilirsiniz. \u00c7erez y\u00f6netim panelindeki butonlar\u0131 tercihinize g\u00f6re a\u00e7\u0131k veya kapal\u0131 konuma getirerek \u201cAyarlar\u0131 kaydet\u201d butonuna t\u0131klay\u0131n\u0131z. Ayarlar\u0131n\u0131z\u0131 etkin h\u00e2le getirmek i\u00e7in sayfay\u0131 yenileyiniz.<br \/>\nBunun yan\u0131 s\u0131ra, taray\u0131c\u0131 ayarlar\u0131 arac\u0131l\u0131\u011f\u0131yla da k\u0131smen kontrol sa\u011flanabilmektedir. S\u0131k kullan\u0131lan taray\u0131c\u0131larda \u00e7erezlerin y\u00f6netimine ili\u015fkin bilgilere a\u015fa\u011f\u0131daki ba\u011flant\u0131lar arac\u0131l\u0131\u011f\u0131yla eri\u015febilirsiniz:<\/p>\n<p>Google Chrome<br \/>\nhttps:\/\/support.google.com\/accounts\/answer\/61416?co=GENIE.Platform%3DDesktop&#038;hl=tr<br \/>\nMicrosoft Edge<br \/>\nhttps:\/\/support.microsoft.com\/en-us\/microsoft-edge\/view-cookies-in-microsoft-edge- a7d95376-f2cd-8e4a-25dc-1de753474879<br \/>\nMozilla Firefox<br \/>\nhttps:\/\/support.mozilla.org\/tr\/kb\/cerezleri-silme-web-sitelerinin-bilgilerini-kaldirma<br \/>\nSafari<br \/>\nhttps:\/\/help.apple.com\/safari\/mac\/9.0\/#\/sfri40732<br \/>\nOpera<br \/>\nhttps:\/\/help.opera.com\/en\/latest\/web-preferences<\/p>\n<p>Bu metin, KVKK Uyum Dan\u0131\u015fmanl\u0131\u011f\u0131 kapsam\u0131nda haz\u0131rlanm\u0131\u015ft\u0131r.<br \/>\n\u00a9 Uyumbox Dan\u0131\u015fmanl\u0131k | www.uyumbox.com<\/p>\n<\/div><\/div><\/div><\/div><\/div><\/div><\/section><\/div>","protected":false},"excerpt":{"rendered":"\u00c7erez Politikas\u0131 ve \u00c7erez Ayd\u0131nlatma Metni Bu \u00c7erez Politikas\u0131 Macgal G\u0131da \u0130n\u015faat Tekstil Otomotiv Turizm \u0130thalat \u0130hracat Sanayi Ticaret Anonim \u015eirketi olarak http:\/\/macgal-wordpress.server.worgoo.com adresli internet sitemizi ziyaret etti\u011finizde, cihaz\u0131n\u0131za yerle\u015ftirilen \u00e7erezler ve benzeri teknolojiler hakk\u0131nda bilgi sa\u011flamak amac\u0131yla haz\u0131rlanm\u0131\u015ft\u0131r. Bu politika hangi t\u00fcr \u00e7erezlerin kullan\u0131ld\u0131\u011f\u0131n\u0131, bu \u00e7erezlerin hangi ama\u00e7larla topland\u0131\u011f\u0131n\u0131,","protected":false},"author":1,"featured_media":0,"parent":0,"menu_order":0,"comment_status":"closed","ping_status":"closed","template":"","meta":{"footnotes":""},"class_list":["post-9820","page","type-page","status-publish","hentry"],"_links":{"self":[{"href":"https:\/\/macgal-wordpress.server.worgoo.com\/en\/wp-json\/wp\/v2\/pages\/9820","targetHints":{"allow":["GET"]}}],"collection":[{"href":"https:\/\/macgal-wordpress.server.worgoo.com\/en\/wp-json\/wp\/v2\/pages"}],"about":[{"href":"https:\/\/macgal-wordpress.server.worgoo.com\/en\/wp-json\/wp\/v2\/types\/page"}],"author":[{"embeddable":true,"href":"https:\/\/macgal-wordpress.server.worgoo.com\/en\/wp-json\/wp\/v2\/users\/1"}],"replies":[{"embeddable":true,"href":"https:\/\/macgal-wordpress.server.worgoo.com\/en\/wp-json\/wp\/v2\/comments?post=9820"}],"version-history":[{"count":0,"href":"https:\/\/macgal-wordpress.server.worgoo.com\/en\/wp-json\/wp\/v2\/pages\/9820\/revisions"}],"wp:attachment":[{"href":"https:\/\/macgal-wordpress.server.worgoo.com\/en\/wp-json\/wp\/v2\/media?parent=9820"}],"curies":[{"name":"wp","href":"https:\/\/api.w.org\/{rel}","templated":true}]}}