{"id":9715,"date":"2021-04-06T20:48:33","date_gmt":"2021-04-06T20:48:33","guid":{"rendered":"http:\/\/macgal-wordpress.server.worgoo.com\/?page_id=9715"},"modified":"2022-06-01T09:59:04","modified_gmt":"2022-06-01T09:59:04","slug":"sigara-otomati-goya-12","status":"publish","type":"page","link":"https:\/\/macgal-wordpress.server.worgoo.com\/en\/detay\/otomatlar\/sigara-otomatlari\/goya-12\/","title":{"rendered":"Goya-12"},"content":{"rendered":"<div class=\"vc-custom-col-spacing clearfix vc-col-spacing-30\"><section class=\"wpb_row vc_row-fluid row-content-position-Default\"><div class=\"bauer-container\"><div class=\"row-inner clearfix\"><div class=\"wpb_column vc_column_container vc_col-sm-2\/5\"><div class=\"vc_column-inner\"><div class=\"wpb_wrapper\"><h2 class=\"bauer-text clearfix \" style=\"\"><div class=\"eg-filmstrip-wrap eg-wrap\" data-lightbox-type=\"magnific_popup\"\n     data-gallery-id=\"eoPMAq8QHy\"\n     data-lightbox-status=\"true\"\n          >\n         \n    <div class=\"eg-filmstrip-outer-wrap eg-filmstrip-outer-layout-4\">\n        <div class=\"eg-filmstrip-items-outerwrap\">\n            <div class=\"eg-filmstrip-items-wrap eg-filmstrip-layout-4\"\n                 data-pause-duration=\"2500\"\n                 data-transition-duration=\"500\"\n                 data-mode=\"fade\"\n                 data-next-previous-controls=\"false\"\n                 data-play-pause-controls=\"false\"\n                 data-auto-start=\"false\"\n                 data-adaptive-height=\"false\"\n                 data-pager=\"false\"\n                 data-pager-type=\"full\"\n                 data-filmstrip-id=\"jxT6iDe5eQ\"\n\n                 >\n                     <div class=\"eg-each-item eg-overlay-layout-2 \" data-eg-item-key=\"eg_item_8GrQ4rm98tSZgnw\">\n    \n\n            <div class=\"eg-masonary-padding\">\n            <div class=\"eg-overlay-wrapper\" onclick=\"\">\n\n                <a href=\"https:\/\/macgal-wordpress.server.worgoo.com\/wp-content\/uploads\/2021\/04\/goya12.jpg\"\n                   data-lightbox-type=\"magnific_popup\"\n                   rel=\"prettyPhoto[gallery_19]\"\n                   title=\"\"\n                   data-item-type=\"image\"\n                   data-index=\"1\"\n                   data-total-items=\"1\"\n                   >\n                    <img decoding=\"async\" src=\"https:\/\/macgal-wordpress.server.worgoo.com\/wp-content\/uploads\/2021\/04\/goya12.jpg\" alt=\"Goya12\"\/>\n                <\/a>\n                <div class=\"eg-mask\">\n                    <div class=\"eg-inner-wrapper\">\n                        <div class=\"eg-content-holder\">\r\n            <div class=\"eg-button-holder\">\r\n                            <a href=\"javascript:void(0);\" class=\"eg-zoom\"><i class=\"fa fa-search\" aria-hidden=\"true\"><\/i><\/a>\r\n                                <\/div>\r\n            <\/div>                    <\/div>\n                    <span class=\"add\" style=\"display: none\">\n                        <i class=\"fa fa-plus\"><\/i>\n                    <\/span>\n                                    <\/div>\n                <div class=\"slider-overlay\"><\/div>\n                            <\/div>\n                    <\/div>\n        <!---Blog Layout -->\n<\/div>            <\/div>\n        <\/div>\n        <div class=\"eg-filmstrip-pager-outerwrap\">\n            <div class=\"eg-filmstrip-pager\" id=\"eg-pager-jxT6iDe5eQ\" data-min-slides=\"4\" data-max-slides=\"5\" data-slide-width=\"170\" data-move-slides=\"1\">\n                                        <a href=\"\" data-slide-index=\"0\">\n                            <img decoding=\"async\" src=\"https:\/\/macgal-wordpress.server.worgoo.com\/wp-content\/uploads\/2021\/04\/goya12-700x700.jpg\" alt=\"Goya12\"\/>\n                            <div class=\"eg-filmstrip-caption\" style=\"display:none;\">\n                                <span class=\"eg-title\" style=\"display:none\">Goya12<\/span>\n                                <p><\/p>\n                            <\/div>\n                        <\/a>\n\n                                    <\/div>\n            <div class=\"eg-flimstrip-caption-tooltip\"><\/div>\n\n        <\/div>\n    <\/div>\n<\/div>\n\n\n            <style>\r\n            .mfp-arrow {\n    position: absolute;\n    opacity: 0.65;\n    filter: alpha(opacity=65);\n    margin: 0;\n    top: 50%;\n    margin-top: 0px;\n    padding: 2px;\n    width: px;\n    height: 100px;\n    border-radius: 3px;\n    -webkit-tap-highlight-color: rgba(0, 0, 0, 0);\n}<\/style>\r\n            \n<\/h2><\/div><\/div><\/div><div class=\"wpb_column vc_column_container vc_col-sm-3\/5\"><div class=\"vc_column-inner\"><div class=\"wpb_wrapper\">\r\n\t<div class=\"bauer-spacer clearfix\" data-desktop=\"60\" data-mobi=\"30\" data-smobi=\"30\"><\/div><div class=\"bauer-headings clearfix \"  style=\"\"><h2 class=\"heading clearfix \" style=\"margin-bottom:30px;\">\r\n\t\tGoya-12\r\n\t<\/h2><\/div><div class=\"bauer-text clearfix \" style=\"color:#000000;\"><p>Zarif g\u00f6r\u00fcnt\u00fcs\u00fc ve kusursuz \u015fekli ile di\u011fer sigara makinelerinden \u00e7ok farkl\u0131. Geli\u015ftirilmi\u015f en ileri teknoloji ile \u00fcretilmi\u015f en sa\u011flam materyal.<br \/>\nM\u00fckemmel mekanizma ile birle\u015ftirilmi\u015f i\u00e7 kabini size en y\u00fcksek kapasite imk\u00e2n\u0131 verir. Ayr\u0131ca kas\u0131tl\u0131 darbelere dayan\u0131kl\u0131 sistem ile g\u00fc\u00e7lendirilmi\u015f d\u0131\u015f y\u00fczey.<\/p>\n<\/div>\r\n\t<div class=\"bauer-spacer clearfix\" data-desktop=\"30\" data-mobi=\"20\" data-smobi=\"20\"><\/div><div class=\"button-wrap icon-right\" style=\"\" ><a href=\"\/iletisim\/\" target=\"_self\" class=\"bauer-button btn-1309636541 medium no_icon accent\" style=\"border-radius:30px;\"  data-text=\"#ffffff\" data-text-hover=\"#f35c27\" data-background-hover=\"#ffffff\">\r\n\t\t<span style=\"\">TEKL\u0130F AL <\/span>\r\n\t<\/a><\/div>\r\n\t<div class=\"bauer-spacer clearfix\" data-desktop=\"60\" data-mobi=\"30\" data-smobi=\"30\"><\/div><\/div><\/div><\/div><\/div><\/div><\/section><\/div><div class=\"vc-custom-col-spacing clearfix vc-col-spacing-30\"><section class=\"wpb_row vc_row-fluid row-content-position-Default\"><div class=\"bauer-container\"><div class=\"row-inner clearfix\"><div class=\"wpb_column vc_column_container vc_col-sm-12\"><div class=\"vc_column-inner\"><div class=\"wpb_wrapper\">\r\n\t<div class=\"bauer-spacer clearfix\" data-desktop=\"50\" data-mobi=\"50\" data-smobi=\"50\"><\/div>\r\n\t<div class=\"bauer-tabs clearfix style-1\"><ul class=\"tab-title clearfix\"><\/ul><div class=\"tab-content-wrap\"><div class=\"tab-content \" style=\"\"><li class=\"item-title\" style=\"\">\r\n\t\t\t<span class=\"inner\" style=\"\">\r\n\t\t\t\tA\u00e7\u0131klama\r\n\t\t\t<\/span>\r\n\t\t<\/li><div class=\"item-content\" style=\"\"><p>Arkadan ayd\u0131nlatmal\u0131 reklam paneli, tu\u015f tak\u0131m\u0131 ve \u00fcr\u00fcn se\u00e7im tu\u015flar\u0131.<br \/>\n\u00c7\u00fcr\u00fcmeye ve paslanmaya dayan\u0131kl\u0131 mataryel.<br \/>\nMDB yada executive ba\u011flant\u0131 birimi.<br \/>\n5 farkl\u0131 t\u00fcrde madeni para \u00fcst\u00fc verme imkan\u0131.<br \/>\n\u0130stenildi\u011fi takdirde ka\u011f\u0131t para ve kart okuyucu ile birlikte \u00e7al\u0131\u015fabilme.<br \/>\nDikey depolama kanallar\u0131 ile kolay doldurma imkan\u0131.<br \/>\nUsp ile kontrol edilebilen Animasyonlu grafik ekran.<br \/>\n\u00dcr\u00fcn bitince uyar\u0131 verme sistemi.<br \/>\nMaksimum g\u00fc\u00e7 t\u00fcketimi 30 wat.<\/p>\n<\/div><\/div><div class=\"tab-content \" style=\"\"><li class=\"item-title\" style=\"\">\r\n\t\t\t<span class=\"inner\" style=\"\">\r\n\t\t\t\tTeknik \u00d6zellikler\r\n\t\t\t<\/span>\r\n\t\t<\/li><div class=\"item-content\" style=\"\"><p>\u00d6l\u00e7\u00fcler: 1600 x 478 x 415 mm<br \/>\nA\u011f\u0131rl\u0131k: 97 kg<\/p>\n<\/div><\/div><div class=\"tab-content \" style=\"\"><li class=\"item-title\" style=\"\">\r\n\t\t\t<span class=\"inner\" style=\"\">\r\n\t\t\t\tKapasite\r\n\t\t\t<\/span>\r\n\t\t<\/li><div class=\"item-content\" style=\"\"><p>Se\u00e7im butonlar\u0131: 24 adet<br \/>\nHer biri 40 paket alan 7\u00a0kanal.<br \/>\nHer biri 38 paket alan 5\u00a0kanal<br \/>\nToplam: 470\u00a0paket.<\/p>\n<\/div><\/div>\n<\/div><\/div><\/div><\/div><\/div><\/div><\/div><\/section><\/div>\n","protected":false},"excerpt":{"rendered":"Goya12 Goya-12 Zarif g\u00f6r\u00fcnt\u00fcs\u00fc ve kusursuz \u015fekli ile di\u011fer sigara makinelerinden \u00e7ok farkl\u0131. Geli\u015ftirilmi\u015f en ileri teknoloji ile \u00fcretilmi\u015f en sa\u011flam materyal. M\u00fckemmel mekanizma ile birle\u015ftirilmi\u015f i\u00e7 kabini size en y\u00fcksek kapasite imk\u00e2n\u0131 verir. Ayr\u0131ca kas\u0131tl\u0131 darbelere dayan\u0131kl\u0131 sistem ile g\u00fc\u00e7lendirilmi\u015f d\u0131\u015f y\u00fczey. TEKL\u0130F AL A\u00e7\u0131klama Arkadan ayd\u0131nlatmal\u0131 reklam paneli,","protected":false},"author":1,"featured_media":0,"parent":0,"menu_order":0,"comment_status":"closed","ping_status":"closed","template":"","meta":{"footnotes":""},"class_list":["post-9715","page","type-page","status-publish","hentry"],"_links":{"self":[{"href":"https:\/\/macgal-wordpress.server.worgoo.com\/en\/wp-json\/wp\/v2\/pages\/9715","targetHints":{"allow":["GET"]}}],"collection":[{"href":"https:\/\/macgal-wordpress.server.worgoo.com\/en\/wp-json\/wp\/v2\/pages"}],"about":[{"href":"https:\/\/macgal-wordpress.server.worgoo.com\/en\/wp-json\/wp\/v2\/types\/page"}],"author":[{"embeddable":true,"href":"https:\/\/macgal-wordpress.server.worgoo.com\/en\/wp-json\/wp\/v2\/users\/1"}],"replies":[{"embeddable":true,"href":"https:\/\/macgal-wordpress.server.worgoo.com\/en\/wp-json\/wp\/v2\/comments?post=9715"}],"version-history":[{"count":0,"href":"https:\/\/macgal-wordpress.server.worgoo.com\/en\/wp-json\/wp\/v2\/pages\/9715\/revisions"}],"wp:attachment":[{"href":"https:\/\/macgal-wordpress.server.worgoo.com\/en\/wp-json\/wp\/v2\/media?parent=9715"}],"curies":[{"name":"wp","href":"https:\/\/api.w.org\/{rel}","templated":true}]}}