{"id":9624,"date":"2021-04-06T16:01:05","date_gmt":"2021-04-06T16:01:05","guid":{"rendered":"http:\/\/macgal-wordpress.server.worgoo.com\/?page_id=9624"},"modified":"2022-06-01T09:52:19","modified_gmt":"2022-06-01T09:52:19","slug":"artic-600","status":"publish","type":"page","link":"https:\/\/macgal-wordpress.server.worgoo.com\/en\/detay\/otomatlar\/soguk-icecek-otomatlari\/artic-600\/","title":{"rendered":"Artic-600"},"content":{"rendered":"<div class=\"vc-custom-col-spacing clearfix vc-col-spacing-30\"><section class=\"wpb_row vc_row-fluid row-content-position-Default\"><div class=\"bauer-container\"><div class=\"row-inner clearfix\"><div class=\"wpb_column vc_column_container vc_col-sm-2\/5\"><div class=\"vc_column-inner\"><div class=\"wpb_wrapper\"><h2 class=\"bauer-text clearfix \" style=\"\"><div class=\"eg-filmstrip-wrap eg-wrap\" data-lightbox-type=\"magnific_popup\"\n     data-gallery-id=\"PAoHF41w6r\"\n     data-lightbox-status=\"true\"\n          >\n         \n    <div class=\"eg-filmstrip-outer-wrap eg-filmstrip-outer-layout-4\">\n        <div class=\"eg-filmstrip-items-outerwrap\">\n            <div class=\"eg-filmstrip-items-wrap eg-filmstrip-layout-4\"\n                 data-pause-duration=\"2500\"\n                 data-transition-duration=\"500\"\n                 data-mode=\"fade\"\n                 data-next-previous-controls=\"false\"\n                 data-play-pause-controls=\"false\"\n                 data-auto-start=\"false\"\n                 data-adaptive-height=\"false\"\n                 data-pager=\"false\"\n                 data-pager-type=\"full\"\n                 data-filmstrip-id=\"CynOFsWo9K\"\n\n                 >\n                     <div class=\"eg-each-item eg-overlay-layout-2 \" data-eg-item-key=\"eg_item_9j5Mwlzvr19CD5E\">\n    \n\n            <div class=\"eg-masonary-padding\">\n            <div class=\"eg-overlay-wrapper\" onclick=\"\">\n\n                <a href=\"https:\/\/macgal-wordpress.server.worgoo.com\/wp-content\/uploads\/2021\/04\/artic-600-1.jpg\"\n                   data-lightbox-type=\"magnific_popup\"\n                   rel=\"prettyPhoto[gallery_24]\"\n                   title=\"\"\n                   data-item-type=\"image\"\n                   data-index=\"1\"\n                   data-total-items=\"1\"\n                   >\n                    <img decoding=\"async\" src=\"https:\/\/macgal-wordpress.server.worgoo.com\/wp-content\/uploads\/2021\/04\/artic-600-1.jpg\" alt=\"Artic-600\"\/>\n                <\/a>\n                <div class=\"eg-mask\">\n                    <div class=\"eg-inner-wrapper\">\n                        <div class=\"eg-content-holder\">\r\n            <div class=\"eg-button-holder\">\r\n                            <a href=\"javascript:void(0);\" class=\"eg-zoom\"><i class=\"fa fa-search\" aria-hidden=\"true\"><\/i><\/a>\r\n                                <\/div>\r\n            <\/div>                    <\/div>\n                    <span class=\"add\" style=\"display: none\">\n                        <i class=\"fa fa-plus\"><\/i>\n                    <\/span>\n                                    <\/div>\n                <div class=\"slider-overlay\"><\/div>\n                            <\/div>\n                    <\/div>\n        <!---Blog Layout -->\n<\/div>            <\/div>\n        <\/div>\n        <div class=\"eg-filmstrip-pager-outerwrap\">\n            <div class=\"eg-filmstrip-pager\" id=\"eg-pager-CynOFsWo9K\" data-min-slides=\"4\" data-max-slides=\"5\" data-slide-width=\"170\" data-move-slides=\"1\">\n                                        <a href=\"\" data-slide-index=\"0\">\n                            <img decoding=\"async\" src=\"https:\/\/macgal-wordpress.server.worgoo.com\/wp-content\/uploads\/2021\/04\/artic-600-1-700x700.jpg\" alt=\"Artic-600\"\/>\n                            <div class=\"eg-filmstrip-caption\" style=\"display:none;\">\n                                <span class=\"eg-title\" style=\"display:none\">Artic-600<\/span>\n                                <p><\/p>\n                            <\/div>\n                        <\/a>\n\n                                    <\/div>\n            <div class=\"eg-flimstrip-caption-tooltip\"><\/div>\n\n        <\/div>\n    <\/div>\n<\/div>\n\n\n            <style>\r\n            .mfp-arrow {\n    position: absolute;\n    opacity: 0.65;\n    filter: alpha(opacity=65);\n    margin: 0;\n    top: 50%;\n    margin-top: 0px;\n    padding: 2px;\n    width: px;\n    height: 100px;\n    border-radius: 3px;\n    -webkit-tap-highlight-color: rgba(0, 0, 0, 0);\n}<\/style>\r\n            \n<\/h2><\/div><\/div><\/div><div class=\"wpb_column vc_column_container vc_col-sm-3\/5\"><div class=\"vc_column-inner\"><div class=\"wpb_wrapper\">\r\n\t<div class=\"bauer-spacer clearfix\" data-desktop=\"60\" data-mobi=\"30\" data-smobi=\"30\"><\/div><div class=\"bauer-headings clearfix \"  style=\"\"><h2 class=\"heading clearfix \" style=\"margin-bottom:30px;\">\r\n\t\tArtic-600\r\n\t<\/h2><\/div><div class=\"bauer-text clearfix \" style=\"color:#000000;\"><p>So\u011fuk i\u00e7ecekler otomat sekt\u00f6r\u00fcnde her zaman en pop\u00fcler \u00fcr\u00fcn olmu\u015flard\u0131r. \u0130\u015fte bu y\u00fczden jofemar&#8217;\u0131n, dayan\u0131kl\u0131l\u0131\u011f\u0131 ile kendini kan\u0131tlam\u0131\u015f ve kusursuz i\u015fleyi\u015fiyle \u00fcretti\u011fi otomatlar pazarda en \u00fcstlerde yer almaktad\u0131r. Yenilik\u00e7i sistem sayesinde \u00fcr\u00fcn kapasitesinin artt\u0131r\u0131lmas\u0131n\u0131n yan\u0131nda \u00fcr\u00fcn\u00fcn verili\u015fi s\u0131ras\u0131nda da olu\u015fabilecek hasarlar \u00f6nlenmi\u015f olunuyor. Dayan\u0131kl\u0131 tasar\u0131m\u0131 sayesinde kas\u0131tl\u0131 darbelere kar\u015f\u0131 \u00fcst seviye koruma sa\u011flar ve g\u00fcvenli kurulumu ile de h\u0131rs\u0131zlara kar\u015f\u0131 en iyi materyal kullan\u0131lm\u0131\u015ft\u0131r.<\/p>\n<\/div>\r\n\t<div class=\"bauer-spacer clearfix\" data-desktop=\"30\" data-mobi=\"20\" data-smobi=\"20\"><\/div><div class=\"button-wrap icon-right\" style=\"\" ><a href=\"\/iletisim\/\" target=\"_self\" class=\"bauer-button btn-715226127 medium no_icon accent\" style=\"border-radius:30px;\"  data-text=\"#ffffff\" data-text-hover=\"#f35c27\" data-background-hover=\"#ffffff\">\r\n\t\t<span style=\"\">TEKL\u0130F AL <\/span>\r\n\t<\/a><\/div>\r\n\t<div class=\"bauer-spacer clearfix\" data-desktop=\"60\" data-mobi=\"30\" data-smobi=\"30\"><\/div><\/div><\/div><\/div><\/div><\/div><\/section><\/div><div class=\"vc-custom-col-spacing clearfix vc-col-spacing-30\"><section class=\"wpb_row vc_row-fluid row-content-position-Default\"><div class=\"bauer-container\"><div class=\"row-inner clearfix\"><div class=\"wpb_column vc_column_container vc_col-sm-12\"><div class=\"vc_column-inner\"><div class=\"wpb_wrapper\">\r\n\t<div class=\"bauer-spacer clearfix\" data-desktop=\"50\" data-mobi=\"50\" data-smobi=\"50\"><\/div>\r\n\t<div class=\"bauer-tabs clearfix style-1\"><ul class=\"tab-title clearfix\"><\/ul><div class=\"tab-content-wrap\"><div class=\"tab-content \" style=\"\"><li class=\"item-title\" style=\"\">\r\n\t\t\t<span class=\"inner\" style=\"\">\r\n\t\t\t\tA\u00e7\u0131klama\r\n\t\t\t<\/span>\r\n\t\t<\/li><div class=\"item-content\" style=\"\"><p>\u00d6l\u00e7\u00fcler: 1825 x 1000 x 856 mm<br \/>\nA\u011f\u0131rl\u0131k: 340 kg<\/p>\n<\/div><\/div><div class=\"tab-content \" style=\"\"><li class=\"item-title\" style=\"\">\r\n\t\t\t<span class=\"inner\" style=\"\">\r\n\t\t\t\tTeknik \u00d6zellikler\r\n\t\t\t<\/span>\r\n\t\t<\/li><div class=\"item-content\" style=\"\"><p>\u00d6l\u00e7\u00fcler: 1848 x 1136 x 865 mm<br \/>\nA\u011f\u0131rl\u0131k: 425 kg <\/p>\n<\/div><\/div><div class=\"tab-content \" style=\"\"><li class=\"item-title\" style=\"\">\r\n\t\t\t<span class=\"inner\" style=\"\">\r\n\t\t\t\tKapasite\r\n\t\t\t<\/span>\r\n\t\t<\/li><div class=\"item-content\" style=\"\"><p>600 teneke kutu, 324 pet \u015fi\u015fe 0,5 lt, ayarlanabilir kanallar\u0131n her birisine 60 teneke kutu veya 54 \u015fi\u015fe konulabilir.<\/p>\n<\/div><\/div><div class=\"tab-content \" style=\"\"><li class=\"item-title\" style=\"\">\r\n\t\t\t<span class=\"inner\" style=\"\">\r\n\t\t\t\tMalzeme Yap\u0131s\u0131\r\n\t\t\t<\/span>\r\n\t\t<\/li><div class=\"item-content\" style=\"\"><p>1.5 mm incelikte paslanmaz \u00e7elik korumal\u0131 d\u0131\u015f k\u0131s\u0131m.<br \/>\nGeni\u015fletilmi\u015f poli\u00fcretan \u0131s\u0131 izolasyonu.<br \/>\nA\u00e7\u0131k alanlarda demir materyallerle a\u00e7\u0131lmay\u0131 \u00f6nleyen g\u00fcvenlik kilidi.<\/p>\n<\/div><\/div>\n<\/div><\/div><\/div><\/div><\/div><\/div><\/div><\/section><\/div><div class=\"vc-custom-col-spacing clearfix vc-col-spacing-30\"><section class=\"wpb_row vc_row-fluid row-content-position-Default\"><div class=\"bauer-container\"><div class=\"row-inner clearfix\"><div class=\"wpb_column vc_column_container vc_col-sm-12\"><div class=\"vc_column-inner\"><div class=\"wpb_wrapper\">\r\n\t<div class=\"bauer-spacer clearfix\" data-desktop=\"50\" data-mobi=\"50\" data-smobi=\"50\"><\/div><div class=\"bauer-headings clearfix \"  style=\"\"><h2 class=\"heading clearfix \" style=\"\">\r\n\t\tBenzer \u00dcr\u00fcnler\r\n\t<\/h2><\/div>\r\n\t<div class=\"bauer-spacer clearfix\" data-desktop=\"20\" data-mobi=\"10\" data-smobi=\"10\"><\/div><div class=\"bauer-content-box clearfix\" ><div class=\"vc-custom-col-inner-spacing clearfix vc-col-inner-spacing-30\"><div class=\"wpb_row vc_inner vc_row-fluid\"><div class=\"wpb_column vc_column_container vc_col-sm-3\"><div class=\"vc_column-inner\"><div class=\"wpb_wrapper\">\r\n\t<div class=\"bauer-spacer clearfix\" data-desktop=\"20\" data-mobi=\"20\" data-smobi=\"20\"><\/div><div class=\"bauer-image-box clearfix style-3 text-center\" style=\"\" >\r\n        <div class=\"item\">\r\n            <div class=\"inner\">\r\n                <div class=\"thumb\" style=\"\"><img loading=\"lazy\" decoding=\"async\" width=\"450\" height=\"464\" src=\"https:\/\/macgal-wordpress.server.worgoo.com\/wp-content\/uploads\/2021\/04\/macgal-s-711.jpg\" class=\"attachment-full size-full\" alt=\"\" srcset=\"https:\/\/macgal-wordpress.server.worgoo.com\/wp-content\/uploads\/2021\/04\/macgal-s-711.jpg 450w, https:\/\/macgal-wordpress.server.worgoo.com\/wp-content\/uploads\/2021\/04\/macgal-s-711-291x300.jpg 291w\" sizes=\"auto, (max-width: 450px) 100vw, 450px\" \/> <div class=\"hover-layer\"><a href=\"\/macgal-s-711-otomat\/\" class=\"icon\"><span class=\"elegant-icon_plus_alt\"><\/span><\/a><\/div><\/div>\r\n                <div class=\"text-wrap \" style=\" padding:20px 5px 20px 5px;\">\r\n                    <h3 class=\"title\" style=\"\">\r\n            <a href=\"\/macgal-s-711-otomat\/\">\r\n                Magma S 711 AL\r\n            <\/a>\r\n        <\/h3>  \r\n                <\/div>\r\n                \r\n            <\/div>\r\n        <\/div>\r\n    <\/div><\/div><\/div><\/div><div class=\"wpb_column vc_column_container vc_col-sm-3\"><div class=\"vc_column-inner\"><div class=\"wpb_wrapper\">\r\n\t<div class=\"bauer-spacer clearfix\" data-desktop=\"20\" data-mobi=\"20\" data-smobi=\"20\"><\/div><div class=\"bauer-image-box clearfix style-3 text-center\" style=\"\" >\r\n        <div class=\"item\">\r\n            <div class=\"inner\">\r\n                <div class=\"thumb\" style=\"\"><img loading=\"lazy\" decoding=\"async\" width=\"450\" height=\"464\" src=\"https:\/\/macgal-wordpress.server.worgoo.com\/wp-content\/uploads\/2021\/04\/C\u0327alis\u0327ma-yu\u0308zeyi-1-kopya-3.jpg\" class=\"attachment-full size-full\" alt=\"\" srcset=\"https:\/\/macgal-wordpress.server.worgoo.com\/wp-content\/uploads\/2021\/04\/C\u0327alis\u0327ma-yu\u0308zeyi-1-kopya-3.jpg 450w, https:\/\/macgal-wordpress.server.worgoo.com\/wp-content\/uploads\/2021\/04\/C\u0327alis\u0327ma-yu\u0308zeyi-1-kopya-3-291x300.jpg 291w\" sizes=\"auto, (max-width: 450px) 100vw, 450px\" \/> <div class=\"hover-layer\"><a href=\"\/Vision-multiseller\/\" class=\"icon\"><span class=\"elegant-icon_plus_alt\"><\/span><\/a><\/div><\/div>\r\n                <div class=\"text-wrap \" style=\" padding:20px 5px 20px 5px;\">\r\n                    <h3 class=\"title\" style=\"\">\r\n            <a href=\"\/Vision-multiseller\/\">\r\n                Vision Multiseller\r\n            <\/a>\r\n        <\/h3>  \r\n                <\/div>\r\n                \r\n            <\/div>\r\n        <\/div>\r\n    <\/div><\/div><\/div><\/div><div class=\"wpb_column vc_column_container vc_col-sm-3\"><div class=\"vc_column-inner\"><div class=\"wpb_wrapper\">\r\n\t<div class=\"bauer-spacer clearfix\" data-desktop=\"20\" data-mobi=\"20\" data-smobi=\"20\"><\/div><div class=\"bauer-image-box clearfix style-3 text-center\" style=\"\" >\r\n        <div class=\"item\">\r\n            <div class=\"inner\">\r\n                <div class=\"thumb\" style=\"\"><img loading=\"lazy\" decoding=\"async\" width=\"450\" height=\"464\" src=\"https:\/\/macgal-wordpress.server.worgoo.com\/wp-content\/uploads\/2021\/04\/yiotomatlariC\u0327alis\u0327ma-yu\u0308zeyi-1-kopya-4.jpg\" class=\"attachment-full size-full\" alt=\"\" srcset=\"https:\/\/macgal-wordpress.server.worgoo.com\/wp-content\/uploads\/2021\/04\/yiotomatlariC\u0327alis\u0327ma-yu\u0308zeyi-1-kopya-4.jpg 450w, https:\/\/macgal-wordpress.server.worgoo.com\/wp-content\/uploads\/2021\/04\/yiotomatlariC\u0327alis\u0327ma-yu\u0308zeyi-1-kopya-4-291x300.jpg 291w\" sizes=\"auto, (max-width: 450px) 100vw, 450px\" \/> <div class=\"hover-layer\"><a href=\"\/Vision-Snack-Plus\/\" class=\"icon\"><span class=\"elegant-icon_plus_alt\"><\/span><\/a><\/div><\/div>\r\n                <div class=\"text-wrap \" style=\" padding:20px 5px 20px 5px;\">\r\n                    <h3 class=\"title\" style=\"\">\r\n            <a href=\"\/Vision-Snack-Plus\/\">\r\n                Vision Snack Plus\r\n            <\/a>\r\n        <\/h3>  \r\n                <\/div>\r\n                \r\n            <\/div>\r\n        <\/div>\r\n    <\/div><\/div><\/div><\/div><div class=\"wpb_column vc_column_container vc_col-sm-3\"><div class=\"vc_column-inner\"><div class=\"wpb_wrapper\">\r\n\t<div class=\"bauer-spacer clearfix\" data-desktop=\"20\" data-mobi=\"20\" data-smobi=\"20\"><\/div><div class=\"bauer-image-box clearfix style-3 text-center\" style=\"\" >\r\n        <div class=\"item\">\r\n            <div class=\"inner\">\r\n                <div class=\"thumb\" style=\"\"><img loading=\"lazy\" decoding=\"async\" width=\"450\" height=\"464\" src=\"https:\/\/macgal-wordpress.server.worgoo.com\/wp-content\/uploads\/2021\/04\/vcm-5000.jpg\" class=\"attachment-full size-full\" alt=\"\" srcset=\"https:\/\/macgal-wordpress.server.worgoo.com\/wp-content\/uploads\/2021\/04\/vcm-5000.jpg 450w, https:\/\/macgal-wordpress.server.worgoo.com\/wp-content\/uploads\/2021\/04\/vcm-5000-291x300.jpg 291w\" sizes=\"auto, (max-width: 450px) 100vw, 450px\" \/> <div class=\"hover-layer\"><a href=\"http:\/\/macgal-wordpress.server.worgoo.com\/detay\/otomatlar\/yiyecek-icecek-otomatlari\/magma-s-710\/\" class=\"icon\"><span class=\"elegant-icon_plus_alt\"><\/span><\/a><\/div><\/div>\r\n                <div class=\"text-wrap \" style=\" padding:20px 5px 20px 5px;\">\r\n                    <h3 class=\"title\" style=\"\">\r\n            <a href=\"http:\/\/macgal-wordpress.server.worgoo.com\/detay\/otomatlar\/yiyecek-icecek-otomatlari\/magma-s-710\/\">\r\n                Magma S 710\r\n            <\/a>\r\n        <\/h3>  \r\n                <\/div>\r\n                \r\n            <\/div>\r\n        <\/div>\r\n    <\/div><\/div><\/div><\/div><\/div><\/div><\/div><\/div><\/div><\/div><\/div><\/div><\/section><\/div>\n","protected":false},"excerpt":{"rendered":"Artic-600 Artic-600 So\u011fuk i\u00e7ecekler otomat sekt\u00f6r\u00fcnde her zaman en pop\u00fcler \u00fcr\u00fcn olmu\u015flard\u0131r. \u0130\u015fte bu y\u00fczden jofemar'\u0131n, dayan\u0131kl\u0131l\u0131\u011f\u0131 ile kendini kan\u0131tlam\u0131\u015f ve kusursuz i\u015fleyi\u015fiyle \u00fcretti\u011fi otomatlar pazarda en \u00fcstlerde yer almaktad\u0131r. Yenilik\u00e7i sistem sayesinde \u00fcr\u00fcn kapasitesinin artt\u0131r\u0131lmas\u0131n\u0131n yan\u0131nda \u00fcr\u00fcn\u00fcn verili\u015fi s\u0131ras\u0131nda da olu\u015fabilecek hasarlar \u00f6nlenmi\u015f olunuyor. Dayan\u0131kl\u0131 tasar\u0131m\u0131 sayesinde kas\u0131tl\u0131 darbelere","protected":false},"author":1,"featured_media":0,"parent":0,"menu_order":0,"comment_status":"closed","ping_status":"closed","template":"","meta":{"footnotes":""},"class_list":["post-9624","page","type-page","status-publish","hentry"],"_links":{"self":[{"href":"https:\/\/macgal-wordpress.server.worgoo.com\/en\/wp-json\/wp\/v2\/pages\/9624","targetHints":{"allow":["GET"]}}],"collection":[{"href":"https:\/\/macgal-wordpress.server.worgoo.com\/en\/wp-json\/wp\/v2\/pages"}],"about":[{"href":"https:\/\/macgal-wordpress.server.worgoo.com\/en\/wp-json\/wp\/v2\/types\/page"}],"author":[{"embeddable":true,"href":"https:\/\/macgal-wordpress.server.worgoo.com\/en\/wp-json\/wp\/v2\/users\/1"}],"replies":[{"embeddable":true,"href":"https:\/\/macgal-wordpress.server.worgoo.com\/en\/wp-json\/wp\/v2\/comments?post=9624"}],"version-history":[{"count":0,"href":"https:\/\/macgal-wordpress.server.worgoo.com\/en\/wp-json\/wp\/v2\/pages\/9624\/revisions"}],"wp:attachment":[{"href":"https:\/\/macgal-wordpress.server.worgoo.com\/en\/wp-json\/wp\/v2\/media?parent=9624"}],"curies":[{"name":"wp","href":"https:\/\/api.w.org\/{rel}","templated":true}]}}