{"id":9614,"date":"2021-04-06T15:31:38","date_gmt":"2021-04-06T15:31:38","guid":{"rendered":"http:\/\/macgal-wordpress.server.worgoo.com\/?page_id=9614"},"modified":"2021-04-07T18:47:21","modified_gmt":"2021-04-07T18:47:21","slug":"s-500","status":"publish","type":"page","link":"https:\/\/macgal-wordpress.server.worgoo.com\/en\/detay\/otomatlar\/sicak-icecek-otomatlari\/s-500\/","title":{"rendered":"S-500"},"content":{"rendered":"<div class=\"vc-custom-col-spacing clearfix vc-col-spacing-30\"><section class=\"wpb_row vc_row-fluid row-content-position-Default\"><div class=\"bauer-container\"><div class=\"row-inner clearfix\"><div class=\"wpb_column vc_column_container vc_col-sm-2\/5\"><div class=\"vc_column-inner\"><div class=\"wpb_wrapper\"><h2 class=\"bauer-text clearfix \" style=\"\"><div class=\"eg-filmstrip-wrap eg-wrap\" data-lightbox-type=\"magnific_popup\"\n     data-gallery-id=\"drm3I7FRSu\"\n     data-lightbox-status=\"true\"\n          >\n         \n    <div class=\"eg-filmstrip-outer-wrap eg-filmstrip-outer-layout-4\">\n        <div class=\"eg-filmstrip-items-outerwrap\">\n            <div class=\"eg-filmstrip-items-wrap eg-filmstrip-layout-4\"\n                 data-pause-duration=\"2500\"\n                 data-transition-duration=\"500\"\n                 data-mode=\"fade\"\n                 data-next-previous-controls=\"false\"\n                 data-play-pause-controls=\"false\"\n                 data-auto-start=\"false\"\n                 data-adaptive-height=\"false\"\n                 data-pager=\"false\"\n                 data-pager-type=\"full\"\n                 data-filmstrip-id=\"GBtgY3TDAt\"\n\n                 >\n                     <div class=\"eg-each-item eg-overlay-layout-2 \" data-eg-item-key=\"eg_item_sFw97ESqXWjTMCH\">\n    \n\n            <div class=\"eg-masonary-padding\">\n            <div class=\"eg-overlay-wrapper\" onclick=\"\">\n\n                <a href=\"https:\/\/macgal-wordpress.server.worgoo.com\/wp-content\/uploads\/2021\/04\/coffemar-S-500.jpg\"\n                   data-lightbox-type=\"magnific_popup\"\n                   rel=\"prettyPhoto[gallery_11]\"\n                   title=\"\"\n                   data-item-type=\"image\"\n                   data-index=\"1\"\n                   data-total-items=\"1\"\n                   >\n                    <img decoding=\"async\" src=\"https:\/\/macgal-wordpress.server.worgoo.com\/wp-content\/uploads\/2021\/04\/coffemar-S-500.jpg\" alt=\"Coffemar S-500\"\/>\n                <\/a>\n                <div class=\"eg-mask\">\n                    <div class=\"eg-inner-wrapper\">\n                        <div class=\"eg-content-holder\">\r\n            <div class=\"eg-button-holder\">\r\n                            <a href=\"javascript:void(0);\" class=\"eg-zoom\"><i class=\"fa fa-search\" aria-hidden=\"true\"><\/i><\/a>\r\n                                <\/div>\r\n            <\/div>                    <\/div>\n                    <span class=\"add\" style=\"display: none\">\n                        <i class=\"fa fa-plus\"><\/i>\n                    <\/span>\n                                    <\/div>\n                <div class=\"slider-overlay\"><\/div>\n                            <\/div>\n                    <\/div>\n        <!---Blog Layout -->\n<\/div>            <\/div>\n        <\/div>\n        <div class=\"eg-filmstrip-pager-outerwrap\">\n            <div class=\"eg-filmstrip-pager\" id=\"eg-pager-GBtgY3TDAt\" data-min-slides=\"4\" data-max-slides=\"5\" data-slide-width=\"170\" data-move-slides=\"1\">\n                                        <a href=\"\" data-slide-index=\"0\">\n                            <img decoding=\"async\" src=\"https:\/\/macgal-wordpress.server.worgoo.com\/wp-content\/uploads\/2021\/04\/coffemar-S-500-700x700.jpg\" alt=\"Coffemar S-500\"\/>\n                            <div class=\"eg-filmstrip-caption\" style=\"display:none;\">\n                                <span class=\"eg-title\" style=\"display:none\">Coffemar S-500<\/span>\n                                <p><\/p>\n                            <\/div>\n                        <\/a>\n\n                                    <\/div>\n            <div class=\"eg-flimstrip-caption-tooltip\"><\/div>\n\n        <\/div>\n    <\/div>\n<\/div>\n\n\n            <style>\r\n            .mfp-arrow {\n    position: absolute;\n    opacity: 0.65;\n    filter: alpha(opacity=65);\n    margin: 0;\n    top: 50%;\n    margin-top: 0px;\n    padding: 2px;\n    width: px;\n    height: 100px;\n    border-radius: 3px;\n    -webkit-tap-highlight-color: rgba(0, 0, 0, 0);\n}<\/style>\r\n            \n<\/h2><\/div><\/div><\/div><div class=\"wpb_column vc_column_container vc_col-sm-3\/5\"><div class=\"vc_column-inner\"><div class=\"wpb_wrapper\">\r\n\t<div class=\"bauer-spacer clearfix\" data-desktop=\"60\" data-mobi=\"30\" data-smobi=\"30\"><\/div><div class=\"bauer-headings clearfix \"  style=\"\"><h2 class=\"heading clearfix \" style=\"margin-bottom:30px;\">\r\n\t\tS-500\r\n\t<\/h2><\/div><div class=\"bauer-text clearfix \" style=\"color:#000000;\"><p>Jofemar otomatlar\u0131n\u0131n \u00f6nemli bir modeli olan S-500 instant coffe modeli \u00fcst\u00fcn teknoloji performans\u0131 sergiler. Mod\u00fcler bile\u015fenleri, kolay kullanabilen i\u00e7 yap\u0131s\u0131, mekanizmalar\u0131 ve bile\u015fenleriyle teknolojisiyle geride b\u0131rakan bir \u00fcr\u00fcnd\u00fcr.<br \/>\nHer damak zevkine uygun farkl\u0131 \u015fe\u00e7enekleri ile S\u00fct, Kahve, \u00c7ay, Espresso ve S\u0131cak \u00e7ikolata \u015fe\u00e7enekleri ile \u015fekerli ve \u015fekersiz s\u00fcrekli sizinle.<\/p>\n<\/div>\r\n\t<div class=\"bauer-spacer clearfix\" data-desktop=\"30\" data-mobi=\"20\" data-smobi=\"20\"><\/div><div class=\"button-wrap icon-right\" style=\"\" ><a href=\"\/iletisim\/\" target=\"_self\" class=\"bauer-button btn-642715042 medium no_icon accent\" style=\"border-radius:30px;\"  data-text=\"#ffffff\" data-text-hover=\"#f35c27\" data-background-hover=\"#ffffff\">\r\n\t\t<span style=\"\">TEKL\u0130F AL <\/span>\r\n\t<\/a><\/div>\r\n\t<div class=\"bauer-spacer clearfix\" data-desktop=\"60\" data-mobi=\"30\" data-smobi=\"30\"><\/div><\/div><\/div><\/div><\/div><\/div><\/section><\/div><div class=\"vc-custom-col-spacing clearfix vc-col-spacing-30\"><section class=\"wpb_row vc_row-fluid row-content-position-Default\"><div class=\"bauer-container\"><div class=\"row-inner clearfix\"><div class=\"wpb_column vc_column_container vc_col-sm-12\"><div class=\"vc_column-inner\"><div class=\"wpb_wrapper\">\r\n\t<div class=\"bauer-spacer clearfix\" data-desktop=\"50\" data-mobi=\"50\" data-smobi=\"50\"><\/div>\r\n\t<div class=\"bauer-tabs clearfix style-1\"><ul class=\"tab-title clearfix\"><\/ul><div class=\"tab-content-wrap\"><div class=\"tab-content \" style=\"\"><li class=\"item-title\" style=\"\">\r\n\t\t\t<span class=\"inner\" style=\"\">\r\n\t\t\t\tA\u00e7\u0131klama\r\n\t\t\t<\/span>\r\n\t\t<\/li><div class=\"item-content\" style=\"\"><p>Toplam 18 farkl\u0131 \u00fcr\u00fcn se\u00e7ene\u011fi<br \/>\nAyarlanabilir \u015feker miktar\u0131<br \/>\nLCD ekran<br \/>\nMicro i\u015flemcili elektronik anakart<br \/>\n\u00c7oklu dil se\u00e7ene\u011fi<br \/>\nHer t\u00fcrl\u00fc \u00f6deme sistemine sahip aray\u00fcz.<\/p>\n<\/div><\/div><div class=\"tab-content \" style=\"\"><li class=\"item-title\" style=\"\">\r\n\t\t\t<span class=\"inner\" style=\"\">\r\n\t\t\t\tTeknik \u00d6zellikler\r\n\t\t\t<\/span>\r\n\t\t<\/li><div class=\"item-content\" style=\"\"><p>\u00d6l\u00e7\u00fcler: 1820\u00a0x 600\u00a0x 600\u00a0mm.<br \/>\nA\u011f\u0131rl\u0131k: 147\u00a0kg<\/p>\n<\/div><\/div><div class=\"tab-content \" style=\"\"><li class=\"item-title\" style=\"\">\r\n\t\t\t<span class=\"inner\" style=\"\">\r\n\t\t\t\tKapasite\r\n\t\t\t<\/span>\r\n\t\t<\/li><div class=\"item-content\" style=\"\"><p>5 Adet instant kanister (kahve, \u00e7ay, s\u0131cak \u00e7ikolata, \u015feker, sahlep vb.)<br \/>\n500 adet bardak kapasitesi.<br \/>\n30lt su tank\u0131.<\/p>\n<\/div><\/div><div class=\"tab-content \" style=\"\"><li class=\"item-title\" style=\"\">\r\n\t\t\t<span class=\"inner\" style=\"\">\r\n\t\t\t\tMalzeme Yap\u0131s\u0131\r\n\t\t\t<\/span>\r\n\t\t<\/li><div class=\"item-content\" style=\"\"><p>Kas\u0131tl\u0131 darbelere dayan\u0131kl\u0131 \u00e7elik yap\u0131.<\/p>\n<\/div><\/div>\n<\/div><\/div><\/div><\/div><\/div><\/div><\/div><\/section><\/div><div class=\"vc-custom-col-spacing clearfix vc-col-spacing-30\"><section class=\"wpb_row vc_row-fluid row-content-position-Default\"><div class=\"bauer-container\"><div class=\"row-inner clearfix\"><div class=\"wpb_column vc_column_container vc_col-sm-12\"><div class=\"vc_column-inner\"><div class=\"wpb_wrapper\">\r\n\t<div class=\"bauer-spacer clearfix\" data-desktop=\"50\" data-mobi=\"50\" data-smobi=\"50\"><\/div><div class=\"bauer-headings clearfix \"  style=\"\"><h2 class=\"heading clearfix \" style=\"\">\r\n\t\tBenzer \u00dcr\u00fcnler\r\n\t<\/h2><\/div>\r\n\t<div class=\"bauer-spacer clearfix\" data-desktop=\"20\" data-mobi=\"10\" data-smobi=\"10\"><\/div><div class=\"bauer-content-box clearfix\" ><div class=\"vc-custom-col-inner-spacing clearfix vc-col-inner-spacing-30\"><div class=\"wpb_row vc_inner vc_row-fluid\"><div class=\"wpb_column vc_column_container vc_col-sm-3\"><div class=\"vc_column-inner\"><div class=\"wpb_wrapper\">\r\n\t<div class=\"bauer-spacer clearfix\" data-desktop=\"20\" data-mobi=\"20\" data-smobi=\"20\"><\/div><div class=\"bauer-image-box clearfix style-3 text-center\" style=\"\" >\r\n        <div class=\"item\">\r\n            <div class=\"inner\">\r\n                <div class=\"thumb\" style=\"\"><img loading=\"lazy\" decoding=\"async\" width=\"450\" height=\"464\" src=\"https:\/\/macgal-wordpress.server.worgoo.com\/wp-content\/uploads\/2021\/04\/macgal-s-711.jpg\" class=\"attachment-full size-full\" alt=\"\" srcset=\"https:\/\/macgal-wordpress.server.worgoo.com\/wp-content\/uploads\/2021\/04\/macgal-s-711.jpg 450w, https:\/\/macgal-wordpress.server.worgoo.com\/wp-content\/uploads\/2021\/04\/macgal-s-711-291x300.jpg 291w\" sizes=\"auto, (max-width: 450px) 100vw, 450px\" \/> <div class=\"hover-layer\"><a href=\"\/macgal-s-711-otomat\/\" class=\"icon\"><span class=\"elegant-icon_plus_alt\"><\/span><\/a><\/div><\/div>\r\n                <div class=\"text-wrap \" style=\" padding:20px 5px 20px 5px;\">\r\n                    <h3 class=\"title\" style=\"\">\r\n            <a href=\"\/macgal-s-711-otomat\/\">\r\n                Magma S 711 AL\r\n            <\/a>\r\n        <\/h3>  \r\n                <\/div>\r\n                \r\n            <\/div>\r\n        <\/div>\r\n    <\/div><\/div><\/div><\/div><div class=\"wpb_column vc_column_container vc_col-sm-3\"><div class=\"vc_column-inner\"><div class=\"wpb_wrapper\">\r\n\t<div class=\"bauer-spacer clearfix\" data-desktop=\"20\" data-mobi=\"20\" data-smobi=\"20\"><\/div><div class=\"bauer-image-box clearfix style-3 text-center\" style=\"\" >\r\n        <div class=\"item\">\r\n            <div class=\"inner\">\r\n                <div class=\"thumb\" style=\"\"><img loading=\"lazy\" decoding=\"async\" width=\"450\" height=\"464\" src=\"https:\/\/macgal-wordpress.server.worgoo.com\/wp-content\/uploads\/2021\/04\/C\u0327alis\u0327ma-yu\u0308zeyi-1-kopya-3.jpg\" class=\"attachment-full size-full\" alt=\"\" srcset=\"https:\/\/macgal-wordpress.server.worgoo.com\/wp-content\/uploads\/2021\/04\/C\u0327alis\u0327ma-yu\u0308zeyi-1-kopya-3.jpg 450w, https:\/\/macgal-wordpress.server.worgoo.com\/wp-content\/uploads\/2021\/04\/C\u0327alis\u0327ma-yu\u0308zeyi-1-kopya-3-291x300.jpg 291w\" sizes=\"auto, (max-width: 450px) 100vw, 450px\" \/> <div class=\"hover-layer\"><a href=\"\/Vision-multiseller\/\" class=\"icon\"><span class=\"elegant-icon_plus_alt\"><\/span><\/a><\/div><\/div>\r\n                <div class=\"text-wrap \" style=\" padding:20px 5px 20px 5px;\">\r\n                    <h3 class=\"title\" style=\"\">\r\n            <a href=\"\/Vision-multiseller\/\">\r\n                Vision Multiseller\r\n            <\/a>\r\n        <\/h3>  \r\n                <\/div>\r\n                \r\n            <\/div>\r\n        <\/div>\r\n    <\/div><\/div><\/div><\/div><div class=\"wpb_column vc_column_container vc_col-sm-3\"><div class=\"vc_column-inner\"><div class=\"wpb_wrapper\">\r\n\t<div class=\"bauer-spacer clearfix\" data-desktop=\"20\" data-mobi=\"20\" data-smobi=\"20\"><\/div><div class=\"bauer-image-box clearfix style-3 text-center\" style=\"\" >\r\n        <div class=\"item\">\r\n            <div class=\"inner\">\r\n                <div class=\"thumb\" style=\"\"><img loading=\"lazy\" decoding=\"async\" width=\"450\" height=\"464\" src=\"https:\/\/macgal-wordpress.server.worgoo.com\/wp-content\/uploads\/2021\/04\/yiotomatlariC\u0327alis\u0327ma-yu\u0308zeyi-1-kopya-4.jpg\" class=\"attachment-full size-full\" alt=\"\" srcset=\"https:\/\/macgal-wordpress.server.worgoo.com\/wp-content\/uploads\/2021\/04\/yiotomatlariC\u0327alis\u0327ma-yu\u0308zeyi-1-kopya-4.jpg 450w, https:\/\/macgal-wordpress.server.worgoo.com\/wp-content\/uploads\/2021\/04\/yiotomatlariC\u0327alis\u0327ma-yu\u0308zeyi-1-kopya-4-291x300.jpg 291w\" sizes=\"auto, (max-width: 450px) 100vw, 450px\" \/> <div class=\"hover-layer\"><a href=\"\/Vision-Snack-Plus\/\" class=\"icon\"><span class=\"elegant-icon_plus_alt\"><\/span><\/a><\/div><\/div>\r\n                <div class=\"text-wrap \" style=\" padding:20px 5px 20px 5px;\">\r\n                    <h3 class=\"title\" style=\"\">\r\n            <a href=\"\/Vision-Snack-Plus\/\">\r\n                Vision Snack Plus\r\n            <\/a>\r\n        <\/h3>  \r\n                <\/div>\r\n                \r\n            <\/div>\r\n        <\/div>\r\n    <\/div><\/div><\/div><\/div><div class=\"wpb_column vc_column_container vc_col-sm-3\"><div class=\"vc_column-inner\"><div class=\"wpb_wrapper\">\r\n\t<div class=\"bauer-spacer clearfix\" data-desktop=\"20\" data-mobi=\"20\" data-smobi=\"20\"><\/div><div class=\"bauer-image-box clearfix style-3 text-center\" style=\"\" >\r\n        <div class=\"item\">\r\n            <div class=\"inner\">\r\n                <div class=\"thumb\" style=\"\"><img loading=\"lazy\" decoding=\"async\" width=\"450\" height=\"464\" src=\"https:\/\/macgal-wordpress.server.worgoo.com\/wp-content\/uploads\/2021\/04\/vcm-5000.jpg\" class=\"attachment-full size-full\" alt=\"\" srcset=\"https:\/\/macgal-wordpress.server.worgoo.com\/wp-content\/uploads\/2021\/04\/vcm-5000.jpg 450w, https:\/\/macgal-wordpress.server.worgoo.com\/wp-content\/uploads\/2021\/04\/vcm-5000-291x300.jpg 291w\" sizes=\"auto, (max-width: 450px) 100vw, 450px\" \/> <div class=\"hover-layer\"><a href=\"\/vcm-5000\/\" class=\"icon\"><span class=\"elegant-icon_plus_alt\"><\/span><\/a><\/div><\/div>\r\n                <div class=\"text-wrap \" style=\" padding:20px 5px 20px 5px;\">\r\n                    <h3 class=\"title\" style=\"\">\r\n            <a href=\"\/vcm-5000\/\">\r\n                VCM 5000\r\n            <\/a>\r\n        <\/h3>  \r\n                <\/div>\r\n                \r\n            <\/div>\r\n        <\/div>\r\n    <\/div><\/div><\/div><\/div><\/div><\/div><\/div><\/div><\/div><\/div><\/div><\/div><\/section><\/div>\n","protected":false},"excerpt":{"rendered":"Coffemar S-500 S-500 Jofemar otomatlar\u0131n\u0131n \u00f6nemli bir modeli olan S-500 instant coffe modeli \u00fcst\u00fcn teknoloji performans\u0131 sergiler. Mod\u00fcler bile\u015fenleri, kolay kullanabilen i\u00e7 yap\u0131s\u0131, mekanizmalar\u0131 ve bile\u015fenleriyle teknolojisiyle geride b\u0131rakan bir \u00fcr\u00fcnd\u00fcr. Her damak zevkine uygun farkl\u0131 \u015fe\u00e7enekleri ile S\u00fct, Kahve, \u00c7ay, Espresso ve S\u0131cak \u00e7ikolata \u015fe\u00e7enekleri ile \u015fekerli ve \u015fekersiz","protected":false},"author":1,"featured_media":0,"parent":0,"menu_order":0,"comment_status":"closed","ping_status":"closed","template":"","meta":{"footnotes":""},"class_list":["post-9614","page","type-page","status-publish","hentry"],"_links":{"self":[{"href":"https:\/\/macgal-wordpress.server.worgoo.com\/en\/wp-json\/wp\/v2\/pages\/9614","targetHints":{"allow":["GET"]}}],"collection":[{"href":"https:\/\/macgal-wordpress.server.worgoo.com\/en\/wp-json\/wp\/v2\/pages"}],"about":[{"href":"https:\/\/macgal-wordpress.server.worgoo.com\/en\/wp-json\/wp\/v2\/types\/page"}],"author":[{"embeddable":true,"href":"https:\/\/macgal-wordpress.server.worgoo.com\/en\/wp-json\/wp\/v2\/users\/1"}],"replies":[{"embeddable":true,"href":"https:\/\/macgal-wordpress.server.worgoo.com\/en\/wp-json\/wp\/v2\/comments?post=9614"}],"version-history":[{"count":0,"href":"https:\/\/macgal-wordpress.server.worgoo.com\/en\/wp-json\/wp\/v2\/pages\/9614\/revisions"}],"wp:attachment":[{"href":"https:\/\/macgal-wordpress.server.worgoo.com\/en\/wp-json\/wp\/v2\/media?parent=9614"}],"curies":[{"name":"wp","href":"https:\/\/api.w.org\/{rel}","templated":true}]}}