{"id":9604,"date":"2021-04-06T15:13:36","date_gmt":"2021-04-06T15:13:36","guid":{"rendered":"http:\/\/macgal-wordpress.server.worgoo.com\/?page_id=9604"},"modified":"2022-09-07T15:07:22","modified_gmt":"2022-09-07T15:07:22","slug":"vision-multiseller","status":"publish","type":"page","link":"https:\/\/macgal-wordpress.server.worgoo.com\/en\/detay\/otomatlar\/yiyecek-icecek-otomatlari\/vision-multiseller\/","title":{"rendered":"Vision Multiseller"},"content":{"rendered":"<div class=\"vc-custom-col-spacing clearfix vc-col-spacing-30\"><section class=\"wpb_row vc_row-fluid row-content-position-Default\"><div class=\"bauer-container\"><div class=\"row-inner clearfix\"><div class=\"wpb_column vc_column_container vc_col-sm-2\/5\"><div class=\"vc_column-inner\"><div class=\"wpb_wrapper\"><h2 class=\"bauer-text clearfix \" style=\"\"><div class=\"eg-filmstrip-wrap eg-wrap\" data-lightbox-type=\"magnific_popup\"\n     data-gallery-id=\"RTcc7QvlPf\"\n     data-lightbox-status=\"true\"\n          >\n         \n    <div class=\"eg-filmstrip-outer-wrap eg-filmstrip-outer-layout-4\">\n        <div class=\"eg-filmstrip-items-outerwrap\">\n            <div class=\"eg-filmstrip-items-wrap eg-filmstrip-layout-4\"\n                 data-pause-duration=\"2500\"\n                 data-transition-duration=\"500\"\n                 data-mode=\"fade\"\n                 data-next-previous-controls=\"false\"\n                 data-play-pause-controls=\"false\"\n                 data-auto-start=\"false\"\n                 data-adaptive-height=\"false\"\n                 data-pager=\"false\"\n                 data-pager-type=\"full\"\n                 data-filmstrip-id=\"q6HNzQEWgj\"\n\n                 >\n                     <div class=\"eg-each-item eg-overlay-layout-2 \" data-eg-item-key=\"eg_item_engOSuRm0Snw9vc\">\n    \n\n            <div class=\"eg-masonary-padding\">\n            <div class=\"eg-overlay-wrapper\" onclick=\"\">\n\n                <a href=\"https:\/\/macgal-wordpress.server.worgoo.com\/wp-content\/uploads\/2021\/04\/vision-multiseller.jpg\"\n                   data-lightbox-type=\"magnific_popup\"\n                   rel=\"prettyPhoto[gallery_6]\"\n                   title=\"\"\n                   data-item-type=\"image\"\n                   data-index=\"1\"\n                   data-total-items=\"1\"\n                   >\n                    <img decoding=\"async\" src=\"https:\/\/macgal-wordpress.server.worgoo.com\/wp-content\/uploads\/2021\/04\/vision-multiseller.jpg\" alt=\"Vision-multiseller\"\/>\n                <\/a>\n                <div class=\"eg-mask\">\n                    <div class=\"eg-inner-wrapper\">\n                        <div class=\"eg-content-holder\">\r\n            <div class=\"eg-button-holder\">\r\n                            <a href=\"javascript:void(0);\" class=\"eg-zoom\"><i class=\"fa fa-search\" aria-hidden=\"true\"><\/i><\/a>\r\n                                <\/div>\r\n            <\/div>                    <\/div>\n                    <span class=\"add\" style=\"display: none\">\n                        <i class=\"fa fa-plus\"><\/i>\n                    <\/span>\n                                    <\/div>\n                <div class=\"slider-overlay\"><\/div>\n                            <\/div>\n                    <\/div>\n        <!---Blog Layout -->\n<\/div>            <\/div>\n        <\/div>\n        <div class=\"eg-filmstrip-pager-outerwrap\">\n            <div class=\"eg-filmstrip-pager\" id=\"eg-pager-q6HNzQEWgj\" data-min-slides=\"4\" data-max-slides=\"5\" data-slide-width=\"170\" data-move-slides=\"1\">\n                                        <a href=\"\" data-slide-index=\"0\">\n                            <img decoding=\"async\" src=\"https:\/\/macgal-wordpress.server.worgoo.com\/wp-content\/uploads\/2021\/04\/vision-multiseller-700x700.jpg\" alt=\"Vision-multiseller\"\/>\n                            <div class=\"eg-filmstrip-caption\" style=\"display:none;\">\n                                <span class=\"eg-title\" style=\"display:none\">Vision-multiseller<\/span>\n                                <p><\/p>\n                            <\/div>\n                        <\/a>\n\n                                    <\/div>\n            <div class=\"eg-flimstrip-caption-tooltip\"><\/div>\n\n        <\/div>\n    <\/div>\n<\/div>\n\n\n            <style>\r\n            .mfp-arrow {\n    position: absolute;\n    opacity: 0.65;\n    filter: alpha(opacity=65);\n    margin: 0;\n    top: 50%;\n    margin-top: 0px;\n    padding: 2px;\n    width: px;\n    height: 100px;\n    border-radius: 3px;\n    -webkit-tap-highlight-color: rgba(0, 0, 0, 0);\n}<\/style>\r\n            \n<\/h2><\/div><\/div><\/div><div class=\"wpb_column vc_column_container vc_col-sm-3\/5\"><div class=\"vc_column-inner\"><div class=\"wpb_wrapper\">\r\n\t<div class=\"bauer-spacer clearfix\" data-desktop=\"60\" data-mobi=\"30\" data-smobi=\"30\"><\/div><div class=\"bauer-headings clearfix \"  style=\"\"><h2 class=\"heading clearfix \" style=\"margin-bottom:30px;\">\r\n\t\tVision Multiseller\r\n\t<\/h2><\/div><div class=\"bauer-text clearfix \" style=\"color:#000000;\"><p>Y\u00fcksek de\u011ferli ya da k\u0131r\u0131lgan \u00fcr\u00fcnleriniz i\u00e7in ideal bir makinedir. Multiseller, \u00fcr\u00fcnlerinizi zarar g\u00f6rmeyecek \u015fekilde bel seviyesinden kullan\u0131c\u0131ya ula\u015ft\u0131r\u0131r.<br \/>\nAsans\u00f6r sistemi sadece sat\u0131\u015flar\u0131n\u0131z\u0131 artt\u0131rmakla kalmaz ayn\u0131 zamanda size firman\u0131z\u0131n reklam\u0131n\u0131 yapma imkan\u0131n\u0131 da tan\u0131r.<\/p>\n<\/div>\r\n\t<div class=\"bauer-spacer clearfix\" data-desktop=\"30\" data-mobi=\"20\" data-smobi=\"20\"><\/div><div class=\"button-wrap icon-right\" style=\"\" ><a href=\"\/iletisim\/\" target=\"_self\" class=\"bauer-button btn-365211453 medium no_icon accent\" style=\"border-radius:30px;\"  data-text=\"#ffffff\" data-text-hover=\"#f35c27\" data-background-hover=\"#ffffff\">\r\n\t\t<span style=\"\">TEKL\u0130F AL <\/span>\r\n\t<\/a><\/div>\r\n\t<div class=\"bauer-spacer clearfix\" data-desktop=\"60\" data-mobi=\"30\" data-smobi=\"30\"><\/div><\/div><\/div><\/div><\/div><\/div><\/section><\/div><div class=\"vc-custom-col-spacing clearfix vc-col-spacing-30\"><section class=\"wpb_row vc_row-fluid row-content-position-Default\"><div class=\"bauer-container\"><div class=\"row-inner clearfix\"><div class=\"wpb_column vc_column_container vc_col-sm-12\"><div class=\"vc_column-inner\"><div class=\"wpb_wrapper\">\r\n\t<div class=\"bauer-spacer clearfix\" data-desktop=\"50\" data-mobi=\"50\" data-smobi=\"50\"><\/div>\r\n\t<div class=\"bauer-tabs clearfix style-1\"><ul class=\"tab-title clearfix\"><\/ul><div class=\"tab-content-wrap\"><div class=\"tab-content \" style=\"\"><li class=\"item-title\" style=\"\">\r\n\t\t\t<span class=\"inner\" style=\"\">\r\n\t\t\t\tA\u00e7\u0131klama\r\n\t\t\t<\/span>\r\n\t\t<\/li><div class=\"item-content\" style=\"\"><p>8\u2019e kadar artt\u0131r\u0131labilir raf say\u0131s\u0131 ve 7 ye kadar artt\u0131r\u0131labilir kanal say\u0131s\u0131.<br \/>\nOda s\u0131cakl\u0131\u011f\u0131nda i\u00e7 kabin. (iste\u011fe g\u00f6re so\u011futuculu versiyonu olan Vision Comboplus degerlendirilebilir.)<br \/>\n\u00dcr\u00fcn\u00fcn verilmesini denetleyen sens\u00f6r sistemi<br \/>\nA\u00e7\u0131p kapat\u0131labilen Led \u0131\u015f\u0131kland\u0131rma<br \/>\n\u015eeffaf cam alan\u0131 1462 x 473,5 mm<br \/>\nAr\u0131za tespit \u00f6zelli\u011fine sahip sistem<br \/>\nTamamiyle ayarlanabilen raflar ve kanallar<br \/>\nG\u00fc\u00e7 deste\u011fi 220-240V VAC<br \/>\nMaksimum t\u00fcketim 25w<\/p>\n<\/div><\/div><div class=\"tab-content \" style=\"\"><li class=\"item-title\" style=\"\">\r\n\t\t\t<span class=\"inner\" style=\"\">\r\n\t\t\t\tTeknik \u00d6zellikler\r\n\t\t\t<\/span>\r\n\t\t<\/li><div class=\"item-content\" style=\"\"><p>\u00d6l\u00e7\u00fcler: 1825 x 800 x 935 mm<br \/>\nA\u011f\u0131rl\u0131k: 296Kg<\/p>\n<\/div><\/div><div class=\"tab-content \" style=\"\"><li class=\"item-title\" style=\"\">\r\n\t\t\t<span class=\"inner\" style=\"\">\r\n\t\t\t\tKapasite\r\n\t\t\t<\/span>\r\n\t\t<\/li><div class=\"item-content\" style=\"\"><p>Raf Say\u0131s\u0131: 6 ayarlanabilir raf<br \/>\nSpiral Say\u0131s\u0131: 11 se\u00e7im (raf ba\u015f\u0131na)<br \/>\n\u00dcr\u00fcn Kapasitesi: Ortalama 663 \u00fcr\u00fcn<\/p>\n<\/div><\/div><div class=\"tab-content \" style=\"\"><li class=\"item-title\" style=\"\">\r\n\t\t\t<span class=\"inner\" style=\"\">\r\n\t\t\t\tMalzeme Yap\u0131s\u0131\r\n\t\t\t<\/span>\r\n\t\t<\/li><div class=\"item-content\" style=\"\"><p>G\u00fc\u00e7lendirilmi\u015f d\u0131\u015f kabin.<br \/>\n3 l\u00fc kilit koruma sistemi.<br \/>\nK\u00f6p\u00fck kullan\u0131larak g\u00fc\u00e7lendirilmi\u015f izolasyonu sa\u011flayan i\u00e7 kabin.<\/p>\n<\/div><\/div>\n<\/div><\/div><\/div><\/div><\/div><\/div><\/div><\/section><\/div><div class=\"vc-custom-col-spacing clearfix vc-col-spacing-30\"><section class=\"wpb_row vc_row-fluid row-content-position-Default\"><div class=\"bauer-container\"><div class=\"row-inner clearfix\"><div class=\"wpb_column vc_column_container vc_col-sm-12\"><div class=\"vc_column-inner\"><div class=\"wpb_wrapper\">\r\n\t<div class=\"bauer-spacer clearfix\" data-desktop=\"50\" data-mobi=\"50\" data-smobi=\"50\"><\/div><div class=\"bauer-headings clearfix \"  style=\"\"><h2 class=\"heading clearfix \" style=\"\">\r\n\t\tBenzer \u00dcr\u00fcnler\r\n\t<\/h2><\/div>\r\n\t<div class=\"bauer-spacer clearfix\" data-desktop=\"20\" data-mobi=\"10\" data-smobi=\"10\"><\/div><div class=\"bauer-content-box clearfix\" ><div class=\"vc-custom-col-inner-spacing clearfix vc-col-inner-spacing-30\"><div class=\"wpb_row vc_inner vc_row-fluid\"><div class=\"wpb_column vc_column_container vc_col-sm-3\"><div class=\"vc_column-inner\"><div class=\"wpb_wrapper\">\r\n\t<div class=\"bauer-spacer clearfix\" data-desktop=\"20\" data-mobi=\"20\" data-smobi=\"20\"><\/div><div class=\"bauer-image-box clearfix style-3 text-center\" style=\"\" >\r\n        <div class=\"item\">\r\n            <div class=\"inner\">\r\n                <div class=\"thumb\" style=\"\"><img loading=\"lazy\" decoding=\"async\" width=\"450\" height=\"464\" src=\"https:\/\/macgal-wordpress.server.worgoo.com\/wp-content\/uploads\/2021\/04\/macgal-s-711.jpg\" class=\"attachment-full size-full\" alt=\"\" srcset=\"https:\/\/macgal-wordpress.server.worgoo.com\/wp-content\/uploads\/2021\/04\/macgal-s-711.jpg 450w, https:\/\/macgal-wordpress.server.worgoo.com\/wp-content\/uploads\/2021\/04\/macgal-s-711-291x300.jpg 291w\" sizes=\"auto, (max-width: 450px) 100vw, 450px\" \/> <div class=\"hover-layer\"><a href=\"\/macgal-s-711-otomat\/\" class=\"icon\"><span class=\"elegant-icon_plus_alt\"><\/span><\/a><\/div><\/div>\r\n                <div class=\"text-wrap \" style=\" padding:20px 5px 20px 5px;\">\r\n                    <h3 class=\"title\" style=\"\">\r\n            <a href=\"\/macgal-s-711-otomat\/\">\r\n                Magma S 711 AL\r\n            <\/a>\r\n        <\/h3>  \r\n                <\/div>\r\n                \r\n            <\/div>\r\n        <\/div>\r\n    <\/div><\/div><\/div><\/div><div class=\"wpb_column vc_column_container vc_col-sm-3\"><div class=\"vc_column-inner\"><div class=\"wpb_wrapper\">\r\n\t<div class=\"bauer-spacer clearfix\" data-desktop=\"20\" data-mobi=\"20\" data-smobi=\"20\"><\/div><div class=\"bauer-image-box clearfix style-3 text-center\" style=\"\" >\r\n        <div class=\"item\">\r\n            <div class=\"inner\">\r\n                <div class=\"thumb\" style=\"\"><img loading=\"lazy\" decoding=\"async\" width=\"450\" height=\"464\" src=\"https:\/\/macgal-wordpress.server.worgoo.com\/wp-content\/uploads\/2021\/04\/C\u0327alis\u0327ma-yu\u0308zeyi-1-kopya-3.jpg\" class=\"attachment-full size-full\" alt=\"\" srcset=\"https:\/\/macgal-wordpress.server.worgoo.com\/wp-content\/uploads\/2021\/04\/C\u0327alis\u0327ma-yu\u0308zeyi-1-kopya-3.jpg 450w, https:\/\/macgal-wordpress.server.worgoo.com\/wp-content\/uploads\/2021\/04\/C\u0327alis\u0327ma-yu\u0308zeyi-1-kopya-3-291x300.jpg 291w\" sizes=\"auto, (max-width: 450px) 100vw, 450px\" \/> <div class=\"hover-layer\"><a href=\"\/Vision-multiseller\/\" class=\"icon\"><span class=\"elegant-icon_plus_alt\"><\/span><\/a><\/div><\/div>\r\n                <div class=\"text-wrap \" style=\" padding:20px 5px 20px 5px;\">\r\n                    <h3 class=\"title\" style=\"\">\r\n            <a href=\"\/Vision-multiseller\/\">\r\n                Vision Multiseller\r\n            <\/a>\r\n        <\/h3>  \r\n                <\/div>\r\n                \r\n            <\/div>\r\n        <\/div>\r\n    <\/div><\/div><\/div><\/div><div class=\"wpb_column vc_column_container vc_col-sm-3\"><div class=\"vc_column-inner\"><div class=\"wpb_wrapper\">\r\n\t<div class=\"bauer-spacer clearfix\" data-desktop=\"20\" data-mobi=\"20\" data-smobi=\"20\"><\/div><div class=\"bauer-image-box clearfix style-3 text-center\" style=\"\" >\r\n        <div class=\"item\">\r\n            <div class=\"inner\">\r\n                <div class=\"thumb\" style=\"\"><img loading=\"lazy\" decoding=\"async\" width=\"450\" height=\"464\" src=\"https:\/\/macgal-wordpress.server.worgoo.com\/wp-content\/uploads\/2021\/04\/yiotomatlariC\u0327alis\u0327ma-yu\u0308zeyi-1-kopya-4.jpg\" class=\"attachment-full size-full\" alt=\"\" srcset=\"https:\/\/macgal-wordpress.server.worgoo.com\/wp-content\/uploads\/2021\/04\/yiotomatlariC\u0327alis\u0327ma-yu\u0308zeyi-1-kopya-4.jpg 450w, https:\/\/macgal-wordpress.server.worgoo.com\/wp-content\/uploads\/2021\/04\/yiotomatlariC\u0327alis\u0327ma-yu\u0308zeyi-1-kopya-4-291x300.jpg 291w\" sizes=\"auto, (max-width: 450px) 100vw, 450px\" \/> <div class=\"hover-layer\"><a href=\"\/Vision-Snack-Plus\/\" class=\"icon\"><span class=\"elegant-icon_plus_alt\"><\/span><\/a><\/div><\/div>\r\n                <div class=\"text-wrap \" style=\" padding:20px 5px 20px 5px;\">\r\n                    <h3 class=\"title\" style=\"\">\r\n            <a href=\"\/Vision-Snack-Plus\/\">\r\n                Vision Snack Plus\r\n            <\/a>\r\n        <\/h3>  \r\n                <\/div>\r\n                \r\n            <\/div>\r\n        <\/div>\r\n    <\/div><\/div><\/div><\/div><div class=\"wpb_column vc_column_container vc_col-sm-3\"><div class=\"vc_column-inner\"><div class=\"wpb_wrapper\">\r\n\t<div class=\"bauer-spacer clearfix\" data-desktop=\"20\" data-mobi=\"20\" data-smobi=\"20\"><\/div><div class=\"bauer-image-box clearfix style-3 text-center\" style=\"\" >\r\n        <div class=\"item\">\r\n            <div class=\"inner\">\r\n                <div class=\"thumb\" style=\"\"><img loading=\"lazy\" decoding=\"async\" width=\"450\" height=\"464\" src=\"https:\/\/macgal-wordpress.server.worgoo.com\/wp-content\/uploads\/2022\/09\/macgal-site-otomatlarC\u0327alis\u0327ma-yu\u0308zeyi-2.jpg\" class=\"attachment-full size-full\" alt=\"\" srcset=\"https:\/\/macgal-wordpress.server.worgoo.com\/wp-content\/uploads\/2022\/09\/macgal-site-otomatlarC\u0327alis\u0327ma-yu\u0308zeyi-2.jpg 450w, https:\/\/macgal-wordpress.server.worgoo.com\/wp-content\/uploads\/2022\/09\/macgal-site-otomatlarC\u0327alis\u0327ma-yu\u0308zeyi-2-291x300.jpg 291w\" sizes=\"auto, (max-width: 450px) 100vw, 450px\" \/> <div class=\"hover-layer\"><a href=\"http:\/\/macgal-wordpress.server.worgoo.com\/detay\/otomatlar\/yiyecek-icecek-otomatlari\/magma-s-710\/\" class=\"icon\"><span class=\"elegant-icon_plus_alt\"><\/span><\/a><\/div><\/div>\r\n                <div class=\"text-wrap \" style=\" padding:20px 5px 20px 5px;\">\r\n                    <h3 class=\"title\" style=\"\">\r\n            <a href=\"http:\/\/macgal-wordpress.server.worgoo.com\/detay\/otomatlar\/yiyecek-icecek-otomatlari\/magma-s-710\/\">\r\n                Magma S 710\r\n            <\/a>\r\n        <\/h3>  \r\n                <\/div>\r\n                \r\n            <\/div>\r\n        <\/div>\r\n    <\/div><\/div><\/div><\/div><\/div><\/div><\/div><\/div><\/div><\/div><\/div><\/div><\/section><\/div>\n","protected":false},"excerpt":{"rendered":"Vision-multiseller Vision Multiseller Y\u00fcksek de\u011ferli ya da k\u0131r\u0131lgan \u00fcr\u00fcnleriniz i\u00e7in ideal bir makinedir. Multiseller, \u00fcr\u00fcnlerinizi zarar g\u00f6rmeyecek \u015fekilde bel seviyesinden kullan\u0131c\u0131ya ula\u015ft\u0131r\u0131r. Asans\u00f6r sistemi sadece sat\u0131\u015flar\u0131n\u0131z\u0131 artt\u0131rmakla kalmaz ayn\u0131 zamanda size firman\u0131z\u0131n reklam\u0131n\u0131 yapma imkan\u0131n\u0131 da tan\u0131r. TEKL\u0130F AL A\u00e7\u0131klama 8\u2019e kadar artt\u0131r\u0131labilir raf say\u0131s\u0131 ve 7 ye kadar artt\u0131r\u0131labilir","protected":false},"author":1,"featured_media":0,"parent":0,"menu_order":0,"comment_status":"closed","ping_status":"closed","template":"","meta":{"footnotes":""},"class_list":["post-9604","page","type-page","status-publish","hentry"],"_links":{"self":[{"href":"https:\/\/macgal-wordpress.server.worgoo.com\/en\/wp-json\/wp\/v2\/pages\/9604","targetHints":{"allow":["GET"]}}],"collection":[{"href":"https:\/\/macgal-wordpress.server.worgoo.com\/en\/wp-json\/wp\/v2\/pages"}],"about":[{"href":"https:\/\/macgal-wordpress.server.worgoo.com\/en\/wp-json\/wp\/v2\/types\/page"}],"author":[{"embeddable":true,"href":"https:\/\/macgal-wordpress.server.worgoo.com\/en\/wp-json\/wp\/v2\/users\/1"}],"replies":[{"embeddable":true,"href":"https:\/\/macgal-wordpress.server.worgoo.com\/en\/wp-json\/wp\/v2\/comments?post=9604"}],"version-history":[{"count":0,"href":"https:\/\/macgal-wordpress.server.worgoo.com\/en\/wp-json\/wp\/v2\/pages\/9604\/revisions"}],"wp:attachment":[{"href":"https:\/\/macgal-wordpress.server.worgoo.com\/en\/wp-json\/wp\/v2\/media?parent=9604"}],"curies":[{"name":"wp","href":"https:\/\/api.w.org\/{rel}","templated":true}]}}