{"id":9502,"date":"2021-04-06T07:39:50","date_gmt":"2021-04-06T07:39:50","guid":{"rendered":"http:\/\/macgal-wordpress.server.worgoo.com\/?page_id=9502"},"modified":"2021-04-08T10:32:04","modified_gmt":"2021-04-08T10:32:04","slug":"odeme-sistemleri","status":"publish","type":"page","link":"https:\/\/macgal-wordpress.server.worgoo.com\/en\/odeme-sistemleri\/","title":{"rendered":"\u00d6deme Sistemleri"},"content":{"rendered":"<div class=\"vc-custom-col-spacing clearfix vc-col-spacing-30\"><section id=\"first-row\" class=\"wpb_row vc_row-fluid vc_custom_1608119063622 vc_row-has-fill row-content-position-Default\"><div class=\"bauer-container\"><div class=\"row-inner clearfix\"><div class=\"wpb_column vc_column_container vc_col-sm-12\"><div class=\"vc_column-inner\"><div class=\"wpb_wrapper\"><h2 class=\"bauer-text clearfix text-center\" style=\"font-size:42px;line-height:50px;margin-bottom:30px;\"><p><span class=\"font-weight-300\">Y\u00fcksek <\/span> Teknoloji<br \/>\n<span class=\"font-weight-300\"> Para Mekanizmalar\u0131, Telemetri ve<\/span><br \/>\nMobil \u00d6deme Sistemleri<\/p>\n<\/h2><div class=\"bauer-text clearfix text-center\" style=\"font-size:18px;line-height:30px;color:#777777;max-width:1000px;margin-left: auto; margin-right: auto;\"><p>MDB Level 3 para mekanizmalar\u0131, kredi kart\u0131 ve mobil \u00f6deme sistemleri.<\/p>\n<\/div>\r\n\t<div class=\"bauer-spacer clearfix\" data-desktop=\"40\" data-mobi=\"30\" data-smobi=\"30\"><\/div><div class=\"bauer-content-box clearfix\" ><div class=\"vc-custom-col-inner-spacing clearfix vc-col-inner-spacing-30\"><div class=\"wpb_row vc_inner vc_row-fluid\"><div class=\"wpb_column vc_column_container vc_col-sm-4\"><div class=\"vc_column-inner\"><div class=\"wpb_wrapper\"><div class=\"bauer-icon-box clearfix icon-top align-center hover-style-1 simple\" style=\"background-color:#f4f4f4;padding:34px 25px 27px;border-radius:5px;border:1px solid #e7e7e7;\" ><div class=\"hover\" style=\"border-radius:5px;background-color:#e80d0d;background-image:url();\"><\/div><div class=\"wrap-inner\" style=\"position: relative;\"><div class=\"bauer-icon icon-385658355 accent custom\"  data-background=\"\" data-icon-hover=\"#ffffff\">\r\n\t\t\t\t<span class=\"icon\" style=\"font-size:50px;width:50px;height:50px;border-style:solid;line-height:50px;\"><i class=\"elegant-icon_creditcard\"><\/i><\/span>\r\n\t\t\t<\/div> <h3 class=\"heading\" style=\"color:#000000;font-size:20px;line-height:24px;margin-top:22px;margin-bottom:12px;\">\r\n\t\t\t<span>Kredi Kart Mekanizmas\u0131<\/span>\r\n\t\t<\/h3><div class=\"desc\" style=\"color:#000000;\"><p>Macgal Otomatlar\u0131, t\u00fcm bankalar\u0131n kredi kartlar\u0131, MDB uyumlu t\u00fcm \u00f6deme cihazlar\u0131 ile \u00e7al\u0131\u015f\u0131r. Visa, Mastercard, PayWave, MasterPass, Bonus, Express, ve debit kartlar ile \u00e7al\u0131\u015fan swipe, temasl\u0131 ve temass\u0131z.<\/p>\n<\/div> <div class=\"hover\" style=\"border-radius:5px;background-color:#e80d0d;background-image:url();\"><\/div><\/div><\/div>\r\n\t<div class=\"bauer-spacer clearfix\" data-desktop=\"30\" data-mobi=\"30\" data-smobi=\"30\"><\/div><div class=\"bauer-icon-box clearfix icon-top align-center hover-style-1 simple\" style=\"background-color:#f4f4f4;padding:34px 25px 27px;border-radius:5px;border:1px solid #e7e7e7;\" ><div class=\"hover\" style=\"border-radius:5px;background-color:#e80d0d;background-image:url();\"><\/div><div class=\"wrap-inner\" style=\"position: relative;\"><div class=\"bauer-icon icon-1747645298 accent custom\"  data-background=\"\" data-background-hover=\"#ffffff\">\r\n\t\t\t\t<span class=\"icon\" style=\"font-size:50px;width:50px;height:50px;border-style:solid;line-height:50px;\"><i class=\"vc_li vc_li-vallet\"><\/i><\/span>\r\n\t\t\t<\/div> <h3 class=\"heading\" style=\"color:#000000;font-size:20px;line-height:24px;margin-top:22px;margin-bottom:12px;\">\r\n\t\t\t<span>Ka\u011f\u0131t Para Mekanizmas\u0131<\/span>\r\n\t\t<\/h3><div class=\"desc\" style=\"color:#000000;\"><p>T\u00fcm ka\u011f\u0131t paralar ile uyumlu \u00e7al\u0131\u015fan, Ka\u011f\u0131t Para Okuyucusu, para \u00fcst\u00fc verme \u00f6zelli\u011fine sahip pratik bir \u00e7\u00f6z\u00fcm.<\/p>\n<\/div> <div class=\"hover\" style=\"border-radius:5px;background-color:#e80d0d;background-image:url();\"><\/div><\/div><\/div>\r\n\t<div class=\"bauer-spacer clearfix\" data-desktop=\"30\" data-mobi=\"30\" data-smobi=\"30\"><\/div><\/div><\/div><\/div><div class=\"wpb_column vc_column_container vc_col-sm-4\"><div class=\"vc_column-inner\"><div class=\"wpb_wrapper\"><div class=\"bauer-icon-box clearfix icon-top align-center hover-style-1 simple\" style=\"background-color:#f4f4f4;padding:34px 25px 27px;border-radius:5px;border:1px solid #e7e7e7;\" ><div class=\"hover\" style=\"border-radius:5px;background-color:#e80d0d;background-image:url();\"><\/div><div class=\"wrap-inner\" style=\"position: relative;\"><div class=\"bauer-icon icon-862064103 accent custom\"  data-background=\"\" data-icon-hover=\"#ffffff\">\r\n\t\t\t\t<span class=\"icon\" style=\"font-size:50px;width:50px;height:50px;border-style:solid;line-height:50px;\"><i class=\"vc_li vc_li-cup\"><\/i><\/span>\r\n\t\t\t<\/div> <h3 class=\"heading\" style=\"color:#000000;font-size:20px;line-height:24px;margin-top:22px;margin-bottom:12px;\">\r\n\t\t\t<span>\u0130kram Modeli Mekanizmas\u0131<\/span>\r\n\t\t<\/h3><div class=\"desc\" style=\"color:#000000;\"><p>Personel ve misafirlerinizin, s\u0131cak i\u00e7ecek otomatlar\u0131ndan, hi\u00e7bir s\u0131n\u0131rlama olmaks\u0131z\u0131n yararlanmas\u0131n\u0131 istiyorsan\u0131z, s\u0131cak ve so\u011fuk ofis ikram i\u00e7ecek otomat hizmeti \u00e7\u00f6z\u00fcm\u00fc. Periyodik digital saya\u00e7la, t\u00fcketiminizin kontrol\u00fc.<\/p>\n<\/div> <div class=\"hover\" style=\"border-radius:5px;background-color:#e80d0d;background-image:url();\"><\/div><\/div><\/div>\r\n\t<div class=\"bauer-spacer clearfix\" data-desktop=\"30\" data-mobi=\"30\" data-smobi=\"30\"><\/div><div class=\"bauer-icon-box clearfix icon-top align-center hover-style-1 simple\" style=\"background-color:#f4f4f4;padding:34px 25px 27px;border-radius:5px;border:1px solid #e7e7e7;\" ><div class=\"hover\" style=\"border-radius:5px;background-color:#e80d0d;background-image:url();\"><\/div><div class=\"wrap-inner\" style=\"position: relative;\"><div class=\"bauer-icon icon-2016271852 accent custom\"  data-background=\"\" data-background-hover=\"#ffffff\">\r\n\t\t\t\t<span class=\"icon\" style=\"font-size:50px;width:50px;height:50px;border-style:solid;line-height:50px;\"><i class=\"vc_li vc_li-user\"><\/i><\/span>\r\n\t\t\t<\/div> <h3 class=\"heading\" style=\"color:#000000;font-size:20px;line-height:24px;margin-top:22px;margin-bottom:12px;\">\r\n\t\t\t<span>Yemek Kartl\u0131 Otomat<\/span>\r\n\t\t<\/h3><div class=\"desc\" style=\"color:#000000;\"><p>\u0130\u015fyerinizde kulland\u0131\u011f\u0131n\u0131z yemek kartlar\u0131 ile otomatlar\u0131m\u0131z teknik alt yap\u0131 olarak uyumludur ve al\u0131\u015fveri\u015f yap\u0131labilir.<\/p>\n<\/div> <div class=\"hover\" style=\"border-radius:5px;background-color:#e80d0d;background-image:url();\"><\/div><\/div><\/div>\r\n\t<div class=\"bauer-spacer clearfix\" data-desktop=\"30\" data-mobi=\"30\" data-smobi=\"30\"><\/div><\/div><\/div><\/div><div class=\"wpb_column vc_column_container vc_col-sm-4\"><div class=\"vc_column-inner\"><div class=\"wpb_wrapper\"><div class=\"bauer-icon-box clearfix icon-top align-center hover-style-1 simple\" style=\"background-color:#f4f4f4;padding:34px 25px 27px;border-radius:5px;border:1px solid #e7e7e7;\" ><div class=\"hover\" style=\"border-radius:5px;background-color:#e80d0d;background-image:url();\"><\/div><div class=\"wrap-inner\" style=\"position: relative;\"><div class=\"bauer-icon icon-1644796013 accent custom\"  data-background=\"\" data-icon-hover=\"#ffffff\">\r\n\t\t\t\t<span class=\"icon\" style=\"font-size:50px;width:50px;height:50px;border-style:solid;line-height:50px;\"><i class=\"vc_li vc_li-note\"><\/i><\/span>\r\n\t\t\t<\/div> <h3 class=\"heading\" style=\"color:#000000;font-size:20px;line-height:24px;margin-top:22px;margin-bottom:12px;\">\r\n\t\t\t<span>Yaka Kart\u0131, Kamp\u00fcs Kart<\/span>\r\n\t\t<\/h3><div class=\"desc\" style=\"color:#000000;\"><p>Kalabal\u0131k i\u015fyerlerinde, fabrikalarda, \u00fcniversitelerde, g\u00fcvenlik ama\u00e7l\u0131, personelin turnike ve giri\u015f \u00e7\u0131k\u0131\u015flar kulland\u0131\u011f\u0131 smart kart, mifare kart, yaka kartlar\u0131na ayl\u0131k kont\u00f6r doldurabilme ve otomatlar\u0131 kullanabilme.<\/p>\n<\/div> <div class=\"hover\" style=\"border-radius:5px;background-color:#e80d0d;background-image:url();\"><\/div><\/div><\/div>\r\n\t<div class=\"bauer-spacer clearfix\" data-desktop=\"30\" data-mobi=\"30\" data-smobi=\"30\"><\/div><div class=\"bauer-icon-box clearfix icon-top align-center hover-style-1 simple\" style=\"background-color:#f4f4f4;padding:34px 25px 27px;border-radius:5px;border:1px solid #e7e7e7;\" ><div class=\"hover\" style=\"border-radius:5px;background-color:#e80d0d;background-image:url();\"><\/div><div class=\"wrap-inner\" style=\"position: relative;\"><div class=\"bauer-icon icon-1601916464 accent custom\"  data-background=\"\" data-icon-hover=\"#ffffff\">\r\n\t\t\t\t<span class=\"icon\" style=\"font-size:50px;width:50px;height:50px;border-style:solid;line-height:50px;\"><i class=\"vc_li vc_li-data\"><\/i><\/span>\r\n\t\t\t<\/div> <h3 class=\"heading\" style=\"color:#000000;font-size:20px;line-height:24px;margin-top:22px;margin-bottom:12px;\">\r\n\t\t\t<span>Bozuk Para Mekanizmas\u0131<\/span>\r\n\t\t<\/h3><div class=\"desc\" style=\"color:#000000;\"><p>T\u00fcm bozuk paralar ile uyumlu \u00e7al\u0131\u015fan, Bozuk Para Okuyucumuz, para \u00fcst\u00fc verme \u00f6zelli\u011fine sahip, pratik bir \u00e7\u00f6z\u00fcm<\/p>\n<\/div> <div class=\"hover\" style=\"border-radius:5px;background-color:#e80d0d;background-image:url();\"><\/div><\/div><\/div>\r\n\t<div class=\"bauer-spacer clearfix\" data-desktop=\"30\" data-mobi=\"30\" data-smobi=\"30\"><\/div><\/div><\/div><\/div><\/div><\/div><\/div>\r\n\t<div class=\"bauer-spacer clearfix\" data-desktop=\"70\" data-mobi=\"50\" data-smobi=\"50\"><\/div><\/div><\/div><\/div><\/div><\/div><\/section><\/div>","protected":false},"excerpt":{"rendered":"Y\u00fcksek Teknoloji Para Mekanizmalar\u0131, Telemetri ve Mobil \u00d6deme Sistemleri MDB Level 3 para mekanizmalar\u0131, kredi kart\u0131 ve mobil \u00f6deme sistemleri. Kredi Kart Mekanizmas\u0131 Macgal Otomatlar\u0131, t\u00fcm bankalar\u0131n kredi kartlar\u0131, MDB uyumlu t\u00fcm \u00f6deme cihazlar\u0131 ile \u00e7al\u0131\u015f\u0131r. Visa, Mastercard, PayWave, MasterPass, Bonus, Express, ve debit kartlar ile \u00e7al\u0131\u015fan swipe, temasl\u0131 ve","protected":false},"author":1,"featured_media":0,"parent":0,"menu_order":0,"comment_status":"closed","ping_status":"closed","template":"","meta":{"footnotes":""},"class_list":["post-9502","page","type-page","status-publish","hentry"],"_links":{"self":[{"href":"https:\/\/macgal-wordpress.server.worgoo.com\/en\/wp-json\/wp\/v2\/pages\/9502","targetHints":{"allow":["GET"]}}],"collection":[{"href":"https:\/\/macgal-wordpress.server.worgoo.com\/en\/wp-json\/wp\/v2\/pages"}],"about":[{"href":"https:\/\/macgal-wordpress.server.worgoo.com\/en\/wp-json\/wp\/v2\/types\/page"}],"author":[{"embeddable":true,"href":"https:\/\/macgal-wordpress.server.worgoo.com\/en\/wp-json\/wp\/v2\/users\/1"}],"replies":[{"embeddable":true,"href":"https:\/\/macgal-wordpress.server.worgoo.com\/en\/wp-json\/wp\/v2\/comments?post=9502"}],"version-history":[{"count":0,"href":"https:\/\/macgal-wordpress.server.worgoo.com\/en\/wp-json\/wp\/v2\/pages\/9502\/revisions"}],"wp:attachment":[{"href":"https:\/\/macgal-wordpress.server.worgoo.com\/en\/wp-json\/wp\/v2\/media?parent=9502"}],"curies":[{"name":"wp","href":"https:\/\/api.w.org\/{rel}","templated":true}]}}