{"id":9495,"date":"2021-04-06T07:33:18","date_gmt":"2021-04-06T07:33:18","guid":{"rendered":"http:\/\/macgal-wordpress.server.worgoo.com\/?page_id=9495"},"modified":"2021-04-20T12:04:21","modified_gmt":"2021-04-20T12:04:21","slug":"teknik-destek","status":"publish","type":"page","link":"https:\/\/macgal-wordpress.server.worgoo.com\/en\/teknik-destek\/","title":{"rendered":"Teknik Destek"},"content":{"rendered":"<div class=\"vc-custom-col-spacing clearfix vc-col-spacing-30\"><section class=\"wpb_row vc_row-fluid vc_custom_1613730737579 vc_row-has-fill row-content-position-Default\"><div class=\"bauer-container\"><div class=\"row-inner clearfix\"><div class=\"wpb_column vc_column_container vc_col-sm-12\"><div class=\"vc_column-inner\"><div class=\"wpb_wrapper\"><div class=\"bauer-content-box clearfix\" ><div class=\"vc-custom-col-inner-spacing clearfix vc-col-inner-spacing-65\"><div class=\"wpb_row vc_inner vc_row-fluid\"><div class=\"wpb_column vc_column_container vc_col-sm-12\"><div class=\"vc_column-inner\"><div class=\"wpb_wrapper\"><div class=\"bauer-single-heading clearfix\" style=\"margin-bottom:25px;\"><span class=\"inner\"><span class=\"heading clearfix  accent\" style=\"font-weight:600;font-size:16px;\">\r\n\t\tMACGAL OTOMAT\r\n\t<\/span><\/span><\/div><h2 class=\"bauer-text clearfix\" style=\"font-size:38px;line-height:50px;margin-bottom:32px;\"><p><span class=\"font-weight-300\">Profesyonel Teknik Destek Ekibi \u0130le<\/span> Yan\u0131n\u0131zda <span class=\"font-weight-300\"> <\/span><\/p>\n<\/h2><div class=\"bauer-text clearfix\" style=\"\"><p>Macgal Otomat olarak uzman ekibimiz ile sizlere h\u0131zl\u0131, g\u00fcvenilir ve %100 memnuniyetinizi \u00f6nemseyerek destek sa\u011fl\u0131yoruz.<\/p>\n<p>Otomat kurulumu, \u00f6deme sistemi, montaj ve yedek par\u00e7a deste\u011finden otomatlar\u0131n hammadde, \u00fcr\u00fcn dolumu ve teknik deste\u011fe kadar resmi tatiller de dahil olmak \u00fczere 7 g\u00fcn 24 saat hizmet sa\u011fl\u0131yoruz.<br \/>\nAyr\u0131ca yiyecek \u0130\u00e7ecek otomatlar\u0131nda, t\u00fcketilmek \u00fczere \u00e7ok \u00e7e\u015fitli markal\u0131 \u00fcr\u00fcnlerin, teminini sa\u011fl\u0131yoruz. \u00dcr\u00fcnlerimizi dilerseniz online olarak macgalstore.com \u00fczerinden temin edebilir. \u00d6demenizi online ger\u00e7ekle\u015ftirebilirsiniz.<\/p>\n<ul>\n<li>\u00dccretsiz teknik destek<\/li>\n<li>\u00dccretsiz yedek par\u00e7a<\/li>\n<li>Otomatlara g\u00fcnl\u00fck \u00fcr\u00fcn temini ve dolumu<\/li>\n<\/ul>\n<\/div>\r\n\t<div class=\"bauer-spacer clearfix\" data-desktop=\"34\" data-mobi=\"30\" data-smobi=\"30\"><\/div><div class=\"button-wrap icon-right has-icon\" style=\"\" ><a href=\"\" target=\"_self\" class=\"bauer-button btn-82173189 small custom accent\" style=\"border-radius:30px;\"  data-text=\"#ffffff\" data-text-hover=\"#ffffff\" data-background-hover=\"#000000\" data-border-hover=\"#000000\">\r\n\t\t<span style=\"\">PDF FORMATINDA \u0130ND\u0130R <span class=\"icon\" style=\"\"><i class=\"typcn typcn-arrow-down-thick\"><\/i><\/span><\/span>\r\n\t<\/a><\/div><\/div><\/div><\/div><\/div><\/div><\/div>\r\n\t<div class=\"bauer-spacer clearfix\" data-desktop=\"100\" data-mobi=\"60\" data-smobi=\"60\"><\/div><\/div><\/div><\/div><\/div><\/div><\/section><\/div><div class=\"vc-custom-col-spacing clearfix vc-col-spacing-30\"><section class=\"wpb_row vc_row-fluid row-content-position-Default\"><div class=\"bauer-container\"><div class=\"row-inner clearfix\"><div class=\"wpb_column vc_column_container vc_col-sm-12\"><div class=\"vc_column-inner\"><div class=\"wpb_wrapper\"><div class=\"bauer-divider divider-center divider-solid\" style=\"border-width:1px;border-top-color:#dbdbdb;\"><\/div><div class=\"clearfix\"><\/div><\/div><\/div><\/div><\/div><\/div><\/section><\/div><div class=\"vc-custom-col-spacing clearfix vc-col-spacing-30\"><section class=\"wpb_row vc_row-fluid vc_custom_1613473918374 vc_row-has-fill row-content-position-Default\"><div class=\"bauer-container\"><div class=\"row-inner clearfix\"><div class=\"wpb_column vc_column_container vc_col-sm-12\"><div class=\"vc_column-inner\"><div class=\"wpb_wrapper\">\r\n\t<div class=\"bauer-spacer clearfix\" data-desktop=\"100\" data-mobi=\"60\" data-smobi=\"60\"><\/div><div class=\"bauer-content-box clearfix\" ><div class=\"vc-custom-col-inner-spacing clearfix vc-col-inner-spacing-30\"><div class=\"wpb_row vc_inner vc_row-fluid\"><div class=\"wpb_column vc_column_container vc_col-sm-6\"><div class=\"vc_column-inner\"><div class=\"wpb_wrapper\"><div class=\"bauer-content-box clearfix\" data-padding=\"53px 35px 60px 35px\" data-mobipadding=\"50px 35px 50px 35px\" data-margin=\"\" data-mobimargin=\"\" >\r\n\t\t<div class=\"inner ctb-315222369\" style=\"\"  data-background=\"#ffffff\" data-rounded=\"5px\" data-border-width=\"1px\" data-shadow=\" 0px 0px 20px 0px rgba(3,15,39,0.07)\">\r\n\t\t\t<div class=\"bauer-headings clearfix text-center\" data-font=\"22\" style=\"\"><h2 class=\"heading clearfix\" style=\"margin-bottom:15px;font-size:22px;\">\r\n\t\tTeknik Destek Formu\r\n\t<\/h2><p class=\"sub-heading clearfix\" style=\"font-style:normal;max-width:400px;margin-left: auto; margin-right: auto;\">\r\n\t\t\u0130leti\u015fim formundan teknik destek ihtiyac\u0131n\u0131z\u0131 bizimle payla\u015fman\u0131z durumunda sizinle en k\u0131sa s\u00fcrede uzman ekibimiz ileti\u015fim kuracakt\u0131r.\r\n\t<\/p><\/div>\r\n\t<div class=\"bauer-spacer clearfix\" data-desktop=\"32\" data-mobi=\"32\" data-smobi=\"32\"><\/div>\n<div class=\"wpcf7 no-js\" id=\"wpcf7-f9472-o1\" lang=\"tr-TR\" dir=\"ltr\" data-wpcf7-id=\"9472\">\n<div class=\"screen-reader-response\"><p role=\"status\" aria-live=\"polite\" aria-atomic=\"true\"><\/p> <ul><\/ul><\/div>\n<form action=\"\/en\/wp-json\/wp\/v2\/pages\/9495#wpcf7-f9472-o1\" method=\"post\" class=\"wpcf7-form init\" aria-label=\"\u0130leti\u015fim Formu\" novalidate=\"novalidate\" data-status=\"init\" data-trp-original-action=\"\/en\/wp-json\/wp\/v2\/pages\/9495#wpcf7-f9472-o1\">\n<fieldset class=\"hidden-fields-container\"><input type=\"hidden\" name=\"_wpcf7\" value=\"9472\" \/><input type=\"hidden\" name=\"_wpcf7_version\" value=\"6.1.5\" \/><input type=\"hidden\" name=\"_wpcf7_locale\" value=\"tr_TR\" \/><input type=\"hidden\" name=\"_wpcf7_unit_tag\" value=\"wpcf7-f9472-o1\" \/><input type=\"hidden\" name=\"_wpcf7_container_post\" value=\"0\" \/><input type=\"hidden\" name=\"_wpcf7_posted_data_hash\" value=\"\" \/><input type=\"hidden\" name=\"_wpcf7_recaptcha_response\" value=\"\" \/>\n<\/fieldset>\n<div class=\"cf7-style-2\">\n\t<div class=\"name-wrap\">\n\t\t<p><label>Ad\u0131 Soyad\u0131<br \/>\n<span class=\"wpcf7-form-control-wrap\" data-name=\"your-name\"><input size=\"40\" maxlength=\"400\" class=\"wpcf7-form-control wpcf7-text wpcf7-validates-as-required\" aria-required=\"true\" aria-invalid=\"false\" placeholder=\"\" value=\"\" type=\"text\" name=\"your-name\" \/><\/span><\/label>\n\t\t<\/p>\n\t<\/div>\n\t<div class=\"phone-wrap\">\n\t\t<p><label>Email Adresiniz<br \/>\n<span class=\"wpcf7-form-control-wrap\" data-name=\"email-adres\"><input size=\"40\" maxlength=\"400\" class=\"wpcf7-form-control wpcf7-email wpcf7-text wpcf7-validates-as-email\" aria-invalid=\"false\" placeholder=\"T\u00fcrk\u00e7e Karakter Olmadan\" value=\"\" type=\"email\" name=\"email-adres\" \/><\/span><\/label>\n\t\t<\/p>\n\t<\/div>\n\t<div class=\"email-wrap\">\n\t\t<p><label>Cep Telefonu<br \/>\n<span class=\"wpcf7-form-control-wrap\" data-name=\"cep-telefonu\"><input size=\"40\" maxlength=\"400\" class=\"wpcf7-form-control wpcf7-tel wpcf7-validates-as-required wpcf7-text wpcf7-validates-as-tel\" aria-required=\"true\" aria-invalid=\"false\" placeholder=\"Ba\u015f\u0131nda 0 Olmadan\" value=\"\" type=\"tel\" name=\"cep-telefonu\" \/><\/span><\/label>\n\t\t<\/p>\n\t<\/div>\n\t<div class=\"message-wrap\">\n\t\t<p><span class=\"wpcf7-form-control-wrap\" data-name=\"your-message\"><textarea cols=\"40\" rows=\"10\" maxlength=\"2000\" class=\"wpcf7-form-control wpcf7-textarea\" aria-invalid=\"false\" placeholder=\"Mesaj\u0131n\u0131z\" name=\"your-message\"><\/textarea><\/span>\n\t\t<\/p>\n\t<\/div>\n\t<div>\n\t<\/div>\n\t<div>\n\t\t<p><a href=\"\/en\/iletisim-formunda-islenen-kisisel-verilere-iliskin-aydinlatma-metni\/\"\">\u0130leti\u015fim Formunda i\u015flenen ki\u015fisel verilere ili\u015fkin Ayd\u0131nlatma Metni\u2019ni<\/a>\n\t\t<\/p>\n\t<\/div>\n\t<div class=\"message-wrap\">\n\t\t<p><span class=\"wpcf7-form-control-wrap\" data-name=\"KabulEtme\"><span class=\"wpcf7-form-control wpcf7-radio\"><span class=\"wpcf7-list-item first last\"><label><input type=\"radio\" name=\"KabulEtme\" value=\"Okudum Anlad\u0131m\" checked=\"checked\" \/><span class=\"wpcf7-list-item-label\">Okudum Anlad\u0131m<\/span><\/label><\/span><\/span><\/span>\n\t\t<\/p>\n\t<\/div>\n\t<div class=\"submit-wrap\">\n\t\t<p><span><input class=\"wpcf7-form-control wpcf7-submit has-spinner\" type=\"submit\" value=\"G\u00d6NDER\" \/><\/span>\n\t\t<\/p>\n\t<\/div>\n<\/div><p style=\"display: none !important;\" class=\"akismet-fields-container\" data-prefix=\"_wpcf7_ak_\"><label>&#916;<textarea name=\"_wpcf7_ak_hp_textarea\" cols=\"45\" rows=\"8\" maxlength=\"100\"><\/textarea><\/label><input type=\"hidden\" id=\"ak_js_1\" name=\"_wpcf7_ak_js\" value=\"188\"\/><script>document.getElementById( \"ak_js_1\" ).setAttribute( \"value\", ( new Date() ).getTime() );<\/script><\/p><div class=\"wpcf7-response-output\" aria-hidden=\"true\"><\/div>\n<input type=\"hidden\" name=\"trp-form-language\" value=\"en\"\/><\/form>\n<\/div>\n\r\n\t\t<\/div>\r\n\t<\/div><\/div><\/div><\/div><div class=\"wpb_column vc_column_container vc_col-sm-6\"><div class=\"vc_column-inner\"><div class=\"wpb_wrapper\">\r\n\t<div class=\"bauer-spacer clearfix\" data-desktop=\"30\" data-mobi=\"20\" data-smobi=\"20\"><\/div><div class=\"bauer-content-box clearfix\" data-padding=\"0px 0px 0px 37px\" data-mobipadding=\"0px 0px 0px 0px\" data-margin=\"\" data-mobimargin=\"\" >\r\n\t\t<div class=\"inner ctb-141346266\" style=\"\"  data-background=\"\">\r\n\t\t\t<h2 class=\"bauer-text clearfix\" style=\"font-size:42px;line-height:50px;margin-bottom:12px;\"><p><span class=\"font-weight-300\">Bizimle<\/span> \u0130leti\u015fime Ge\u00e7in! <span class=\"font-weight-300\"><\/span><\/p>\n<\/h2><div class=\"bauer-text clearfix\" style=\"color:#000000;\"><p>Her t\u00fcrl\u00fc g\u00f6r\u00fc\u015f, \u00f6neri, ele\u015ftirilerinizi bize iletebilirsiniz.<\/p>\n<\/div>\r\n\t<div class=\"bauer-spacer clearfix\" data-desktop=\"40\" data-mobi=\"20\" data-smobi=\"20\"><\/div><div class=\"bauer-icon-box clearfix icon-left align-left  simple\" style=\"\" ><div class=\"wrap-inner\" style=\"position: relative;\"><div class=\"bauer-icon icon-1251795649 custom custom\"  data-icon=\"#ffffff\" data-background=\"#008baf\">\r\n\t\t\t\t<span class=\"icon\" style=\"font-size:32px;width:70px;height:70px;border-style:solid;border-radius:40px;line-height:74px;margin-top:4px; box-shadow: 0px 0px 0px 5px #008baf\"><i class=\"elegant-icon_pin_alt\"><\/i><\/span>\r\n\t\t\t<\/div> <h3 class=\"heading\" style=\"padding-left:90px;color:#000000;font-size:18px;margin-bottom:1px;\">\r\n\t\t\t<span>Adres<\/span>\r\n\t\t<\/h3><div class=\"desc\" style=\"padding-left:90px;color:#727272;margin-bottom:30px;\"><div style=\"font-weight: 600; color: ##727272;\"><span style=\"vertical-align: inherit;\">Adres: Mehmet Akif Mah. A\u015f\u0131k Veysel Cad. K\u0131lavuz Sok. No:20\/22 \u0130kitelli\/ \u0130STANBUL<br \/>\n<\/span><\/div>\n<\/div> <\/div><\/div><div class=\"bauer-divider divider-left divider-solid\" style=\"border-top-color:#e7e7e7;\"><\/div><div class=\"clearfix\"><\/div><div class=\"bauer-icon-box clearfix icon-left align-left  simple\" style=\"\" ><div class=\"wrap-inner\" style=\"position: relative;\"><div class=\"bauer-icon icon-621940671 custom custom\"  data-icon=\"#ffffff\" data-background=\"#008baf\">\r\n\t\t\t\t<span class=\"icon\" style=\"font-size:32px;width:70px;height:70px;border-style:solid;border-radius:40px;line-height:74px;margin-top:4px; box-shadow: 0px 0px 0px 5px #008baf\"><i class=\"elegant-icon_phone\"><\/i><\/span>\r\n\t\t\t<\/div> <h3 class=\"heading\" style=\"padding-left:90px;font-size:18px;margin-top:30px;\">\r\n\t\t\t<span>Telefon<\/span>\r\n\t\t<\/h3><div class=\"desc\" style=\"padding-left:90px;color:#000000;margin-bottom:30px;\"><div style=\"font-weight: 600; color: #727272;\"><span style=\"vertical-align: inherit;\">+90 444 0 553<\/span><\/div>\n<\/div> <\/div><\/div>\r\n\t<div class=\"bauer-spacer clearfix\" data-desktop=\"18\" data-mobi=\"18\" data-smobi=\"18\"><\/div><div class=\"bauer-divider divider-left divider-solid\" style=\"border-top-color:#e7e7e7;\"><\/div><div class=\"clearfix\"><\/div><div class=\"bauer-icon-box clearfix icon-left align-left  simple\" style=\"\" ><div class=\"wrap-inner\" style=\"position: relative;\"><div class=\"bauer-icon icon-548359877 custom custom\"  data-icon=\"#ffffff\" data-background=\"#008baf\">\r\n\t\t\t\t<span class=\"icon\" style=\"font-size:32px;width:70px;height:70px;border-style:solid;border-radius:40px;line-height:74px;margin-top:4px; box-shadow: 0px 0px 0px 5px #008baf\"><i class=\"elegant-icon_mail_alt\"><\/i><\/span>\r\n\t\t\t<\/div> <h3 class=\"heading\" style=\"padding-left:90px;font-size:18px;margin-top:30px;\">\r\n\t\t\t<span>Email<\/span>\r\n\t\t<\/h3><div class=\"desc\" style=\"padding-left:90px;margin-bottom:30px;\"><div style=\"font-weight: 600; color: ##727272;\"><span style=\"vertical-align: inherit;\"> info@macgal-wordpress.server.worgoo.com<\/span><\/div>\n<\/div> <\/div><\/div>\r\n\t<div class=\"bauer-spacer clearfix\" data-desktop=\"18\" data-mobi=\"18\" data-smobi=\"18\"><\/div>\r\n\t\t<\/div>\r\n\t<\/div><\/div><\/div><\/div><\/div><\/div><\/div><\/div><\/div><\/div><\/div><\/div><\/section><\/div>","protected":false},"excerpt":{"rendered":"MACGAL OTOMAT Profesyonel Teknik Destek Ekibi \u0130le Yan\u0131n\u0131zda Macgal Otomat olarak uzman ekibimiz ile sizlere h\u0131zl\u0131, g\u00fcvenilir ve %100 memnuniyetinizi \u00f6nemseyerek destek sa\u011fl\u0131yoruz. Otomat kurulumu, \u00f6deme sistemi, montaj ve yedek par\u00e7a deste\u011finden otomatlar\u0131n hammadde, \u00fcr\u00fcn dolumu ve teknik deste\u011fe kadar resmi tatiller de dahil olmak \u00fczere 7 g\u00fcn 24 saat","protected":false},"author":1,"featured_media":0,"parent":0,"menu_order":0,"comment_status":"closed","ping_status":"closed","template":"","meta":{"footnotes":""},"class_list":["post-9495","page","type-page","status-publish","hentry"],"_links":{"self":[{"href":"https:\/\/macgal-wordpress.server.worgoo.com\/en\/wp-json\/wp\/v2\/pages\/9495","targetHints":{"allow":["GET"]}}],"collection":[{"href":"https:\/\/macgal-wordpress.server.worgoo.com\/en\/wp-json\/wp\/v2\/pages"}],"about":[{"href":"https:\/\/macgal-wordpress.server.worgoo.com\/en\/wp-json\/wp\/v2\/types\/page"}],"author":[{"embeddable":true,"href":"https:\/\/macgal-wordpress.server.worgoo.com\/en\/wp-json\/wp\/v2\/users\/1"}],"replies":[{"embeddable":true,"href":"https:\/\/macgal-wordpress.server.worgoo.com\/en\/wp-json\/wp\/v2\/comments?post=9495"}],"version-history":[{"count":0,"href":"https:\/\/macgal-wordpress.server.worgoo.com\/en\/wp-json\/wp\/v2\/pages\/9495\/revisions"}],"wp:attachment":[{"href":"https:\/\/macgal-wordpress.server.worgoo.com\/en\/wp-json\/wp\/v2\/media?parent=9495"}],"curies":[{"name":"wp","href":"https:\/\/api.w.org\/{rel}","templated":true}]}}