{"id":9481,"date":"2021-04-06T03:01:04","date_gmt":"2021-04-06T03:01:04","guid":{"rendered":"http:\/\/macgal-wordpress.server.worgoo.com\/?page_id=9481"},"modified":"2022-09-28T07:27:21","modified_gmt":"2022-09-28T07:27:21","slug":"otomatlar","status":"publish","type":"page","link":"https:\/\/macgal-wordpress.server.worgoo.com\/en\/urunler\/","title":{"rendered":"Otomatlar"},"content":{"rendered":"<div class=\"vc-custom-col-spacing clearfix vc-col-spacing-30\"><section class=\"wpb_row vc_row-fluid vc_custom_1612872749512 vc_row-has-fill row-content-position-Default\"><div class=\"bauer-container\"><div class=\"row-inner clearfix\"><div class=\"wpb_column vc_column_container vc_col-sm-12\"><div class=\"vc_column-inner\"><div class=\"wpb_wrapper\"><div class=\"bauer-content-box clearfix\" data-padding=\"0px 15px 0px 15px\" data-mobipadding=\"0px 15px 0px 15px\" data-margin=\"\" data-mobimargin=\"\" >\r\n\t\t<div class=\"inner ctb-106664867\" style=\"\"  data-background=\"\">\r\n\t\t\t<h2 class=\"bauer-text clearfix text-center\" style=\"font-size:42px;line-height:50px;margin-bottom:30px;max-width:730px;margin-left: auto; margin-right: auto;\"><p><span class=\"font-weight-300\"><\/span> Macgal Otomat <span class=\"font-weight-300\"><br \/>\nT\u00fcrkiye\u2019nin Her Yerinde<\/span><\/p>\n<\/h2><div class=\"bauer-text clearfix text-center\" style=\"font-size:18px;line-height:30px;color:#414042;max-width:730px;margin-left: auto; margin-right: auto;\"><p><span class=\"font-weight-300\">Macgal Otomat&#8217;\u0131n<\/span> Y\u00fcksek Teknolojiye Sahip <span class=\"font-weight-300\">Otomatlar\u0131 T\u00fcrkiye\u2019nin Her Yerinde<\/span><\/p>\n<\/div>\r\n\t\t<\/div>\r\n\t<\/div>\r\n\t<div class=\"bauer-spacer clearfix\" data-desktop=\"20\" data-mobi=\"15\" data-smobi=\"15\"><\/div><\/div><\/div><\/div><\/div><\/div><\/section><\/div><div class=\"vc-custom-col-spacing clearfix vc-col-spacing-30\"><section class=\"wpb_row vc_row-fluid row-content-position-Default\"><div class=\"bauer-container\"><div class=\"row-inner clearfix\"><div class=\"wpb_column vc_column_container vc_col-sm-4\"><div class=\"vc_column-inner\"><div class=\"wpb_wrapper\">\r\n\t<div class=\"bauer-spacer clearfix\" data-desktop=\"20\" data-mobi=\"20\" data-smobi=\"20\"><\/div><div class=\"bauer-image-box clearfix style-3 text-center\" style=\"\" >\r\n        <div class=\"item\">\r\n            <div class=\"inner\">\r\n                <div class=\"thumb\" style=\"\"><img loading=\"lazy\" decoding=\"async\" width=\"450\" height=\"464\" src=\"https:\/\/macgal-wordpress.server.worgoo.com\/wp-content\/uploads\/2022\/09\/Bas\u0327liksiZz-3yiyecek-ic\u0327ecek.jpg\" class=\"attachment-full size-full\" alt=\"\" srcset=\"https:\/\/macgal-wordpress.server.worgoo.com\/wp-content\/uploads\/2022\/09\/Bas\u0327liksiZz-3yiyecek-ic\u0327ecek.jpg 450w, https:\/\/macgal-wordpress.server.worgoo.com\/wp-content\/uploads\/2022\/09\/Bas\u0327liksiZz-3yiyecek-ic\u0327ecek-291x300.jpg 291w\" sizes=\"auto, (max-width: 450px) 100vw, 450px\" \/> <div class=\"hover-layer\"><a href=\"http:\/\/macgal-wordpress.server.worgoo.com\/en\/urunler\/otomatlar\/yiyecek-icecek-otomatlari\/\" class=\"icon\"><span class=\"elegant-icon_plus_alt\"><\/span><\/a><\/div><\/div>\r\n                <div class=\"text-wrap\" style=\" padding:10px 5px 5px 5px;\">\r\n                      \r\n                <\/div>\r\n                \r\n            <\/div>\r\n        <\/div>\r\n    <\/div><\/div><\/div><\/div><div class=\"wpb_column vc_column_container vc_col-sm-4\"><div class=\"vc_column-inner\"><div class=\"wpb_wrapper\">\r\n\t<div class=\"bauer-spacer clearfix\" data-desktop=\"20\" data-mobi=\"20\" data-smobi=\"20\"><\/div><div class=\"bauer-image-box clearfix style-3 text-center\" style=\"\" >\r\n        <div class=\"item\">\r\n            <div class=\"inner\">\r\n                <div class=\"thumb\" style=\"\"><img loading=\"lazy\" decoding=\"async\" width=\"450\" height=\"464\" src=\"https:\/\/macgal-wordpress.server.worgoo.com\/wp-content\/uploads\/2022\/09\/Bas\u0327liksiZz-3sicak-ic\u0327ecek.jpg\" class=\"attachment-full size-full\" alt=\"\" srcset=\"https:\/\/macgal-wordpress.server.worgoo.com\/wp-content\/uploads\/2022\/09\/Bas\u0327liksiZz-3sicak-ic\u0327ecek.jpg 450w, https:\/\/macgal-wordpress.server.worgoo.com\/wp-content\/uploads\/2022\/09\/Bas\u0327liksiZz-3sicak-ic\u0327ecek-291x300.jpg 291w\" sizes=\"auto, (max-width: 450px) 100vw, 450px\" \/> <div class=\"hover-layer\"><a href=\"http:\/\/macgal-wordpress.server.worgoo.com\/en\/urunler\/otomatlar\/sicak-icecek-otomatlari\/\" class=\"icon\"><span class=\"elegant-icon_plus_alt\"><\/span><\/a><\/div><\/div>\r\n                <div class=\"text-wrap\" style=\" padding:10px 5px 5px 5px;\">\r\n                      \r\n                <\/div>\r\n                \r\n            <\/div>\r\n        <\/div>\r\n    <\/div><\/div><\/div><\/div><div class=\"wpb_column vc_column_container vc_col-sm-4\"><div class=\"vc_column-inner\"><div class=\"wpb_wrapper\">\r\n\t<div class=\"bauer-spacer clearfix\" data-desktop=\"20\" data-mobi=\"20\" data-smobi=\"20\"><\/div><div class=\"bauer-image-box clearfix style-3 text-center\" style=\"\" >\r\n        <div class=\"item\">\r\n            <div class=\"inner\">\r\n                <div class=\"thumb\" style=\"\"><img loading=\"lazy\" decoding=\"async\" width=\"450\" height=\"464\" src=\"https:\/\/macgal-wordpress.server.worgoo.com\/wp-content\/uploads\/2022\/09\/Bas\u0327liksiZz-3sog\u0306uk-ic\u0327ecek.jpg\" class=\"attachment-full size-full\" alt=\"\" srcset=\"https:\/\/macgal-wordpress.server.worgoo.com\/wp-content\/uploads\/2022\/09\/Bas\u0327liksiZz-3sog\u0306uk-ic\u0327ecek.jpg 450w, https:\/\/macgal-wordpress.server.worgoo.com\/wp-content\/uploads\/2022\/09\/Bas\u0327liksiZz-3sog\u0306uk-ic\u0327ecek-291x300.jpg 291w\" sizes=\"auto, (max-width: 450px) 100vw, 450px\" \/> <div class=\"hover-layer\"><a href=\"http:\/\/macgal-wordpress.server.worgoo.com\/en\/soguk-icecek-otomatlari\/\" class=\"icon\"><span class=\"elegant-icon_plus_alt\"><\/span><\/a><\/div><\/div>\r\n                <div class=\"text-wrap\" style=\" padding:10px 5px 5px 5px;\">\r\n                      \r\n                <\/div>\r\n                \r\n            <\/div>\r\n        <\/div>\r\n    <\/div><\/div><\/div><\/div><\/div><\/div><\/section><\/div>","protected":false},"excerpt":{"rendered":"Macgal Otomat T\u00fcrkiye\u2019nin Her Yerinde Macgal Otomat'\u0131n Y\u00fcksek Teknolojiye Sahip Otomatlar\u0131 T\u00fcrkiye\u2019nin Her Yerinde","protected":false},"author":1,"featured_media":0,"parent":0,"menu_order":0,"comment_status":"closed","ping_status":"closed","template":"","meta":{"footnotes":""},"class_list":["post-9481","page","type-page","status-publish","hentry"],"_links":{"self":[{"href":"https:\/\/macgal-wordpress.server.worgoo.com\/en\/wp-json\/wp\/v2\/pages\/9481","targetHints":{"allow":["GET"]}}],"collection":[{"href":"https:\/\/macgal-wordpress.server.worgoo.com\/en\/wp-json\/wp\/v2\/pages"}],"about":[{"href":"https:\/\/macgal-wordpress.server.worgoo.com\/en\/wp-json\/wp\/v2\/types\/page"}],"author":[{"embeddable":true,"href":"https:\/\/macgal-wordpress.server.worgoo.com\/en\/wp-json\/wp\/v2\/users\/1"}],"replies":[{"embeddable":true,"href":"https:\/\/macgal-wordpress.server.worgoo.com\/en\/wp-json\/wp\/v2\/comments?post=9481"}],"version-history":[{"count":0,"href":"https:\/\/macgal-wordpress.server.worgoo.com\/en\/wp-json\/wp\/v2\/pages\/9481\/revisions"}],"wp:attachment":[{"href":"https:\/\/macgal-wordpress.server.worgoo.com\/en\/wp-json\/wp\/v2\/media?parent=9481"}],"curies":[{"name":"wp","href":"https:\/\/api.w.org\/{rel}","templated":true}]}}