{"id":9461,"date":"2021-04-06T02:36:11","date_gmt":"2021-04-06T02:36:11","guid":{"rendered":"http:\/\/macgal-wordpress.server.worgoo.com\/?page_id=9461"},"modified":"2021-04-08T09:29:03","modified_gmt":"2021-04-08T09:29:03","slug":"corporate","status":"publish","type":"page","link":"https:\/\/macgal-wordpress.server.worgoo.com\/en\/kurumsal\/","title":{"rendered":"Macgal Hakk\u0131m\u0131zda"},"content":{"rendered":"<div class=\"vc-custom-col-spacing clearfix vc-col-spacing-30\"><section class=\"wpb_row vc_row-fluid vc_custom_1606750405001 vc_row-has-fill row-content-position-Default\"><div class=\"bauer-container\"><div class=\"row-inner clearfix\"><div class=\"wpb_column vc_column_container vc_col-sm-12\"><div class=\"vc_column-inner\"><div class=\"wpb_wrapper\"><div class=\"bauer-content-box clearfix\" ><div class=\"vc-custom-col-inner-spacing clearfix vc-col-inner-spacing-65\"><div class=\"wpb_row vc_inner vc_row-fluid\"><div class=\"wpb_column vc_column_container vc_col-sm-6\"><div class=\"vc_column-inner\"><div class=\"wpb_wrapper\"><div class=\"bauer-single-heading clearfix\" style=\"margin-bottom:25px;\"><span class=\"inner\"><span class=\"heading clearfix  accent\" style=\"font-weight:600;font-size:16px;\">\r\n\t\tMacgal Group\r\n\t<\/span><\/span><\/div><h2 class=\"bauer-text clearfix\" style=\"font-size:38px;line-height:50px;margin-bottom:32px;\"><p>Memnuniyet ve<br \/>\nBa\u015far\u0131 ile ge\u00e7en 22 Y\u0131l <\/p>\n<\/h2><div class=\"bauer-text clearfix\" style=\"color:#030f27;\"><p>1998 y\u0131l\u0131nda ticaret hayat\u0131na ba\u015flayan ve d\u00f6rt karde\u015fin uyumlu ve birlikte hareket etmesiyle bug\u00fcnlere gelen Macgal Otomat, s\u00fcrekli kendini yenileyen, T\u00fcrkiye ve t\u00fcm D\u00fcnyada yat\u0131r\u0131mlar\u0131n\u0131 artt\u0131rarak devam etmektedir.<\/p>\n<p>Ticaret hayat\u0131ndaki tek ilkemiz olan \u00e7al\u0131\u015fmak ve i\u015fimizi her \u015feyden \u00f6nce tutmam\u0131z firmam\u0131z\u0131 bug\u00fcnlere ta\u015f\u0131m\u0131\u015ft\u0131r.<br \/>\nM\u00fc\u015fteri memnuniyeti ve g\u00fcven ise vazge\u00e7ilmez do\u011frular\u0131m\u0131zd\u0131r.<\/p>\n<\/div>\r\n\t<div class=\"bauer-spacer clearfix\" data-desktop=\"34\" data-mobi=\"30\" data-smobi=\"30\"><\/div><\/div><\/div><\/div><div class=\"wpb_column vc_column_container vc_col-sm-6\"><div class=\"vc_column-inner\"><div class=\"wpb_wrapper\"><div class=\"bauer-image-box clearfix style-1\" style=\"\" >\r\n        <div class=\"item\">\r\n            <div class=\"inner\">\r\n                <div class=\"thumb\" style=\"\"><img loading=\"lazy\" decoding=\"async\" width=\"570\" height=\"660\" src=\"https:\/\/macgal-wordpress.server.worgoo.com\/wp-content\/uploads\/2021\/04\/hakki-iyibas\u0327-macgal-otomat-macgal-group-23-yil-01.png\" class=\"attachment-full size-full\" alt=\"\" srcset=\"https:\/\/macgal-wordpress.server.worgoo.com\/wp-content\/uploads\/2021\/04\/hakki-iyibas\u0327-macgal-otomat-macgal-group-23-yil-01.png 570w, https:\/\/macgal-wordpress.server.worgoo.com\/wp-content\/uploads\/2021\/04\/hakki-iyibas\u0327-macgal-otomat-macgal-group-23-yil-01-259x300.png 259w, https:\/\/macgal-wordpress.server.worgoo.com\/wp-content\/uploads\/2021\/04\/hakki-iyibas\u0327-macgal-otomat-macgal-group-23-yil-01-480x556.png 480w\" sizes=\"auto, (max-width: 570px) 100vw, 570px\" \/> <\/div>\r\n                <div class=\"text-wrap\" style=\"\">\r\n                      \r\n                <\/div>\r\n                \r\n            <\/div>\r\n        <\/div>\r\n    <\/div><\/div><\/div><\/div><\/div><\/div><\/div><\/div><\/div><\/div><\/div><\/div><\/section><\/div>","protected":false},"excerpt":{"rendered":"Macgal Group Memnuniyet ve Ba\u015far\u0131 ile ge\u00e7en 22 Y\u0131l 1998 y\u0131l\u0131nda ticaret hayat\u0131na ba\u015flayan ve d\u00f6rt karde\u015fin uyumlu ve birlikte hareket etmesiyle bug\u00fcnlere gelen Macgal Otomat, s\u00fcrekli kendini yenileyen, T\u00fcrkiye ve t\u00fcm D\u00fcnyada yat\u0131r\u0131mlar\u0131n\u0131 artt\u0131rarak devam etmektedir. Ticaret hayat\u0131ndaki tek ilkemiz olan \u00e7al\u0131\u015fmak ve i\u015fimizi her \u015feyden \u00f6nce tutmam\u0131z firmam\u0131z\u0131","protected":false},"author":1,"featured_media":0,"parent":0,"menu_order":0,"comment_status":"closed","ping_status":"closed","template":"","meta":{"footnotes":""},"class_list":["post-9461","page","type-page","status-publish","hentry"],"_links":{"self":[{"href":"https:\/\/macgal-wordpress.server.worgoo.com\/en\/wp-json\/wp\/v2\/pages\/9461","targetHints":{"allow":["GET"]}}],"collection":[{"href":"https:\/\/macgal-wordpress.server.worgoo.com\/en\/wp-json\/wp\/v2\/pages"}],"about":[{"href":"https:\/\/macgal-wordpress.server.worgoo.com\/en\/wp-json\/wp\/v2\/types\/page"}],"author":[{"embeddable":true,"href":"https:\/\/macgal-wordpress.server.worgoo.com\/en\/wp-json\/wp\/v2\/users\/1"}],"replies":[{"embeddable":true,"href":"https:\/\/macgal-wordpress.server.worgoo.com\/en\/wp-json\/wp\/v2\/comments?post=9461"}],"version-history":[{"count":0,"href":"https:\/\/macgal-wordpress.server.worgoo.com\/en\/wp-json\/wp\/v2\/pages\/9461\/revisions"}],"wp:attachment":[{"href":"https:\/\/macgal-wordpress.server.worgoo.com\/en\/wp-json\/wp\/v2\/media?parent=9461"}],"curies":[{"name":"wp","href":"https:\/\/api.w.org\/{rel}","templated":true}]}}