{"id":9457,"date":"2021-04-06T02:32:07","date_gmt":"2021-04-06T02:32:07","guid":{"rendered":"http:\/\/macgal-wordpress.server.worgoo.com\/?page_id=9457"},"modified":"2021-04-06T09:27:16","modified_gmt":"2021-04-06T09:27:16","slug":"kalite-politikamiz","status":"publish","type":"page","link":"https:\/\/macgal-wordpress.server.worgoo.com\/en\/kalite-politikamiz\/","title":{"rendered":"Kalite Politikam\u0131z"},"content":{"rendered":"<div class=\"vc-custom-col-spacing clearfix vc-col-spacing-30\"><section class=\"wpb_row vc_row-fluid vc_custom_1606750405001 vc_row-has-fill row-content-position-Default\"><div class=\"bauer-container\"><div class=\"row-inner clearfix\"><div class=\"wpb_column vc_column_container vc_col-sm-12\"><div class=\"vc_column-inner\"><div class=\"wpb_wrapper\"><div class=\"bauer-content-box clearfix\" ><div class=\"vc-custom-col-inner-spacing clearfix vc-col-inner-spacing-65\"><div class=\"wpb_row vc_inner vc_row-fluid\"><div class=\"wpb_column vc_column_container vc_col-sm-6\"><div class=\"vc_column-inner\"><div class=\"wpb_wrapper\"><div class=\"bauer-single-heading clearfix \" style=\"margin-bottom:25px;\"><span class=\"inner\"><span class=\"heading clearfix  accent\" style=\"font-weight:600;font-size:16px;\">\r\n\t\tMcgal Group\r\n\t<\/span><\/span><\/div><h2 class=\"bauer-text clearfix \" style=\"font-size:38px;line-height:50px;margin-bottom:32px;\"><p>T\u00fcrkiye&#8217;nin Otomat Markas\u0131 Macgal Otomat <\/p>\n<\/h2><div class=\"bauer-text clearfix \" style=\"color:#030f27;\"><p>Macgal Otomat olarak; odak noktam\u0131z, T\u00fcrkiye&#8217;de otomat \u00fcretiminde ve sat\u0131\u015f\u0131nda, kalitemizi s\u00fcrekli iyile\u015ftirmek ve m\u00fc\u015fteri taleplerinin en \u00fcst d\u00fczeyde kar\u015f\u0131lamakt\u0131r. M\u00fc\u015fterilerimizden gelen t\u00fcm geri bildirimleri kalitemizi de\u011ferlendirmek ve iyile\u015ftirmek i\u00e7in de\u011ferli birer ara\u00e7 olarak g\u00f6r\u00fcr\u00fcz.<\/p>\n<p>Hedefe ula\u015fmak i\u00e7in \u00e7izdi\u011fimiz rotada;<br \/>\nM\u00fc\u015fteri beklentilerini kar\u015f\u0131lamaya,<br \/>\nUlusal ve uluslararas\u0131 standartlar\u0131n gerekliliklerini sa\u011flamaya,<br \/>\nYasal mevzuat \u015fartlar\u0131n\u0131 kar\u015f\u0131lamaya,<br \/>\nGelece\u011fe temiz bir d\u00fcnya b\u0131rakmaya<br \/>\ngayret ederiz.<\/p>\n<p>Teknolojik geli\u015fmeleri ve yeni m\u00fc\u015fteri taleplerini en \u00fcst seviyede kar\u015f\u0131layabilmek i\u00e7in bir Ar-Ge merkezimiz ve en geli\u015fmi\u015f teknolojiye sahip \u00fcretim tesislerimizden faydalan\u0131r\u0131z. Y\u0131ll\u0131k olarak Kalite Y\u00f6netim Sistemimizin etkinli\u011fini de\u011ferlendirmek \u00fczere Y\u00f6netim G\u00f6zden Ge\u00e7irme toplant\u0131lar\u0131 d\u00fczenler ve gerekti\u011finde revize ederiz.<\/p>\n<\/div>\r\n\t<div class=\"bauer-spacer clearfix\" data-desktop=\"34\" data-mobi=\"30\" data-smobi=\"30\"><\/div><\/div><\/div><\/div><div class=\"wpb_column vc_column_container vc_col-sm-6\"><div class=\"vc_column-inner\"><div class=\"wpb_wrapper\"><h2 class=\"bauer-text clearfix \" style=\"\"><div class=\"eg-slideshow-wrap eg-wrap \" data-lightbox-type=\"magnific_popup\"\n     data-gallery-id=\"eYgSxpeZfq\"\n     data-lightbox-status=\"true\"\n     >\n             <div class=\"eg-slideshow-outer-wrap eg-slideshow-outer-layout-1\">\n        <div class=\"eg-slideshow-items-wrap eg-slideshow-layout-1\"\n             data-pause-duration=\"2500\"\n             data-transition-duration=\"500\"\n             data-mode=\"fade\"\n             data-next-previous-controls=\"false\"\n             data-play-pause-controls=\"false\"\n             data-auto-start=\"false\"\n             data-adaptive-height=\"false\"\n             data-pager=\"false\"\n             data-pager-type=\"full\"\n             data-slideshow-id=\"eYgSxpeZfq\"\n                          >\n                 <div class=\"eg-each-item eg-overlay-layout-2 \" data-eg-item-key=\"eg_item_L7vKYYgh3U5yGtO\">\n    \n\n            <div class=\"eg-masonary-padding\">\n            <div class=\"eg-overlay-wrapper\" onclick=\"\">\n\n                <a href=\"https:\/\/macgal-wordpress.server.worgoo.com\/wp-content\/uploads\/2021\/04\/kalite-politikasi.jpg\"\n                   data-lightbox-type=\"magnific_popup\"\n                   rel=\"prettyPhoto[gallery_2]\"\n                   title=\"\"\n                   data-item-type=\"image\"\n                   data-index=\"1\"\n                   data-total-items=\"1\"\n                   >\n                    <img decoding=\"async\" src=\"https:\/\/macgal-wordpress.server.worgoo.com\/wp-content\/uploads\/2021\/04\/kalite-politikasi.jpg\" alt=\"Kalite-politikasi\"\/>\n                <\/a>\n                <div class=\"eg-mask\">\n                    <div class=\"eg-inner-wrapper\">\n                        <div class=\"eg-content-holder\">\r\n            <div class=\"eg-button-holder\">\r\n                            <a href=\"javascript:void(0);\" class=\"eg-zoom\"><i class=\"fa fa-search\" aria-hidden=\"true\"><\/i><\/a>\r\n                                <\/div>\r\n            <\/div>                    <\/div>\n                    <span class=\"add\" style=\"display: none\">\n                        <i class=\"fa fa-plus\"><\/i>\n                    <\/span>\n                                    <\/div>\n                <div class=\"slider-overlay\"><\/div>\n                            <\/div>\n                    <\/div>\n        <!---Blog Layout -->\n<\/div>        <\/div>\n    <\/div>\n<\/div>\n\n\n            <style>\r\n            .mfp-arrow {\n    position: absolute;\n    opacity: 0.65;\n    filter: alpha(opacity=65);\n    margin: 0;\n    top: 50%;\n    margin-top: 0px;\n    padding: 2px;\n    width: px;\n    height: 100px;\n    border-radius: 3px;\n    -webkit-tap-highlight-color: rgba(0, 0, 0, 0);\n}<\/style>\r\n            \n<\/h2><\/div><\/div><\/div><\/div><\/div><\/div><\/div><\/div><\/div><\/div><\/div><\/section><\/div>\n","protected":false},"excerpt":{"rendered":"Mcgal Group T\u00fcrkiye'nin Otomat Markas\u0131 Macgal Otomat Macgal Otomat olarak; odak noktam\u0131z, T\u00fcrkiye'de otomat \u00fcretiminde ve sat\u0131\u015f\u0131nda, kalitemizi s\u00fcrekli iyile\u015ftirmek ve m\u00fc\u015fteri taleplerinin en \u00fcst d\u00fczeyde kar\u015f\u0131lamakt\u0131r. M\u00fc\u015fterilerimizden gelen t\u00fcm geri bildirimleri kalitemizi de\u011ferlendirmek ve iyile\u015ftirmek i\u00e7in de\u011ferli birer ara\u00e7 olarak g\u00f6r\u00fcr\u00fcz. Hedefe ula\u015fmak i\u00e7in \u00e7izdi\u011fimiz rotada; M\u00fc\u015fteri beklentilerini kar\u015f\u0131lamaya,","protected":false},"author":1,"featured_media":0,"parent":0,"menu_order":0,"comment_status":"closed","ping_status":"closed","template":"","meta":{"footnotes":""},"class_list":["post-9457","page","type-page","status-publish","hentry"],"_links":{"self":[{"href":"https:\/\/macgal-wordpress.server.worgoo.com\/en\/wp-json\/wp\/v2\/pages\/9457","targetHints":{"allow":["GET"]}}],"collection":[{"href":"https:\/\/macgal-wordpress.server.worgoo.com\/en\/wp-json\/wp\/v2\/pages"}],"about":[{"href":"https:\/\/macgal-wordpress.server.worgoo.com\/en\/wp-json\/wp\/v2\/types\/page"}],"author":[{"embeddable":true,"href":"https:\/\/macgal-wordpress.server.worgoo.com\/en\/wp-json\/wp\/v2\/users\/1"}],"replies":[{"embeddable":true,"href":"https:\/\/macgal-wordpress.server.worgoo.com\/en\/wp-json\/wp\/v2\/comments?post=9457"}],"version-history":[{"count":0,"href":"https:\/\/macgal-wordpress.server.worgoo.com\/en\/wp-json\/wp\/v2\/pages\/9457\/revisions"}],"wp:attachment":[{"href":"https:\/\/macgal-wordpress.server.worgoo.com\/en\/wp-json\/wp\/v2\/media?parent=9457"}],"curies":[{"name":"wp","href":"https:\/\/api.w.org\/{rel}","templated":true}]}}