{"id":9448,"date":"2021-04-06T02:28:51","date_gmt":"2021-04-06T02:28:51","guid":{"rendered":"http:\/\/macgal-wordpress.server.worgoo.com\/?page_id=9448"},"modified":"2021-04-06T10:43:04","modified_gmt":"2021-04-06T10:43:04","slug":"baskan","status":"publish","type":"page","link":"https:\/\/macgal-wordpress.server.worgoo.com\/en\/baskan\/","title":{"rendered":"Ba\u015fkan"},"content":{"rendered":"<div class=\"vc-custom-col-spacing clearfix vc-col-spacing-30\"><section class=\"wpb_row vc_row-fluid vc_custom_1606750405001 vc_row-has-fill row-content-position-Default\"><div class=\"bauer-container\"><div class=\"row-inner clearfix\"><div class=\"wpb_column vc_column_container vc_col-sm-12\"><div class=\"vc_column-inner\"><div class=\"wpb_wrapper\"><div class=\"bauer-content-box clearfix\" ><div class=\"vc-custom-col-inner-spacing clearfix vc-col-inner-spacing-65\"><div class=\"wpb_row vc_inner vc_row-fluid\"><div class=\"wpb_column vc_column_container vc_col-sm-6\"><div class=\"vc_column-inner\"><div class=\"wpb_wrapper\"><div class=\"bauer-single-heading clearfix\" style=\"margin-bottom:25px;\"><span class=\"inner\"><span class=\"heading clearfix  accent\" style=\"font-weight:600;font-size:16px;\">\r\n\t\tMacgal Group\r\n\t<\/span><\/span><\/div><h2 class=\"bauer-text clearfix\" style=\"font-size:38px;line-height:50px;margin-bottom:32px;\"><p>Y\u00f6netim Kurulu Ba\u015fkan\u0131<br \/>\nHakk\u0131 \u0130yiba\u015f <\/p>\n<\/h2><div class=\"bauer-text clearfix\" style=\"color:#030f27;\"><p>Kalite, do\u011fruluk ve samimiyetle \u00e7\u0131kt\u0131\u011f\u0131m\u0131z bu yolda k\u0131sa s\u00fcrede i\u015f ortaklar\u0131m\u0131z olan sizlerle \u00e7\u0131\u011f gibi b\u00fcy\u00fcrken ilkelerimiz ve yapt\u0131klar\u0131m\u0131z\u0131n ne kadar do\u011fru oldu\u011funu anlam\u0131\u015f , T\u00fcrkiye ve D\u00fcnya&#8217;ya kan\u0131tlam\u0131\u015f olduk.<\/p>\n<p>Tesad\u00fcfen yollar\u0131m\u0131z\u0131n kesi\u015fti\u011fi otomat sekt\u00f6r\u00fc ile , otomat\u0131n ne oldu\u011funu bilmiyorken bug\u00fcn sekt\u00f6r\u00fcm\u00fczde ithalat, imalat ve operasyon olmak \u00fczere \u00fc\u00e7 anakolda da en y\u00fcksek kalite ve ba\u015far\u0131y\u0131 yakalayan tek firma olan Macgal&#8217;\u0131n kurucusu olman\u0131n gururunu ya\u015famaktay\u0131m.<\/p>\n<p>Herkesin bilmesini isterim, felsefem \u015fudur ki;<br \/>\nM\u00fc\u015fteri yoktur, makinelerimi kullanan herkes \u015firketimin orta\u011f\u0131d\u0131r ve firmam\u0131n b\u00fcy\u00fcmesindeki en \u00f6nemli unsurdur.Bu i\u015fe ba\u015flarken ya\u015fam\u0131\u015f oldu\u011fum s\u0131k\u0131nt\u0131lar\u0131 kimsenin ya\u015famamas\u0131 i\u00e7in ben ve \u00e7al\u0131\u015fanlar\u0131m herzaman elimizden geleni yapmakla y\u00fck\u00fcml\u00fcy\u00fczd\u00fcr.<\/p>\n<p>Sevgi ve Sayg\u0131lar\u0131mla,<br \/>\nMacgal Otomat Y\u00f6netim Kurulu Ba\u015fkan\u0131<br \/>\n<strong>Hakk\u0131 \u0130Y\u0130BA\u015e<\/strong><\/p>\n<\/div>\r\n\t<div class=\"bauer-spacer clearfix\" data-desktop=\"34\" data-mobi=\"30\" data-smobi=\"30\"><\/div><\/div><\/div><\/div><div class=\"wpb_column vc_column_container vc_col-sm-6\"><div class=\"vc_column-inner\"><div class=\"wpb_wrapper\"><div class=\"bauer-image-box clearfix style-1\" style=\"\" >\r\n        <div class=\"item\">\r\n            <div class=\"inner\">\r\n                <div class=\"thumb\" style=\"\"><img loading=\"lazy\" decoding=\"async\" width=\"570\" height=\"660\" src=\"https:\/\/macgal-wordpress.server.worgoo.com\/wp-content\/uploads\/2021\/04\/hakki-iyibas\u0327-macgal-otomat-macgal-group-23-yil-01.png\" class=\"attachment-full size-full\" alt=\"\" srcset=\"https:\/\/macgal-wordpress.server.worgoo.com\/wp-content\/uploads\/2021\/04\/hakki-iyibas\u0327-macgal-otomat-macgal-group-23-yil-01.png 570w, https:\/\/macgal-wordpress.server.worgoo.com\/wp-content\/uploads\/2021\/04\/hakki-iyibas\u0327-macgal-otomat-macgal-group-23-yil-01-259x300.png 259w, https:\/\/macgal-wordpress.server.worgoo.com\/wp-content\/uploads\/2021\/04\/hakki-iyibas\u0327-macgal-otomat-macgal-group-23-yil-01-480x556.png 480w\" sizes=\"auto, (max-width: 570px) 100vw, 570px\" \/> <\/div>\r\n                <div class=\"text-wrap\" style=\"\">\r\n                      \r\n                <\/div>\r\n                \r\n            <\/div>\r\n        <\/div>\r\n    <\/div><\/div><\/div><\/div><\/div><\/div><\/div><\/div><\/div><\/div><\/div><\/div><\/section><\/div>","protected":false},"excerpt":{"rendered":"Macgal Group Y\u00f6netim Kurulu Ba\u015fkan\u0131 Hakk\u0131 \u0130yiba\u015f Kalite, do\u011fruluk ve samimiyetle \u00e7\u0131kt\u0131\u011f\u0131m\u0131z bu yolda k\u0131sa s\u00fcrede i\u015f ortaklar\u0131m\u0131z olan sizlerle \u00e7\u0131\u011f gibi b\u00fcy\u00fcrken ilkelerimiz ve yapt\u0131klar\u0131m\u0131z\u0131n ne kadar do\u011fru oldu\u011funu anlam\u0131\u015f , T\u00fcrkiye ve D\u00fcnya'ya kan\u0131tlam\u0131\u015f olduk. Tesad\u00fcfen yollar\u0131m\u0131z\u0131n kesi\u015fti\u011fi otomat sekt\u00f6r\u00fc ile , otomat\u0131n ne oldu\u011funu bilmiyorken bug\u00fcn sekt\u00f6r\u00fcm\u00fczde","protected":false},"author":1,"featured_media":0,"parent":0,"menu_order":0,"comment_status":"closed","ping_status":"closed","template":"","meta":{"footnotes":""},"class_list":["post-9448","page","type-page","status-publish","hentry"],"_links":{"self":[{"href":"https:\/\/macgal-wordpress.server.worgoo.com\/en\/wp-json\/wp\/v2\/pages\/9448","targetHints":{"allow":["GET"]}}],"collection":[{"href":"https:\/\/macgal-wordpress.server.worgoo.com\/en\/wp-json\/wp\/v2\/pages"}],"about":[{"href":"https:\/\/macgal-wordpress.server.worgoo.com\/en\/wp-json\/wp\/v2\/types\/page"}],"author":[{"embeddable":true,"href":"https:\/\/macgal-wordpress.server.worgoo.com\/en\/wp-json\/wp\/v2\/users\/1"}],"replies":[{"embeddable":true,"href":"https:\/\/macgal-wordpress.server.worgoo.com\/en\/wp-json\/wp\/v2\/comments?post=9448"}],"version-history":[{"count":0,"href":"https:\/\/macgal-wordpress.server.worgoo.com\/en\/wp-json\/wp\/v2\/pages\/9448\/revisions"}],"wp:attachment":[{"href":"https:\/\/macgal-wordpress.server.worgoo.com\/en\/wp-json\/wp\/v2\/media?parent=9448"}],"curies":[{"name":"wp","href":"https:\/\/api.w.org\/{rel}","templated":true}]}}