{"id":9427,"date":"2021-04-06T01:43:37","date_gmt":"2021-04-06T01:43:37","guid":{"rendered":"http:\/\/macgal-wordpress.server.worgoo.com\/?page_id=9427"},"modified":"2021-04-06T11:32:45","modified_gmt":"2021-04-06T11:32:45","slug":"projeler","status":"publish","type":"page","link":"https:\/\/macgal-wordpress.server.worgoo.com\/en\/projeler\/","title":{"rendered":"Projeler"},"content":{"rendered":"<div class=\"vc-custom-col-spacing clearfix vc-col-spacing-30\"><section id=\"proje-1\" class=\"wpb_row vc_row-fluid vc_custom_1617667833698 vc_row-has-fill no-padding row-content-position-Default\"><div class=\"row-inner clearfix\"><div class=\"wpb_column vc_column_container vc_col-sm-12\"><div class=\"vc_column-inner\"><div class=\"wpb_wrapper\">\r\n\t<div class=\"bauer-spacer clearfix\" data-desktop=\"94\" data-mobi=\"60\" data-smobi=\"60\"><\/div><div class=\"bauer-single-heading clearfix text-center\" style=\"margin-bottom:24px;\"><span class=\"inner\"><span class=\"heading clearfix  accent\" style=\"font-weight:600;font-size:16px;\">\r\n\t\tPROJELER\r\n\t<\/span><\/span><\/div><h2 class=\"bauer-text clearfix text-center\" style=\"font-size:42px;line-height:50px;margin-bottom:30px;max-width:680px;margin-left: auto; margin-right: auto;\"><p><span class=\"font-weight-300\">Macgal Otomat <\/span><br \/>\nT\u00fcrkiye&#8217;nin Her Yerinde <span class=\"font-weight-300\"><\/span><\/p>\n<\/h2>\r\n\t<div class=\"bauer-spacer clearfix\" data-desktop=\"70\" data-mobi=\"50\" data-smobi=\"50\"><\/div><\/div><\/div><\/div><\/div><\/section><\/div><div class=\"vc-custom-col-spacing clearfix vc-col-spacing-30\"><section id=\"proje-2\" class=\"wpb_row vc_row-fluid vc_custom_1617673644127 vc_row-has-fill no-padding row-content-position-Default\"><div class=\"row-inner clearfix\"><div class=\"wpb_column vc_column_container vc_col-sm-12\"><div class=\"vc_column-inner\"><div class=\"wpb_wrapper\">\r\n<div class=\"bauer-project arrow-center bullet-square offsetcenter offset-v0 has-bullets bullet40\" data-auto=\"true\" data-column=\"4\" data-column2=\"2\" data-column3=\"1\" data-gap=\"30\">\r\n<div style=\"margin:0 3.5% 0 3.5%;\">\r\n\r\n\t\r\n\t<div class=\"owl-carousel owl-theme\">\r\n\t    \t\t\t<div class=\"project-box style-1\">\r\n\r\n\t\t\t\t\t<div class=\"project-image\"><div class=\"inner\"><div class=\"default\"><h2 class=\"project-title\"><a href=\"https:\/\/macgal-wordpress.server.worgoo.com\/en\/project\/yildiz-teknik-universitesi\/\">Y\u0131ld\u0131z Teknik \u00dcniversitesi<\/a><\/h2><div class=\"url-wrap\"><a href=\"https:\/\/macgal-wordpress.server.worgoo.com\/en\/project\/yildiz-teknik-universitesi\/\" class=\"bauer-links link-style-2 accent\" style=\"\"><span class=\"text\">\u0130ncele<\/span><\/a><\/div><\/div><img loading=\"lazy\" decoding=\"async\" width=\"425\" height=\"570\" src=\"https:\/\/macgal-wordpress.server.worgoo.com\/wp-content\/uploads\/2021\/04\/yildiz-teknik-1-425x570.jpg\" class=\"attachment-bauer-rectangle1 size-bauer-rectangle1 wp-post-image\" alt=\"\" \/><div class=\"hover-info\"><h2 class=\"project-title\"><a href=\"https:\/\/macgal-wordpress.server.worgoo.com\/en\/project\/yildiz-teknik-universitesi\/\">Y\u0131ld\u0131z Teknik \u00dcniversitesi<\/a><\/h2><div class=\"project-desc\">Macgal Otomat'lar\u0131 Y\u0131ld\u0131z Teknik \u00dcnib<\/div><div class=\"url-wrap\"><a href=\"https:\/\/macgal-wordpress.server.worgoo.com\/en\/project\/yildiz-teknik-universitesi\/\" class=\"bauer-links link-style-2 accent\" style=\"\"><span class=\"text\">\u0130ncele<\/span><\/a><\/div><\/div><\/div><\/div>\r\n\t\t\t<\/div><!-- \/.project-box -->\r\n\t\t\t\t\t<div class=\"project-box style-1\">\r\n\r\n\t\t\t\t\t<div class=\"project-image\"><div class=\"inner\"><div class=\"default\"><h2 class=\"project-title\"><a href=\"https:\/\/macgal-wordpress.server.worgoo.com\/en\/project\/izmit-acik-alan-otomat\">\u0130zmit A\u00e7\u0131k Alan<\/a><\/h2><div class=\"url-wrap\"><a href=\"https:\/\/macgal-wordpress.server.worgoo.com\/en\/project\/izmit-acik-alan-otomat\" class=\"bauer-links link-style-2 accent\" style=\"\"><span class=\"text\">\u0130ncele<\/span><\/a><\/div><\/div><img loading=\"lazy\" decoding=\"async\" width=\"425\" height=\"570\" src=\"https:\/\/macgal-wordpress.server.worgoo.com\/wp-content\/uploads\/2021\/04\/izmit-acik-alan-425x570.jpg\" class=\"attachment-bauer-rectangle1 size-bauer-rectangle1 wp-post-image\" alt=\"\" \/><div class=\"hover-info\"><h2 class=\"project-title\"><a href=\"https:\/\/macgal-wordpress.server.worgoo.com\/en\/project\/izmit-acik-alan-otomat\">\u0130zmit A\u00e7\u0131k Alan<\/a><\/h2><div class=\"project-desc\">Macgal Otomat'lar\u0131 \u0130zmit A\u00e7\u0131k Alan<\/div><div class=\"url-wrap\"><a href=\"https:\/\/macgal-wordpress.server.worgoo.com\/en\/project\/izmit-acik-alan-otomat\" class=\"bauer-links link-style-2 accent\" style=\"\"><span class=\"text\">\u0130ncele<\/span><\/a><\/div><\/div><\/div><\/div>\r\n\t\t\t<\/div><!-- \/.project-box -->\r\n\t\t\t\t\t<div class=\"project-box style-1\">\r\n\r\n\t\t\t\t\t<div class=\"project-image\"><div class=\"inner\"><div class=\"default\"><h2 class=\"project-title\"><a href=\"https:\/\/macgal-wordpress.server.worgoo.com\/en\/project\/bursa-metro-otomat\">Bursa Metro<\/a><\/h2><div class=\"url-wrap\"><a href=\"https:\/\/macgal-wordpress.server.worgoo.com\/en\/project\/bursa-metro-otomat\" class=\"bauer-links link-style-2 accent\" style=\"\"><span class=\"text\">\u0130ncele<\/span><\/a><\/div><\/div><img loading=\"lazy\" decoding=\"async\" width=\"425\" height=\"570\" src=\"https:\/\/macgal-wordpress.server.worgoo.com\/wp-content\/uploads\/2021\/04\/bursa-metro-otomat-425x570.jpg\" class=\"attachment-bauer-rectangle1 size-bauer-rectangle1 wp-post-image\" alt=\"\" \/><div class=\"hover-info\"><h2 class=\"project-title\"><a href=\"https:\/\/macgal-wordpress.server.worgoo.com\/en\/project\/bursa-metro-otomat\">Bursa Metro<\/a><\/h2><div class=\"project-desc\">Macgal Otomat'lar\u0131 Bursa Metro Projesi<\/div><div class=\"url-wrap\"><a href=\"https:\/\/macgal-wordpress.server.worgoo.com\/en\/project\/bursa-metro-otomat\" class=\"bauer-links link-style-2 accent\" style=\"\"><span class=\"text\">\u0130ncele<\/span><\/a><\/div><\/div><\/div><\/div>\r\n\t\t\t<\/div><!-- \/.project-box -->\r\n\t\t\t\t\t<div class=\"project-box style-1\">\r\n\r\n\t\t\t\t\t<div class=\"project-image\"><div class=\"inner\"><div class=\"default\"><h2 class=\"project-title\"><a href=\"https:\/\/macgal-wordpress.server.worgoo.com\/en\/project\/istanbul-universitesi\/\">\u0130stanbul \u00dcniversitesi<\/a><\/h2><div class=\"url-wrap\"><a href=\"https:\/\/macgal-wordpress.server.worgoo.com\/en\/project\/istanbul-universitesi\/\" class=\"bauer-links link-style-2 accent\" style=\"\"><span class=\"text\">\u0130ncele<\/span><\/a><\/div><\/div><img loading=\"lazy\" decoding=\"async\" width=\"425\" height=\"570\" src=\"https:\/\/macgal-wordpress.server.worgoo.com\/wp-content\/uploads\/2022\/09\/yidiz-u\u0308niversitesi-otomat-425x570.jpg\" class=\"attachment-bauer-rectangle1 size-bauer-rectangle1 wp-post-image\" alt=\"\" \/><div class=\"hover-info\"><h2 class=\"project-title\"><a href=\"https:\/\/macgal-wordpress.server.worgoo.com\/en\/project\/istanbul-universitesi\/\">\u0130stanbul \u00dcniversitesi<\/a><\/h2><div class=\"project-desc\">Macgal Otomat'lar\u0131 \u0130stanbul \u00dcniversitesi'nde<\/div><div class=\"url-wrap\"><a href=\"https:\/\/macgal-wordpress.server.worgoo.com\/en\/project\/istanbul-universitesi\/\" class=\"bauer-links link-style-2 accent\" style=\"\"><span class=\"text\">\u0130ncele<\/span><\/a><\/div><\/div><\/div><\/div>\r\n\t\t\t<\/div><!-- \/.project-box -->\r\n\t\t\t<\/div><!-- \/.owl-carousel -->\r\n\r\n\r\n<\/div>\r\n<\/div><!-- \/.bauer-project -->\r\n\r\n\r\n\t<div class=\"bauer-spacer clearfix\" data-desktop=\"70\" data-mobi=\"50\" data-smobi=\"50\"><\/div><\/div><\/div><\/div><\/div><\/section><\/div>","protected":false},"excerpt":{"rendered":"Macgal Otomat \u0130stanbul \u00dcniversitesi Cerrahpa\u015fa Kamp\u00fcs\u00fc \u00dclkemizin en se\u00e7kin \u00fcniversitelerinden biri olan \u0130stanbul \u00dcniversitesi Cerrahpa\u015fa'da 100 otomat makinas\u0131 deste\u011fi vermenin hakl\u0131 gururunu ya\u015f\u0131yoruz. T\u00fcm \u00f6\u011frenci ve e\u011fitimcilerin at\u0131\u015ft\u0131rmal\u0131k ve s\u0131cak-so\u011fuk i\u00e7ecek ihtiya\u00e7lar\u0131n\u0131 yiyecek i\u00e7ecek otomatlar\u0131m\u0131zla kar\u015f\u0131l\u0131yoruz. TEKL\u0130F AL","protected":false},"author":1,"featured_media":0,"parent":0,"menu_order":0,"comment_status":"closed","ping_status":"closed","template":"","meta":{"footnotes":""},"class_list":["post-9427","page","type-page","status-publish","hentry"],"_links":{"self":[{"href":"https:\/\/macgal-wordpress.server.worgoo.com\/en\/wp-json\/wp\/v2\/pages\/9427","targetHints":{"allow":["GET"]}}],"collection":[{"href":"https:\/\/macgal-wordpress.server.worgoo.com\/en\/wp-json\/wp\/v2\/pages"}],"about":[{"href":"https:\/\/macgal-wordpress.server.worgoo.com\/en\/wp-json\/wp\/v2\/types\/page"}],"author":[{"embeddable":true,"href":"https:\/\/macgal-wordpress.server.worgoo.com\/en\/wp-json\/wp\/v2\/users\/1"}],"replies":[{"embeddable":true,"href":"https:\/\/macgal-wordpress.server.worgoo.com\/en\/wp-json\/wp\/v2\/comments?post=9427"}],"version-history":[{"count":0,"href":"https:\/\/macgal-wordpress.server.worgoo.com\/en\/wp-json\/wp\/v2\/pages\/9427\/revisions"}],"wp:attachment":[{"href":"https:\/\/macgal-wordpress.server.worgoo.com\/en\/wp-json\/wp\/v2\/media?parent=9427"}],"curies":[{"name":"wp","href":"https:\/\/api.w.org\/{rel}","templated":true}]}}