{"id":10295,"date":"2025-10-02T10:54:26","date_gmt":"2025-10-02T10:54:26","guid":{"rendered":"http:\/\/macgal-wordpress.server.worgoo.com\/?page_id=10295"},"modified":"2025-10-02T11:04:52","modified_gmt":"2025-10-02T11:04:52","slug":"veri-sorumlusuna-basvuru-formu-aydinlatma-metni","status":"publish","type":"page","link":"https:\/\/macgal-wordpress.server.worgoo.com\/en\/veri-sorumlusuna-basvuru-formu-aydinlatma-metni\/","title":{"rendered":"Veri Sorumlusuna Ba\u015fvuru Formu Ayd\u0131nlatma Metni"},"content":{"rendered":"<div class=\"vc-custom-col-spacing clearfix vc-col-spacing-30\"><section class=\"wpb_row vc_row-fluid row-content-position-Default\"><div class=\"bauer-container\"><div class=\"row-inner clearfix\"><div class=\"wpb_column vc_column_container vc_col-sm-12\"><div class=\"vc_column-inner\"><div class=\"wpb_wrapper\"><div class=\"bauer-text clearfix\" style=\"color:#000000;\"><p>\u0130\u015fbu Ayd\u0131nlatma Metni, veri sorumlusu s\u0131fat\u0131yla hareket eden Macgal G\u0131da \u0130n\u015faat Tekstil Otomotiv Turizm \u0130thalat \u0130hracat Sanayi Ticaret Anonim \u015eirketi taraf\u0131ndan, 6698 say\u0131l\u0131 Ki\u015fisel Verilerin Korunmas\u0131 Kanunu\u2019nun (\u201cKVKK\u201d) 10. maddesi ile Ayd\u0131nlatma Y\u00fck\u00fcml\u00fcl\u00fc\u011f\u00fcn\u00fcn Yerine Getirilmesinde Uyulacak Usul ve Esaslar Hakk\u0131nda Tebli\u011f \u00e7er\u00e7evesinde, ki\u015fisel verilerinizin i\u015flenme ama\u00e7lar\u0131, hukuki nedenleri, toplanma y\u00f6ntemi, kimlere aktar\u0131labilece\u011fi ve KVKK kapsam\u0131ndaki haklar\u0131n\u0131z konular\u0131na ili\u015fkin olarak sizleri bilgilendirmek amac\u0131yla haz\u0131rlanm\u0131\u015ft\u0131r.<\/p>\n<p>A\u015fa\u011f\u0131da yer alan \u201cVeri Sorumlusuna Ba\u015fvuru Formu\u201d vas\u0131tas\u0131yla payla\u015fm\u0131\u015f oldu\u011funuz a\u015fa\u011f\u0131daki ki\u015fisel verileriniz;<\/p>\n<table width=\"697\">\n<tbody>\n<tr>\n<td colspan=\"5\" width=\"294\">Veri Kategorileri<\/td>\n<td colspan=\"6\" width=\"403\">Bu Kategoride \u0130\u015flenen Veri Tiplerine \u00d6rnekler<\/td>\n<\/tr>\n<tr>\n<td colspan=\"5\" width=\"294\">Kimlik Verisi<\/td>\n<td colspan=\"6\" width=\"403\">Ad\u0131n\u0131z, soyad\u0131n\u0131z, T.C. Kimlik Numaran\u0131z veya<br \/>\nPasaportunuz<\/td>\n<\/tr>\n<tr>\n<td colspan=\"5\" width=\"294\">\u0130leti\u015fim Verisi<\/td>\n<td colspan=\"6\" width=\"403\">Telefon numaran\u0131z, e-posta adresiniz, \u0130kametgah\u0131n\u0131z<\/td>\n<\/tr>\n<\/tbody>\n<\/table>\n<p>\u25cf Ba\u015fvuru yapt\u0131\u011f\u0131n\u0131z konu hakk\u0131nda gerekli de\u011ferlendirmenin ve \u00e7al\u0131\u015fman\u0131n yap\u0131labilmesi,<br \/>\n\u25cf \u0130lgili i\u015f s\u00fcre\u00e7lerinin y\u00fcr\u00fct\u00fclebilmesi ve konu hakk\u0131nda sizinle ileti\u015fim kurulabilmesi ama\u00e7lar\u0131yla i\u015flenmektedir.<\/p>\n<p>Ayr\u0131ca i\u015fbu form ile payla\u015ft\u0131\u011f\u0131n\u0131z bilgiler \u00fczerinde mutlak bir kontrol\u00fcm\u00fcz bulunmamaktad\u0131r.<br \/>\n<em>Bilmemizi istemedi\u011finiz ki\u015fisel verilerinizi ve \u00f6zel nitelikli ki\u015fisel verilerinizi \u015firketimizle payla\u015fmaman\u0131z\u0131 tavsiye ederiz.<\/em><\/p>\n<p>S\u00f6z konusu ki\u015fisel veriler, KVKK\u2019n\u0131n 5. maddesinde yer alan \u201cveri sorumlusunun hukuki y\u00fck\u00fcml\u00fcl\u00fc\u011f\u00fcn\u00fc yerine getirebilmesi i\u00e7in veri i\u015flemenin zorunlu olmas\u0131 ve bir hakk\u0131n tesisi, kullan\u0131lmas\u0131 veya korunmas\u0131 i\u00e7in veri i\u015flemenin zorunlu olmas\u0131\u201d hukuki sebeplerine dayan\u0131larak, formda bizlere iletece\u011finiz \u00f6zel nitelikli ki\u015fisel veriniz ise KVKK\u2019n\u0131n 6. Maddesinde yer alan \u201cbir hakk\u0131n tesisi, kullan\u0131lmas\u0131 veya korunmas\u0131 i\u00e7in veri i\u015flemenin zorunlu olmas\u0131\u201d hukuki sebebine dayan\u0131larak otomatik olan veya otomatik olmayan yollarla i\u015flenmektedir ve sadece hukuki uyu\u015fmazl\u0131klarda ilgili yarg\u0131 mercileriyle payla\u015f\u0131lacakt\u0131r.<br \/>\nKanunun ilgili ki\u015finin haklar\u0131n\u0131 d\u00fczenleyen 11. Maddesi kapsam\u0131ndaki taleplerinizi, \u201cVeri Sorumlusuna Ba\u015fvuru Usul ve Esaslar\u0131 Hakk\u0131nda Tebli\u011fe\u201d g\u00f6re, a\u015fa\u011f\u0131da yer alan form vas\u0131tas\u0131 ile formda yer alan ileti\u015fim kanallar\u0131m\u0131za yapabilirsiniz.<\/p>\n<p>MACGAL OTOMAT VER\u0130 SORUMLUSUNA BA\u015eVURU FORMU<\/p>\n<p>1.Genel A\u00e7\u0131klamalar<br \/>\n6698 Say\u0131l\u0131 Ki\u015fisel Verilerin Korunmas\u0131 Kanunu\u2019nda (\u201cKVKK\u201d) ilgili ki\u015fi olarak tan\u0131mlanan ki\u015fisel veri sahiplerine (\u201cBa\u015fvuru Sahibi\u201d) KVKK\u2019n\u0131n 11. maddesi uyar\u0131nca ki\u015fisel verilerinin i\u015flenmesine ili\u015fkin taleplerde bulunma hakk\u0131 tan\u0131nm\u0131\u015ft\u0131r.<br \/>\nBa\u015fvuru formu Macgal G\u0131da \u0130n\u015faat Tekstil Otomotiv Turizm \u0130thalat \u0130hracat Sanayi Ticaret Anonim \u015eirketi (\u201cMacgal Otomat\u201d) ile olan ili\u015fkinizi tespit ederek, varsa Macgal Otomat taraf\u0131ndan i\u015flenen ki\u015fisel verilerinizin eksiksiz olarak belirlenerek, ilgili ba\u015fvurunuza do\u011fru ve kanuni s\u00fcresinde cevap verilebilmesi i\u00e7in haz\u0131rlanm\u0131\u015ft\u0131r. Ki\u015fisel verilerinizin g\u00fcvenli\u011finin sa\u011flanmas\u0131 ve hukuka ayk\u0131r\u0131 veri aktar\u0131m\u0131n\u0131n \u00f6nlenmesi amac\u0131yla, kimlik ve yetki tespiti i\u00e7in Macgal Otomat taraf\u0131ndan ek bilgiler istenebilir. Ba\u015fvuru Sahibi taraf\u0131ndan belirtilen bilgilerin do\u011fru ve\/veya g\u00fcncel olmamas\u0131 ya da taleplerin yetkisiz olmas\u0131 halinde, bu hususa ili\u015fkin sorumluluk Ba\u015fvuru Sahibi\u2019nindir.<br \/>\nVeri Sorumlusuna Ba\u015fvuru Usul ve Esaslar\u0131 Hakk\u0131nda Tebli\u011f\u2019in 7. maddesi uyar\u0131nca Ba\u015fvuru Sahibi\u2019nin ba\u015fvurusuna yaz\u0131l\u0131 olarak cevap verilecekse, on sayfaya kadar \u00fccret al\u0131nmaz. On sayfan\u0131n \u00fczerindeki her sayfa i\u00e7in 1 T\u00fcrk Liras\u0131 i\u015flem \u00fccreti al\u0131nabilir. Ba\u015fvuruya cevab\u0131n CD, flash bellek gibi bir kay\u0131t ortam\u0131nda verilmesi halinde kay\u0131t ortam\u0131n\u0131n maliyeti kadar \u00fccret talep edilebilir.<\/p>\n<p>2.KVKK\u2019n\u0131n 11. Maddesi \u00c7er\u00e7evesinde Ba\u015fvuru Hakk\u0131n\u0131n Kapsam\u0131<br \/>\nBa\u015fvuru Sahibi Macgal Otomat\u2019a ba\u015fvurarak a\u015fa\u011f\u0131da yer alan konularda talepte bulunabilir:<\/p>\n<p>1) Ki\u015fisel verilerinin i\u015flenip i\u015flenmedi\u011fini \u00f6\u011frenme,<br \/>\n2) Ki\u015fisel verileri i\u015flenmi\u015fse buna ili\u015fkin bilgi talep etme,<br \/>\n3)Ki\u015fisel verilerinin i\u015flenme amac\u0131 ve bunlar\u0131n amac\u0131na uygun kullan\u0131l\u0131p kullan\u0131lmad\u0131\u011f\u0131n\u0131 \u00f6\u011frenme,<br \/>\n4) Ki\u015fisel verilerinin yurt i\u00e7inde veya yurt d\u0131\u015f\u0131nda aktar\u0131ld\u0131\u011f\u0131 \u00fc\u00e7\u00fcnc\u00fc ki\u015fileri \u00f6\u011frenme,<br \/>\n5) Ki\u015fisel verilerinin eksik veya yanl\u0131\u015f i\u015flenmi\u015f olmas\u0131 h\u00e2linde bunlar\u0131n d\u00fczeltilmesini isteme ve bu kapsamda yap\u0131lan i\u015flemin ki\u015fisel verilerin aktar\u0131ld\u0131\u011f\u0131 \u00fc\u00e7\u00fcnc\u00fc ki\u015filere bildirilmesini isteme,<br \/>\n6) KVKK ve ilgili di\u011fer kanun h\u00fck\u00fcmlerine uygun olarak i\u015flenmi\u015f olmas\u0131na ra\u011fmen, i\u015flenmesini gerektiren sebeplerin ortadan kalkmas\u0131 h\u00e2linde ki\u015fisel verilerinin silinmesini, yok edilmesini veya anonim hale getirilmesini isteme ve bu kapsamda yap\u0131lan i\u015flemin ki\u015fisel verilerinin aktar\u0131ld\u0131\u011f\u0131 \u00fc\u00e7\u00fcnc\u00fc ki\u015filere bildirilmesini isteme,<br \/>\n7) \u0130\u015flenen verilerinin m\u00fcnhas\u0131ran otomatik sistemler vas\u0131tas\u0131yla analiz edilmesi suretiyle aleyhine bir sonucun ortaya \u00e7\u0131kmas\u0131na itiraz etme,<br \/>\n8) Ki\u015fisel verilerinin kanuna ayk\u0131r\u0131 olarak i\u015flenmesi sebebiyle zarara u\u011framas\u0131 h\u00e2linde zarar\u0131n giderilmesini talep etme.<\/p>\n<p>3. Ba\u015fvuru Y\u00f6ntemi<\/p>\n<p>KVKK\u2019n\u0131n 13. maddesinin birinci f\u0131kras\u0131 uyar\u0131nca; bu haklara ili\u015fkin olarak yap\u0131lacak ba\u015fvurular\u0131n yaz\u0131l\u0131 ve imzal\u0131 olarak veya Ki\u015fisel Verilerin Korunmas\u0131 Kurulu (\u201cKurul\u201d) taraf\u0131ndan belirlenen di\u011fer y\u00f6ntemlerle taraf\u0131m\u0131za iletilmesi gerekmektedir.<\/p>\n<p>Bu \u00e7er\u00e7evede yaz\u0131l\u0131 olarak yap\u0131lacak ba\u015fvurular, i\u015fbu formun \u00e7\u0131kt\u0131s\u0131 al\u0131narak;<\/p>\n<table width=\"734\">\n<tbody>\n<tr>\n<td colspan=\"11\" width=\"734\">\u25cf\u00a0\u00a0\u00a0 Ba\u015fvuru Sahibinin \u015fahsen elden ba\u015fvurusu ile,<\/td>\n<\/tr>\n<tr>\n<td colspan=\"11\" width=\"734\">\u25cf\u00a0\u00a0\u00a0 Noter vas\u0131tas\u0131yla,<\/td>\n<\/tr>\n<tr>\n<td colspan=\"11\" width=\"734\">\u25cf\u00a0\u00a0\u00a0 Kay\u0131tl\u0131 elektronik posta (KEP) adresi, g\u00fcvenli elektronik imza, mobil imza ile veya<\/td>\n<\/tr>\n<tr>\n<td colspan=\"11\" width=\"734\">\u25cf\u00a0\u00a0\u00a0 Ba\u015fvuru\u00a0\u00a0 Sahibinin\u00a0\u00a0 taraf\u0131m\u0131za\u00a0\u00a0 daha\u00a0\u00a0 \u00f6nce\u00a0\u00a0 bildirdi\u011fi\u00a0\u00a0 ve\u00a0\u00a0 sistemimizde\u00a0\u00a0 kay\u0131tl\u0131\u00a0\u00a0 bulunan elektronik posta adresinden g\u00f6nderece\u011fi e-posta ile taraf\u0131m\u0131za iletilebilecektir.<\/td>\n<\/tr>\n<\/tbody>\n<\/table>\n<p>A\u015fa\u011f\u0131da, yaz\u0131l\u0131 ba\u015fvurular\u0131n ne \u015fekilde taraf\u0131m\u0131za ula\u015ft\u0131r\u0131laca\u011f\u0131na ili\u015fkin yaz\u0131l\u0131 ba\u015fvuru kanallar\u0131 \u00f6zelinde bilgiler verilmektedir.<\/p>\n<table width=\"873\">\n<tbody>\n<tr>\n<td colspan=\"5\" width=\"138\"><\/td>\n<td colspan=\"4\" width=\"325\">Ba\u015fvuru Y\u00f6ntemi<\/td>\n<td width=\"187\">Ba\u015fvuru G\u00f6nderiminde<br \/>\nBelirtilecek Bilgi<\/td>\n<td colspan=\"8\" width=\"223\">Ba\u015fvurunun Yap\u0131laca\u011f\u0131 Adres<\/td>\n<\/tr>\n<tr>\n<td colspan=\"5\" width=\"138\">1.Ba\u015fvuru yaz\u0131l\u0131 yap\u0131lacak ise;<\/td>\n<td colspan=\"4\" width=\"325\">\u015eahsen Ba\u015fvuru (Ba\u015fvuru sahibinin bizzat gelerek kimli\u011fini tevsik edici belge ile ba\u015fvurmas\u0131)<\/td>\n<td width=\"187\">Zarf\u0131n \u00fczerine \u201cKi\u015fisel Verilerin Korunmas\u0131 Kanunu Kapsam\u0131nda Bilgi Talebi\u201d<br \/>\nyaz\u0131lacakt\u0131r.<\/td>\n<td colspan=\"8\" width=\"223\">Mehmet Akif Mah. A\u015f\u0131k Veysel Cd K\u0131lavuz Sok.No:20\/22 \u0130kitelli \/ K\u00fc\u00e7\u00fck\u00e7ekmece \/ \u0130stanbul<\/td>\n<\/tr>\n<tr>\n<td colspan=\"5\" width=\"138\">2.\u00a0 Ba\u015fvuru yaz\u0131l\u0131 yap\u0131lacak ise;<\/td>\n<td colspan=\"4\" width=\"325\">Noter vas\u0131tas\u0131yla tebligat<\/td>\n<td width=\"187\">Tebligat zarf\u0131na \u201cKi\u015fisel Verilerin Korunmas\u0131 Kanunu Kapsam\u0131nda Bilgi Talebi\u201d<br \/>\nyaz\u0131lacakt\u0131r.<\/td>\n<td colspan=\"8\" width=\"223\">Mehmet Akif Mah. A\u015f\u0131k Veysel Cd K\u0131lavuz Sok.No:20\/22 \u0130kitelli \/ K\u00fc\u00e7\u00fck\u00e7ekmece \/ \u0130stanbul<\/td>\n<\/tr>\n<tr>\n<td colspan=\"5\" width=\"138\">3.\u00a0 Kay\u0131tl\u0131 Elektronik Posta<br \/>\n(KEP) Yoluyla<\/td>\n<td colspan=\"4\" width=\"325\">\u201cG\u00fcvenli elektronik imza\u201d ile imzalanarak Kay\u0131tl\u0131 Elektronik Posta (KEP) Yoluyla<\/td>\n<td width=\"187\">E-Posta\u2019n\u0131n konu k\u0131sm\u0131na \u201cKi\u015fisel Verilerin Korunmas\u0131 Kanunu Bilgi Talebi\u201d<br \/>\nyaz\u0131lacakt\u0131r.<\/td>\n<td colspan=\"8\" width=\"223\"><a href=\"mailto:macgal@hs01.kep.tr\">macgal@hs01.kep.tr<\/a><\/td>\n<\/tr>\n<tr>\n<td colspan=\"5\" width=\"138\">4.\u00a0 Sistemimizde Bulunan<br \/>\nElektronik Posta Adresi ile Ba\u015fvuru<\/td>\n<td colspan=\"4\" width=\"325\">Mobil \u0130mza ya da E-posta \u0130le Ba\u015fvuru (\u0130lgili ki\u015fi taraf\u0131ndan veri sorumlusuna daha \u00f6nce bildirilen ve veri sorumlusunun sisteminde kay\u0131tl\u0131 bulunan elektronik posta adresini kullanmak suretiyle)<\/td>\n<td width=\"187\">E-Posta\u2019n\u0131n konu k\u0131sm\u0131na \u201cKi\u015fisel Verilerin Korunmas\u0131 Kanunu Bilgi Talebi\u201d yaz\u0131lacakt\u0131r.<\/td>\n<td colspan=\"8\" width=\"223\"><a href=\"mailto:kvkk@macgalgroup.com\">kvkk@macgalgroup.com<\/a><\/td>\n<\/tr>\n<\/tbody>\n<\/table>\n<p>Macgal Otomat, Ba\u015fvuru Sahibi taraf\u0131ndan e-posta yolu ile yap\u0131lacak ba\u015fvurularda Ba\u015fvuru Sahibinin kimli\u011fini do\u011frulamak i\u00e7in ek bilgiler talep edebilecek, gerekli \u00f6nlemleri alabilecektir.<\/p>\n<p>Taraf\u0131m\u0131za iletilmi\u015f olan ba\u015fvurular\u0131n\u0131z KVKK\u2019n\u0131n 13. maddesinin ikinci f\u0131kras\u0131 gere\u011fince, talebin niteli\u011fine g\u00f6re talebinizin tebli\u011fi veya ula\u015ft\u0131\u011f\u0131 tarihten itibaren otuz g\u00fcn i\u00e7inde yaz\u0131l\u0131 veya elektronik ortamda cevap verilecektir.<\/p>\n<p>4.Kimlik ve \u0130leti\u015fim Bilgileriniz<\/p>\n<p>A. Ba\u015fvuru Sahibi \u0130leti\u015fim Bilgileri<\/p>\n<table width=\"757\">\n<tbody>\n<tr>\n<td colspan=\"5\" width=\"362\">Ad<\/td>\n<td colspan=\"7\" width=\"395\"><\/td>\n<\/tr>\n<tr>\n<td colspan=\"5\" width=\"362\">Soyad<\/td>\n<td colspan=\"7\" width=\"395\"><\/td>\n<\/tr>\n<tr>\n<td colspan=\"5\" width=\"362\">T.C Kimlik No \/ Pasaport No (yabanc\u0131 ise)<\/td>\n<td colspan=\"7\" width=\"395\"><\/td>\n<\/tr>\n<tr>\n<td colspan=\"5\" width=\"362\">Telefon<\/td>\n<td colspan=\"7\" width=\"395\"><\/td>\n<\/tr>\n<tr>\n<td colspan=\"5\" width=\"362\">E-Posta<\/td>\n<td colspan=\"7\" width=\"395\"><\/td>\n<\/tr>\n<tr>\n<td colspan=\"5\" width=\"362\">\u0130kamet veya \u0130\u015fyeri Adresi<\/td>\n<td colspan=\"7\" width=\"395\"><\/td>\n<\/tr>\n<\/tbody>\n<\/table>\n<p>B. L\u00fctfen Macgal Otomat ile olan ili\u015fkinizi belirtiniz.<br \/>\n(Ziyaret\u00e7i, \u00dcr\u00fcn veya Hizmet Alan Ki\u015fi, \u0130\u015f orta\u011f\u0131 \u00e7al\u0131\u015fan, \u00e7al\u0131\u015fan aday\u0131, eski \u00e7al\u0131\u015fan, \u00fc\u00e7\u00fcnc\u00fc taraf firma \u00e7al\u0131\u015fan\u0131, hissedar gibi)<\/p>\n<table width=\"759\">\n<tbody>\n<tr>\n<td colspan=\"7\" width=\"340\">\u00a0 Ziyaret\u00e7i<br \/>\n\u00dcr\u00fcn veya Hizmet Alan Ki\u015fi<br \/>\nPotansiyel \u00dcr\u00fcn veya Hizmet Al\u0131c\u0131s\u0131<br \/>\nTedarik\u00e7i \u00c7al\u0131\u015fan\u0131<br \/>\nTedarik\u00e7i Yetkilisi<br \/>\nHabere Konu Ki\u015fi<br \/>\nS\u0131nav Aday\u0131<\/td>\n<td colspan=\"6\" width=\"419\">\u00a0 Denek<br \/>\nHissedar\/Ortak<br \/>\n\u00c7al\u0131\u015fan<br \/>\n\u00c7al\u0131\u015fan Aday\u0131<br \/>\nStajyer<br \/>\nVeli \/ Vasi \/ Temsilci<br \/>\nDi\u011fer\u00a0\u00a0 \u2026\u2026\u2026\u2026\u2026\u2026\u2026\u2026\u2026\u2026\u2026\u2026\u2026\u2026\u2026\u2026\u2026<\/td>\n<\/tr>\n<tr>\n<td colspan=\"13\" width=\"759\">\u015eirketimiz i\u00e7erisinde ileti\u015fimde oldu\u011funuz; Birim:\u2026\u2026\u2026\u2026\u2026\u2026\u2026.\u2026\u2026\u2026\u2026\u2026\u2026\u2026\u2026\u2026\u2026\u2026\u2026\u2026\u2026\u2026\u2026\u2026\u2026\u2026\u2026\u2026\u2026\u2026\u2026\u2026\u2026\u2026.<br \/>\nKonu:\u2026\u2026\u2026\u2026\u2026\u2026\u2026\u2026\u2026\u2026\u2026\u2026\u2026\u2026..\u2026\u2026\u2026\u2026\u2026\u2026\u2026\u2026\u2026\u2026\u2026\u2026\u2026\u2026.\u2026\u2026\u2026\u2026\u2026.\u2026\u2026\u2026\u2026\u2026\u2026\u2026\u2026\u2026\u2026\u2026\u2026\u2026\u2026\u2026\u2026\u2026\u2026\u2026\u2026\u2026\u2026\u2026\u2026\u2026\u2026\u2026\u2026\u2026\u2026\u2026\u2026\u2026\u2026\u2026\u2026\u2026<\/td>\n<\/tr>\n<\/tbody>\n<\/table>\n<p>5.L\u00fctfen ba\u015fvurunuza verece\u011fimiz yan\u0131t\u0131n taraf\u0131n\u0131za bildirilme y\u00f6ntemini se\u00e7iniz:<\/p>\n<p>\u25cf\u00a0\u00a0\u00a0 Adresime g\u00f6nderilmesini istiyorum.<br \/>\n\u25cf\u00a0\u00a0\u00a0 E-posta adresime g\u00f6nderilmesini istiyorum. (E-posta y\u00f6ntemini se\u00e7meniz h\u00e2linde size daha h\u0131zl\u0131 yan\u0131t verebilece\u011fiz.)<br \/>\n\u25cf\u00a0\u00a0\u00a0 Elden teslim almak istiyorum. (Vek\u00e2leten teslim al\u0131nmas\u0131 durumunda noter tasdikli vek\u00e2letname veya yetki belgesi olmas\u0131 gerekmektedir.)<\/p>\n<p style=\"text-align: left;\">6.Talep Konusu<br \/>\nL\u00fctfen KVKK kapsam\u0131ndaki talebinizi a\u015fa\u011f\u0131da detayl\u0131 olarak belirtiniz.<br \/>\n\u2026\u2026\u2026\u2026\u2026\u2026\u2026\u2026\u2026\u2026\u2026\u2026\u2026\u2026\u2026\u2026\u2026\u2026\u2026\u2026\u2026\u2026\u2026\u2026\u2026\u2026\u2026\u2026\u2026\u2026\u2026\u2026\u2026\u2026\u2026\u2026\u2026\u2026\u2026\u2026\u2026\u2026\u2026\u2026\u2026\u2026\u2026\u2026.\u2026\u2026\u2026\u2026\u2026\u2026\u2026\u2026\u2026\u2026..\u2026\u2026\u2026\u2026\u2026\u2026\u2026..\u2026\u2026\u2026\u2026\u2026.\u2026\u2026\u2026\u2026\u2026\u2026\u2026\u2026\u2026\u2026\u2026\u2026.\u2026\u2026\u2026\u2026\u2026\u2026\u2026\u2026\u2026\u2026\u2026\u2026.\u2026\u2026\u2026\u2026\u2026\u2026\u2026\u2026\u2026\u2026\u2026\u2026\u2026\u2026\u2026\u2026\u2026\u2026\u2026\u2026\u2026\u2026\u2026\u2026\u2026\u2026\u2026\u2026\u2026\u2026\u2026\u2026\u2026\u2026\u2026\u2026\u2026\u2026\u2026\u2026\u2026\u2026\u2026\u2026\u2026\u2026\u2026\u2026.\u2026\u2026\u2026\u2026\u2026\u2026\u2026\u2026\u2026\u2026\u2026\u2026\u2026\u2026\u2026\u2026\u2026\u2026\u2026\u2026\u2026\u2026\u2026\u2026\u2026\u2026\u2026\u2026\u2026\u2026\u2026\u2026\u2026\u2026\u2026\u2026\u2026\u2026\u2026\u2026\u2026\u2026\u2026\u2026\u2026\u2026\u2026\u2026.\u2026\u2026\u2026\u2026\u2026\u2026\u2026\u2026\u2026\u2026\u2026\u2026\u2026\u2026\u2026\u2026\u2026\u2026\u2026\u2026\u2026\u2026\u2026\u2026\u2026\u2026\u2026\u2026\u2026\u2026\u2026\u2026\u2026\u2026\u2026\u2026\u2026\u2026\u2026\u2026\u2026\u2026\u2026\u2026\u2026\u2026\u2026\u2026.\u2026\u2026\u2026\u2026\u2026\u2026\u2026\u2026\u2026\u2026\u2026\u2026\u2026\u2026\u2026\u2026\u2026\u2026\u2026\u2026\u2026\u2026\u2026\u2026\u2026\u2026\u2026\u2026\u2026\u2026\u2026\u2026\u2026\u2026\u2026\u2026\u2026\u2026\u2026\u2026\u2026\u2026\u2026\u2026\u2026\u2026\u2026.\u2026\u2026\u2026\u2026\u2026\u2026\u2026\u2026\u2026\u2026\u2026\u2026\u2026\u2026\u2026\u2026\u2026\u2026\u2026\u2026\u2026\u2026\u2026\u2026\u2026\u2026\u2026\u2026\u2026\u2026\u2026\u2026\u2026\u2026\u2026\u2026\u2026\u2026\u2026\u2026\u2026\u2026\u2026\u2026\u2026\u2026\u2026\u2026.\u2026\u2026\u2026\u2026\u2026\u2026\u2026\u2026\u2026\u2026\u2026\u2026\u2026\u2026<\/p>\n<p>Ba\u015fvuru Sahibi<\/p>\n<p style=\"text-align: left;\">Ad \/ Soyad: \u0130mza (yaz\u0131l\u0131 ba\u015fvuru ise)<br \/>\nBu metin, KVKK Uyum Dan\u0131\u015fmanl\u0131\u011f\u0131 kapsam\u0131nda haz\u0131rlanm\u0131\u015ft\u0131r.<br \/>\n\u00a9 Uyumbox Dan\u0131\u015fmanl\u0131k | <a href=\"http:\/\/www.uyumbox.com\">www.uyumbox.com<\/a><\/p>\n<\/div>\r\n\t<div class=\"bauer-spacer clearfix\" data-desktop=\"30\" data-mobi=\"20\" data-smobi=\"20\"><\/div><\/div><\/div><\/div><\/div><\/div><\/section><\/div>","protected":false},"excerpt":{"rendered":"\u0130\u015fbu Ayd\u0131nlatma Metni, veri sorumlusu s\u0131fat\u0131yla hareket eden Macgal G\u0131da \u0130n\u015faat Tekstil Otomotiv Turizm \u0130thalat \u0130hracat Sanayi Ticaret Anonim \u015eirketi taraf\u0131ndan, 6698 say\u0131l\u0131 Ki\u015fisel Verilerin Korunmas\u0131 Kanunu\u2019nun (\u201cKVKK\u201d) 10. maddesi ile Ayd\u0131nlatma Y\u00fck\u00fcml\u00fcl\u00fc\u011f\u00fcn\u00fcn Yerine Getirilmesinde Uyulacak Usul ve Esaslar Hakk\u0131nda Tebli\u011f \u00e7er\u00e7evesinde, ki\u015fisel verilerinizin i\u015flenme ama\u00e7lar\u0131, hukuki nedenleri, toplanma y\u00f6ntemi,","protected":false},"author":1,"featured_media":0,"parent":0,"menu_order":0,"comment_status":"closed","ping_status":"closed","template":"","meta":{"footnotes":""},"class_list":["post-10295","page","type-page","status-publish","hentry"],"_links":{"self":[{"href":"https:\/\/macgal-wordpress.server.worgoo.com\/en\/wp-json\/wp\/v2\/pages\/10295","targetHints":{"allow":["GET"]}}],"collection":[{"href":"https:\/\/macgal-wordpress.server.worgoo.com\/en\/wp-json\/wp\/v2\/pages"}],"about":[{"href":"https:\/\/macgal-wordpress.server.worgoo.com\/en\/wp-json\/wp\/v2\/types\/page"}],"author":[{"embeddable":true,"href":"https:\/\/macgal-wordpress.server.worgoo.com\/en\/wp-json\/wp\/v2\/users\/1"}],"replies":[{"embeddable":true,"href":"https:\/\/macgal-wordpress.server.worgoo.com\/en\/wp-json\/wp\/v2\/comments?post=10295"}],"version-history":[{"count":0,"href":"https:\/\/macgal-wordpress.server.worgoo.com\/en\/wp-json\/wp\/v2\/pages\/10295\/revisions"}],"wp:attachment":[{"href":"https:\/\/macgal-wordpress.server.worgoo.com\/en\/wp-json\/wp\/v2\/media?parent=10295"}],"curies":[{"name":"wp","href":"https:\/\/api.w.org\/{rel}","templated":true}]}}