{"id":10285,"date":"2025-09-24T11:26:41","date_gmt":"2025-09-24T11:26:41","guid":{"rendered":"http:\/\/macgal-wordpress.server.worgoo.com\/?page_id=10285"},"modified":"2025-09-24T11:26:59","modified_gmt":"2025-09-24T11:26:59","slug":"guvenlik-kameralari-hakkinda-detayli-aydinlatma-metni","status":"publish","type":"page","link":"https:\/\/macgal-wordpress.server.worgoo.com\/en\/guvenlik-kameralari-hakkinda-detayli-aydinlatma-metni\/","title":{"rendered":"G\u00fcvenlik Kameralar\u0131 Hakk\u0131nda Detayl\u0131 Ayd\u0131nlatma Metni"},"content":{"rendered":"<div class=\"vc-custom-col-spacing clearfix vc-col-spacing-30\"><section class=\"wpb_row vc_row-fluid row-content-position-Default\"><div class=\"bauer-container\"><div class=\"row-inner clearfix\"><div class=\"wpb_column vc_column_container vc_col-sm-12\"><div class=\"vc_column-inner\"><div class=\"wpb_wrapper\"><div class=\"bauer-text clearfix\" style=\"color:#000000;\"><p><strong>G\u00fcvenlik Kameralar\u0131 Hakk\u0131nda Detayl\u0131 Ayd\u0131nlatma Metni<\/strong><\/p>\n<p>\u0130\u015fbu ayd\u0131nlatma metni, veri sorumlusu s\u0131fat\u0131yla hareket eden Macgal G\u0131da \u0130n\u015faat Tekstil Otomotiv Turizm \u0130thalat \u0130hracat Sanayi Ticaret Anonim \u015eirketi taraf\u0131ndan, 6698 say\u0131l\u0131 Ki\u015fisel Verilerin Korunmas\u0131 Kanununun (\u201cKVKK\u201d) 10. maddesi ile Ayd\u0131nlatma Y\u00fck\u00fcml\u00fcl\u00fc\u011f\u00fcn\u00fcn Yerine Getirilmesinde Uyulacak Usul ve Esaslar Hakk\u0131nda Tebli\u011f \u00e7er\u00e7evesinde, ki\u015fisel verilerinizin i\u015flenme ama\u00e7lar\u0131, hukuki nedenleri, toplanma y\u00f6ntemi, kimlere aktar\u0131labilece\u011fi ve KVKK kapsam\u0131ndaki haklar\u0131n\u0131z konular\u0131na ili\u015fkin olarak sizleri bilgilendirmek amac\u0131yla haz\u0131rlanm\u0131\u015ft\u0131r.<br \/>\n\u015eirketimizin Mehmet Akif Mah. A\u015f\u0131k Veysel Cd K\u0131lavuz Sok.No:20\/22 \u0130kitelli \/ K\u00fc\u00e7\u00fck\u00e7ekmece \/ \u0130stanbul adresinde yer alan merkez ofisimizin dan\u0131\u015fma, \u00e7al\u0131\u015fma alanlar\u0131 ve giri\u015f \u00e7\u0131k\u0131\u015f alanlar\u0131, <strong>depo alan\u0131<\/strong>, Karacao\u011flan Mah. 6165 Sokak No:6\/D Bornova \/ \u0130zmir adresinde bulunan<strong> \u0130zmir B\u00f6lge M\u00fcd\u00fcrl\u00fc\u011f\u00fcm\u00fcz<\/strong>, Kurtulu\u015f Mah. Millet Cad. Bayramo\u011flu Park Sitesi No:2 G\u00f6r\u00fckle- Nil\u00fcfer\/Bursa adresinde bulunan <strong>Bursa B\u00f6lge M\u00fcd\u00fcrl\u00fc\u011f\u00fcm\u00fcz<\/strong>, Karadeniz Mah. Bayburt Cad. Toptanc\u0131lar Sit. No:3 \/95 S\u00fcleyman Pa\u015fa\/Tekirda\u011f adresinde bulunan Tekirda\u011f B\u00f6lge M\u00fcd\u00fcrl\u00fc\u011f\u00fcm\u00fcz, Yeni Bat\u0131 Sitesi, 1818 Sokak, 11 C Yeni Mahalle\/\u0130stanbul adresinde bulunan <strong>Ankara B\u00f6lge M\u00fcd\u00fcrl\u00fc\u011f\u00fcm\u00fcz<\/strong>, Mescit Mah. Demircan Sokak No:4a Orhanl\u0131- Tuzla \/ \u0130stanbul adresinde bulunan <strong>\u0130stanbul Anadolu B\u00f6lge M\u00fcd\u00fcrl\u00fc\u011f\u00fcm\u00fcz<\/strong>, Donanma Mah. Anafartalar Cad. 215 Sk. No:1 G\u00f6lc\u00fck\/\u0130zmit adresinde bulunan <strong>\u0130zmit B\u00f6lge M\u00fcd\u00fcrl\u00fc\u011f\u00fcm\u00fcz<\/strong>, K\u0131rmac\u0131 Mah. \u015eaban \u00dcst\u00fcn Sokak No:6\/A Ere\u011fli \/ Zonguldak adresinde bulunan <strong>Karadeniz Ere\u011fli B\u00f6lge M\u00fcd\u00fcrl\u00fc\u011f\u00fcm\u00fcz<\/strong> hizmet saham\u0131z\u0131n g\u00fcvenli\u011finin sa\u011flanmas\u0131 amac\u0131yla g\u00fcvenlik kameras\u0131 vas\u0131tas\u0131yla izlenmektedir. Kay\u0131t alt\u0131na al\u0131nan i\u015fbu ki\u015fisel veriler 1 ay i\u00e7erisinde otomatik olarak imha edilmektedir. Kay\u0131t i\u015flemleri, saklama ve imha s\u00fcre\u00e7leri KVKK ve ilgili mevzuat h\u00fck\u00fcmlerine uygun bir \u015fekilde idari i\u015fler taraf\u0131ndan denetlenmektedir.<\/p>\n<p><strong>Hizmet saham\u0131zda yer alan kameralar arac\u0131l\u0131\u011f\u0131yla payla\u015ft\u0131\u011f\u0131n\u0131z;<\/strong><br \/>\nFiziksel Mek\u00e2n G\u00fcvenli\u011fi Verisi &#8211; G\u00fcvenlik kameras\u0131 kay\u0131tlar\u0131n\u0131z,<\/p>\n<p>S\u00f6z konusu ki\u015fisel verileriniz, Kanunun 5. maddesinde yer alan;<br \/>\n\u25cf \u201c\u0130lgili ki\u015finin temel hak ve \u00f6zg\u00fcrl\u00fcklerine zarar vermemek kayd\u0131yla, veri sorumlusunun me\u015fru menfaatleri i\u00e7in veri i\u015flenmesinin zorunlu olmas\u0131\u201d<\/p>\n<p>Hukuki sebebine dayanarak otomatik yollarla i\u015flenmektedir. Ayr\u0131ca ilgili ki\u015fisel verileriniz hukuki uyu\u015fmazl\u0131klar\u0131n giderilmesi veya ilgili mevzuat\u0131 gere\u011fi talep halinde adli makamlar veya ilgili kolluk kuvvetlerine aktar\u0131labilecektir. Anayasa\u2019n\u0131n 20. maddesinde herkesin, kendisiyle ilgili ki\u015fisel veriler hakk\u0131nda bilgilendirilme hakk\u0131na sahip oldu\u011fu ortaya konulmu\u015ftur. KVKK\u2019n\u0131n 11. maddesinde ki\u015fisel veri sahibinin kanun kapsam\u0131ndaki haklar\u0131 say\u0131lm\u0131\u015ft\u0131r.<\/p>\n<p>Kanunun ilgili ki\u015finin haklar\u0131n\u0131 d\u00fczenleyen 11. Maddesi kapsam\u0131ndaki taleplerinizi, \u201cVeri Sorumlusuna Ba\u015fvuru Usul ve Esaslar\u0131 Hakk\u0131nda Tebli\u011fe\u201d Madde 5\u2019e g\u00f6re Mehmet Akif Mah. A\u015f\u0131k Veysel Cd K\u0131lavuz Sok.No:20\/22 \u0130kitelli \/ K\u00fc\u00e7\u00fck\u00e7ekmece \/ \u0130stanbul adresine yaz\u0131l\u0131 olarak g\u00f6nderebilir veya kvkk@macgalgroup.com e-posta adresine iletebilirsiniz.<\/p>\n<p>Bu metin, KVKK Uyum Dan\u0131\u015fmanl\u0131\u011f\u0131 kapsam\u0131nda haz\u0131rlanm\u0131\u015ft\u0131r.<br \/>\n\u00a9 Uyumbox Dan\u0131\u015fmanl\u0131k | <a href=\"http:\/\/www.uyumbox.com\">www.uyumbox.com<\/a><\/p>\n<\/div><\/div><\/div><\/div><\/div><\/div><\/section><\/div>","protected":false},"excerpt":{"rendered":"G\u00fcvenlik Kameralar\u0131 Hakk\u0131nda Detayl\u0131 Ayd\u0131nlatma Metni \u0130\u015fbu ayd\u0131nlatma metni, veri sorumlusu s\u0131fat\u0131yla hareket eden Macgal G\u0131da \u0130n\u015faat Tekstil Otomotiv Turizm \u0130thalat \u0130hracat Sanayi Ticaret Anonim \u015eirketi taraf\u0131ndan, 6698 say\u0131l\u0131 Ki\u015fisel Verilerin Korunmas\u0131 Kanununun (\u201cKVKK\u201d) 10. maddesi ile Ayd\u0131nlatma Y\u00fck\u00fcml\u00fcl\u00fc\u011f\u00fcn\u00fcn Yerine Getirilmesinde Uyulacak Usul ve Esaslar Hakk\u0131nda Tebli\u011f \u00e7er\u00e7evesinde, ki\u015fisel verilerinizin","protected":false},"author":1,"featured_media":0,"parent":0,"menu_order":0,"comment_status":"closed","ping_status":"closed","template":"","meta":{"footnotes":""},"class_list":["post-10285","page","type-page","status-publish","hentry"],"_links":{"self":[{"href":"https:\/\/macgal-wordpress.server.worgoo.com\/en\/wp-json\/wp\/v2\/pages\/10285","targetHints":{"allow":["GET"]}}],"collection":[{"href":"https:\/\/macgal-wordpress.server.worgoo.com\/en\/wp-json\/wp\/v2\/pages"}],"about":[{"href":"https:\/\/macgal-wordpress.server.worgoo.com\/en\/wp-json\/wp\/v2\/types\/page"}],"author":[{"embeddable":true,"href":"https:\/\/macgal-wordpress.server.worgoo.com\/en\/wp-json\/wp\/v2\/users\/1"}],"replies":[{"embeddable":true,"href":"https:\/\/macgal-wordpress.server.worgoo.com\/en\/wp-json\/wp\/v2\/comments?post=10285"}],"version-history":[{"count":0,"href":"https:\/\/macgal-wordpress.server.worgoo.com\/en\/wp-json\/wp\/v2\/pages\/10285\/revisions"}],"wp:attachment":[{"href":"https:\/\/macgal-wordpress.server.worgoo.com\/en\/wp-json\/wp\/v2\/media?parent=10285"}],"curies":[{"name":"wp","href":"https:\/\/api.w.org\/{rel}","templated":true}]}}