{"id":10279,"date":"2025-09-24T11:12:48","date_gmt":"2025-09-24T11:12:48","guid":{"rendered":"http:\/\/macgal-wordpress.server.worgoo.com\/?page_id=10279"},"modified":"2025-09-24T11:15:36","modified_gmt":"2025-09-24T11:15:36","slug":"calisan-aday-aydinlatma-metni","status":"publish","type":"page","link":"https:\/\/macgal-wordpress.server.worgoo.com\/en\/calisan-aday-aydinlatma-metni\/","title":{"rendered":"\u00c7al\u0131\u015fan Aday Ayd\u0131nlatma Metni"},"content":{"rendered":"<div class=\"vc-custom-col-spacing clearfix vc-col-spacing-30\"><section class=\"wpb_row vc_row-fluid row-content-position-Default\"><div class=\"bauer-container\"><div class=\"row-inner clearfix\"><div class=\"wpb_column vc_column_container vc_col-sm-12\"><div class=\"vc_column-inner\"><div class=\"wpb_wrapper\"><div class=\"bauer-text clearfix\" style=\"color:#000000;\"><p>K\u0131ymetli \u00c7al\u0131\u015fan Aday\u0131;<br \/>\n\u0130\u015fbu ayd\u0131nlatma metni, veri sorumlusu s\u0131fat\u0131yla hareket Macgal G\u0131da \u0130n\u015faat Tekstil Otomotiv Turizm \u0130thalat \u0130hracat Sanayi Ticaret Anonim \u015eirketi taraf\u0131ndan, 6698 say\u0131l\u0131 Ki\u015fisel Verilerin Korunmas\u0131 Kanununun (\u201cKVKK\u201d) 10. maddesi ile Ayd\u0131nlatma Yu\u0308ku\u0308mlu\u0308lu\u0308\u011fu\u0308nu\u0308n Yerine Getirilmesinde Uyulacak Usul ve Esaslar Hakk\u0131nda Tebli\u011f \u00e7er\u00e7evesinde, ki\u015fisel verilerinizin i\u015flenme ama\u00e7lar\u0131, hukuki nedenleri, toplanma y\u00f6ntemi, kimlere aktar\u0131labilece\u011fi ve KVKK kapsam\u0131ndaki haklar\u0131n\u0131z konular\u0131na ili\u015fkin olarak sizleri bilgilendirmek amac\u0131yla haz\u0131rlanm\u0131\u015ft\u0131r<br \/>\n\u015eirketimize g\u00f6ndermi\u015f oldu\u011funuz \u00f6zge\u00e7mi\u015flerinizde veya bize ula\u015fman\u0131za arac\u0131 olan internet sitelerinde belirtti\u011finiz bilgiler u\u0308zerinde mutlak bir kontrolu\u0308mu\u0308z bulunmamaktad\u0131r. Bilmemizi istemedi\u011finiz ki\u015fisel verilerinizi ve \u00f6zel nitelikli ki\u015fisel verilerinizi \u015firketimizle payla\u015fmaman\u0131z\u0131 tavsiye ederiz.<\/p>\n<table width=\"806\">\n<tbody>\n<tr>\n<td width=\"251\"><strong>Veri Kategorileri<\/strong><\/td>\n<td width=\"555\"><strong>Bu Kategoride \u0130\u015flenen Veri Tiplerine \u00d6rnekler<\/strong><\/td>\n<\/tr>\n<tr>\n<td>Kimlik Verisi<\/td>\n<td>Ad\u0131n\u0131z, soyad\u0131n\u0131z, do\u011fum tarihiniz, do\u011fum yeriniz, cinsiyetiniz, medeni durumunuz<\/td>\n<\/tr>\n<tr>\n<td>\u0130leti\u015fim Verisi<\/td>\n<td>Telefon numaran\u0131z, a\u00e7\u0131k adresiniz, e-posta, adresiniz<\/td>\n<\/tr>\n<tr>\n<td>\u00d6zlu\u0308k Verisi<\/td>\n<td>\u00d6zge\u00e7mi\u015finiz, askerlik durum bilginiz<\/td>\n<\/tr>\n<tr>\n<td>Hukuki \u0130\u015flem<\/td>\n<td>Adli makamlarla yaz\u0131\u015fmalardaki bilgileriniz, Dava dosyas\u0131ndaki bilgileriniz.<\/td>\n<\/tr>\n<tr>\n<td>Mesleki Deneyim<\/td>\n<td>Verisi \u0130\u015f tecru\u0308belerinize ili\u015fkin bilgileriniz, \u00d6\u011frenim durumunuz, diplomalar\u0131n\u0131z, sertifikalar\u0131n\u0131z, ald\u0131\u011f\u0131n\u0131z e\u011fitimler, becerileriniz, ald\u0131\u011f\u0131n\u0131z kurslar, su\u0308ru\u0308cu\u0308 ehliyet bilgisi, SRC Belgesi<\/td>\n<\/tr>\n<tr>\n<td>G\u00f6rsel ve \u0130\u015fitsel Kay\u0131tlar<\/td>\n<td>Foto\u011fraf\u0131n\u0131z,<\/td>\n<\/tr>\n<tr>\n<td>Sa\u011fl\u0131k Verisi<\/td>\n<td>Kronik hastal\u0131k ve engellilik durum bilginiz<\/td>\n<\/tr>\n<\/tbody>\n<\/table>\n<p><strong>1. \u015eirketimiz Taraf\u0131ndan Hangi Ki\u015fisel Verileriniz \u0130\u015fleniyor?<\/strong>Bunlar haricinde;<br \/>\n\u25cf Maa\u015f beklentiniz;<br \/>\n\u25cf Hobileriniz,<br \/>\n\u25cf Referans bilgileriniz (referans ki\u015fisine ait ki\u015fisel ve ileti\u015fim bilgileri) ,<br \/>\n\u25cf Taraf\u0131n\u0131zca \u00f6zge\u00e7mi\u015finize ekledi\u011finiz di\u011fer bilgileriniz<br \/>\nTaraf\u0131m\u0131za payla\u015f\u0131ld\u0131\u011f\u0131 takdirde KVKK\u2019ya uygun olarak i\u015flenecektir.<\/p>\n<p>S\u00f6z konusu verileriniz, i\u015f ba\u015fvurunuzun onaylanmamas\u0131 halinde 1 y\u0131la kadar, onaylanmas\u0131 halinde ise i\u015fyerinden ayr\u0131lman\u0131zdan itibaren 10 y\u0131la kadar Macgal G\u0131da \u0130n\u015faat Tekstil<br \/>\nOtomotiv Turizm \u0130thalat \u0130hracat Sanayi Ticaret Anonim \u015eirketi taraf\u0131ndan saklanabilecektir.<\/p>\n<p><strong>2. Ki\u015fisel Verilerinizi Hangi Ama\u00e7larla \u0130\u015fliyoruz?<\/strong><br \/>\nYukar\u0131da belirtti\u011fimiz ki\u015fisel verileriniz Hizmet S\u00f6zle\u015fmesi\u2019nin ifas\u0131 i\u00e7in a\u015fa\u011f\u0131daki ama\u00e7larla<br \/>\ni\u015flenmektedir:<br \/>\n\u25cf \u00c7al\u0131\u015fan Aday\u0131 \/ Stajyer \/ \u00d6\u011frenci Se\u00e7me ve Yerle\u015ftirme Su\u0308re\u00e7lerinin Yu\u0308ru\u0308tu\u0308lmesi<br \/>\n\u25cf \u00c7al\u0131\u015fan Adaylar\u0131n\u0131n Ba\u015fvuru Su\u0308re\u00e7lerinin Yu\u0308ru\u0308tu\u0308lmesi<br \/>\n\u25cf \u0130leti\u015fim Faaliyetlerinin Yu\u0308ru\u0308tu\u0308lmesi<br \/>\n\u25cf \u0130nsan Kaynaklar\u0131 Su\u0308re\u00e7lerinin Planlanmas\u0131<br \/>\n\u25cf Faaliyetlerin Mevzuata Uygun Yu\u0308ru\u0308tu\u0308lmesi<br \/>\n\u25cf Saklama ve Ar\u015fiv Faaliyetlerinin Yu\u0308ru\u0308tu\u0308lmesi<\/p>\n<p><strong>3. Ki\u015fisel Verilerinizi Hangi Y\u00f6ntemi Kullanarak ve Hangi Hukuki Sebeplere Dayanarak \u0130\u015fliyoruz?<\/strong><\/p>\n<p>S\u00f6z konusu ki\u015fisel veriler Kanunun 5. maddesinde yer alan;<\/p>\n<p>\u25cf \u201cVeri sorumlusunun hukuki yu\u0308ku\u0308mlu\u0308lu\u0308\u011fu\u0308nu\u0308 yerine getirebilmesi i\u00e7in zorunlu<br \/>\nolmas\u0131\u201d,<br \/>\n\u25cf \u201c\u0130lgili ki\u015finin temel hak ve \u00f6zgu\u0308rlu\u0308klerine zarar vermemek kayd\u0131yla, veri<br \/>\nsorumlusunun me\u015fru menfaatleri i\u00e7in veri i\u015flenmesinin zorunlu olmas\u0131\u201d<br \/>\n\u25cf \u201cBir s\u00f6zle\u015fmenin kurulmas\u0131 veya ifas\u0131yla do\u011frudan do\u011fruya ilgili olmas\u0131 kayd\u0131yla, s\u00f6zle\u015fmenin taraflar\u0131na ait ki\u015fisel verilerin i\u015flenmesinin gerekli olmas\u0131\u201d hukuki sebeplerine dayanarak otomatik olan (\u00f6rne\u011fin internet ortam\u0131nda otomatik olarak sistemimize g\u00f6nderilmesi) veya otomatik olmayan yollarla (\u00f6rne\u011fin telefonda bize bildirdi\u011finiz bir bilgiyi not etmemiz) i\u015flenmektedir.<\/p>\n<p><strong>4. Ki\u015fisel Verilerinizi Kimlere ve Hangi Ama\u00e7larla Aktar\u0131yoruz?<\/strong><br \/>\nKi\u015fisel verileriniz, hukuki uyu\u015fmazl\u0131klar\u0131n giderilmesi veya ilgili mevzuat gere\u011fi talep halinde adli makamlar veya ilgili kolluk kuvvetlerine aktar\u0131labilecektir.<\/p>\n<p><strong>5. Ki\u015fisel Verilerin \u0130\u015flenmesine Dair Haklar\u0131n\u0131z Nelerdir ve Bu Haklara Nas\u0131l Eri\u015febilirsiniz?<\/strong><\/p>\n<p>KVKK\u2019n\u0131n 11. maddesinde belirtilen haklar\u0131n\u0131za ili\u015fkin taleplerinizi \u201cVeri Sorumlusuna Ba\u015fvuru Usul ve Esaslar\u0131 Hakk\u0131nda Tebli\u011f\u201d Madde 5\u2019e g\u00f6re Macgal G\u0131da \u0130n\u015faat Tekstil Otomotiv Turizm \u0130thalat \u0130hracat Sanayi Ticaret Anonim \u015eirketi\u2019ne yaz\u0131l\u0131 olarak veya kay\u0131tl\u0131 elektronik posta (KEP) adresi, gu\u0308venli elektronik imza, mobil imza ya da ilgili ki\u015fi taraf\u0131ndan veri sorumlusuna daha \u00f6nce bildirilen ve veri sorumlusunun sisteminde kay\u0131tl\u0131 bulunan elektronik posta adresini kullanmak suretiyle iletebilirsiniz. Kullanabilece\u011finiz bir ba\u015fvuru formu sizi bilgilendirmek ve sizlere kolayl\u0131k sa\u011flamak ad\u0131na internet sitemizde yay\u0131nlanm\u0131\u015ft\u0131r. \u0130lgili formu g\u00f6ru\u0308ntu\u0308lemek i\u00e7in t\u0131klay\u0131n\u0131z.<\/p>\n<p>Bu metin, KVKK Uyum Dan\u0131\u015fmanl\u0131\u011f\u0131 kapsam\u0131nda haz\u0131rlanm\u0131\u015ft\u0131r.<br \/>\n\u00a9 Uyumbox Dan\u0131\u015fmanl\u0131k | <a href=\"http:\/\/www.uyumbox.com\">www.uyumbox.com<\/a><\/p>\n<\/div><\/div><\/div><\/div><\/div><\/div><\/section><\/div>","protected":false},"excerpt":{"rendered":"K\u0131ymetli \u00c7al\u0131\u015fan Aday\u0131; \u0130\u015fbu ayd\u0131nlatma metni, veri sorumlusu s\u0131fat\u0131yla hareket Macgal G\u0131da \u0130n\u015faat Tekstil Otomotiv Turizm \u0130thalat \u0130hracat Sanayi Ticaret Anonim \u015eirketi taraf\u0131ndan, 6698 say\u0131l\u0131 Ki\u015fisel Verilerin Korunmas\u0131 Kanununun (\u201cKVKK\u201d) 10. maddesi ile Ayd\u0131nlatma Yu\u0308ku\u0308mlu\u0308lu\u0308\u011fu\u0308nu\u0308n Yerine Getirilmesinde Uyulacak Usul ve Esaslar Hakk\u0131nda Tebli\u011f \u00e7er\u00e7evesinde, ki\u015fisel verilerinizin i\u015flenme ama\u00e7lar\u0131, hukuki nedenleri,","protected":false},"author":1,"featured_media":0,"parent":0,"menu_order":0,"comment_status":"closed","ping_status":"closed","template":"","meta":{"footnotes":""},"class_list":["post-10279","page","type-page","status-publish","hentry"],"_links":{"self":[{"href":"https:\/\/macgal-wordpress.server.worgoo.com\/en\/wp-json\/wp\/v2\/pages\/10279","targetHints":{"allow":["GET"]}}],"collection":[{"href":"https:\/\/macgal-wordpress.server.worgoo.com\/en\/wp-json\/wp\/v2\/pages"}],"about":[{"href":"https:\/\/macgal-wordpress.server.worgoo.com\/en\/wp-json\/wp\/v2\/types\/page"}],"author":[{"embeddable":true,"href":"https:\/\/macgal-wordpress.server.worgoo.com\/en\/wp-json\/wp\/v2\/users\/1"}],"replies":[{"embeddable":true,"href":"https:\/\/macgal-wordpress.server.worgoo.com\/en\/wp-json\/wp\/v2\/comments?post=10279"}],"version-history":[{"count":0,"href":"https:\/\/macgal-wordpress.server.worgoo.com\/en\/wp-json\/wp\/v2\/pages\/10279\/revisions"}],"wp:attachment":[{"href":"https:\/\/macgal-wordpress.server.worgoo.com\/en\/wp-json\/wp\/v2\/media?parent=10279"}],"curies":[{"name":"wp","href":"https:\/\/api.w.org\/{rel}","templated":true}]}}