{"id":10266,"date":"2025-09-19T10:09:22","date_gmt":"2025-09-19T10:09:22","guid":{"rendered":"http:\/\/macgal-wordpress.server.worgoo.com\/?page_id=10266"},"modified":"2025-09-19T10:12:48","modified_gmt":"2025-09-19T10:12:48","slug":"iletisim-formunda-islenen-kisisel-verilere-iliskin-aydinlatma-metni","status":"publish","type":"page","link":"https:\/\/macgal-wordpress.server.worgoo.com\/en\/iletisim-formunda-islenen-kisisel-verilere-iliskin-aydinlatma-metni\/","title":{"rendered":"\u0130leti\u015fim Formunda \u0130\u015flenen Ki\u015fisel Verilere \u0130li\u015fkin Ayd\u0131nlatma Metni"},"content":{"rendered":"<div class=\"vc-custom-col-spacing clearfix vc-col-spacing-30\"><section class=\"wpb_row vc_row-fluid row-content-position-Default\"><div class=\"bauer-container\"><div class=\"row-inner clearfix\"><div class=\"wpb_column vc_column_container vc_col-sm-12\"><div class=\"vc_column-inner\"><div class=\"wpb_wrapper\"><div class=\"bauer-text clearfix\" style=\"color:#000000;\"><p>\u0130\u015fbu ayd\u0131nlatma metni, veri sorumlusu s\u0131fat\u0131yla hareket eden Macgal G\u0131da \u0130n\u015faat Tekstil Otomotiv Turizm \u0130thalat \u0130hracat Sanayi taraf\u0131ndan, 6698 say\u0131l\u0131 Ki\u015fisel Verilerin Korunmas\u0131 Kanununun (\u201cKVKK\u201d) 10. maddesi ile Ayd\u0131nlatma Y\u00fck\u00fcml\u00fcl\u00fc\u011f\u00fcn\u00fcn Yerine Getirilmesinde Uyulacak Usul ve Esaslar Hakk\u0131nda Tebli\u011f \u00e7er\u00e7evesinde, ki\u015fisel verilerinizin i\u015flenme ama\u00e7lar\u0131, hukuki nedenleri, toplanma y\u00f6ntemi, kimlere aktar\u0131labilece\u011fi ve KVKK kapsam\u0131ndaki haklar\u0131n\u0131za dair sizleri bilgilendirmek ve ayd\u0131nlatmak amac\u0131yla taraf\u0131m\u0131zca haz\u0131rlanm\u0131\u015ft\u0131r.<\/p>\n<p>\u0130nternet sitemizde yer alan \u201cBizimle \u0130leti\u015fime Ge\u00e7in\u201d butonu ile arac\u0131l\u0131\u011f\u0131yla payla\u015ft\u0131\u011f\u0131n\u0131z; Ki\u015fisel verileriniz, \u015firketimizce sunulan hizmetlerden sizleri bilgilendirmek, faydaland\u0131rmak ve ba\u015fvuruda bulundu\u011funuz konu hakk\u0131nda sizinle ileti\u015fim kurulabilmesi ama\u00e7lar\u0131yla i\u015flenmektedir. \u0130\u015fbu payla\u015ft\u0131\u011f\u0131n\u0131z bilgiler \u00fczerinde mutlak bir kontrol\u00fcm\u00fcz bulunmamaktad\u0131r. Ayr\u0131ca bilmemizi istemedi\u011finiz ki\u015fisel verilerinizi ve \u00f6zel nitelikli ki\u015fisel verilerinizi \u015firketimizle payla\u015fmaman\u0131z\u0131 tavsiye ederiz.<\/p>\n<p>S\u00f6z konusu ki\u015fisel veriler, KVKK\u2019n\u0131n 5. maddesinde yer alan;<br \/>\n\u201cBir s\u00f6zle\u015fmenin kurulmas\u0131 veya ifas\u0131yla do\u011frudan do\u011fruya ilgili olmas\u0131 kayd\u0131yla, s\u00f6zle\u015fmenin taraflar\u0131na ait ki\u015fisel verilerin i\u015flenmesinin gerekli olmas\u0131\u201d hukuki sebeplerine dayanarak otomatik yolla i\u015flenmekte olup altyap\u0131 hizmet sa\u011flay\u0131c\u0131s\u0131 olan firma ve gerekli durumlarda ilgili yarg\u0131 mercileriyle payla\u015f\u0131lacakt\u0131r.<\/p>\n<p>Kanunun ilgili ki\u015finin haklar\u0131n\u0131 d\u00fczenleyen 11. Maddesi kapsam\u0131ndaki taleplerinizi, \u201cVeri Sorumlusuna Ba\u015fvuru Usul ve Esaslar\u0131 Hakk\u0131nda Tebli\u011fe\u201d g\u00f6re, Mehmet Akif Mah. A\u015f\u0131k Veysel Cd K\u0131lavuz Sok.No:20\/22 \u0130kitelli \/ K\u00fc\u00e7\u00fck\u00e7ekmece \/ \u0130stanbul adresine yaz\u0131l\u0131 olarak g\u00f6nderebilir veya kvkk@macgal-wordpress.server.worgoo.com e-posta adresine iletebilirsiniz.<\/p>\n<p>\u0130leti\u015fim Formu ba\u015fvuru formu <a href=\"http:\/\/macgal-wordpress.server.worgoo.com\/en\/iletisim\/\">\u0130lgili formu g\u00f6r\u00fcnt\u00fclemek i\u00e7in t\u0131klay\u0131n\u0131z.<\/a><br \/>\nKariyer Formu ba\u015fvuru formu <a href=\"http:\/\/macgal-wordpress.server.worgoo.com\/en\/kariyer\/\">\u0130lgili formu g\u00f6r\u00fcnt\u00fclemek i\u00e7in t\u0131klay\u0131n\u0131z.<\/a><br \/>\nTeknik Destek Formu <a href=\"http:\/\/macgal-wordpress.server.worgoo.com\/en\/teknik-destek\/\">\u0130lgili formu g\u00f6r\u00fcnt\u00fclemek i\u00e7in t\u0131klay\u0131n\u0131z.<\/a><\/p>\n<p>&nbsp;<\/p>\n<p>Bu metin, KVKK Uyum Dan\u0131\u015fmanl\u0131\u011f\u0131 kapsam\u0131nda haz\u0131rlanm\u0131\u015ft\u0131r.<br \/>\n\u00a9 Uyumbox Dan\u0131\u015fmanl\u0131k | www.uyumbox.com<\/p>\n<\/div>\r\n\t<div class=\"bauer-spacer clearfix\" data-desktop=\"30\" data-mobi=\"20\" data-smobi=\"20\"><\/div>\r\n\t<div class=\"bauer-spacer clearfix\" data-desktop=\"60\" data-mobi=\"30\" data-smobi=\"30\"><\/div><\/div><\/div><\/div><\/div><\/div><\/section><\/div>","protected":false},"excerpt":{"rendered":"\u0130\u015fbu ayd\u0131nlatma metni, veri sorumlusu s\u0131fat\u0131yla hareket eden Macgal G\u0131da \u0130n\u015faat Tekstil Otomotiv Turizm \u0130thalat \u0130hracat Sanayi taraf\u0131ndan, 6698 say\u0131l\u0131 Ki\u015fisel Verilerin Korunmas\u0131 Kanununun (\u201cKVKK\u201d) 10. maddesi ile Ayd\u0131nlatma Y\u00fck\u00fcml\u00fcl\u00fc\u011f\u00fcn\u00fcn Yerine Getirilmesinde Uyulacak Usul ve Esaslar Hakk\u0131nda Tebli\u011f \u00e7er\u00e7evesinde, ki\u015fisel verilerinizin i\u015flenme ama\u00e7lar\u0131, hukuki nedenleri, toplanma y\u00f6ntemi, kimlere aktar\u0131labilece\u011fi ve","protected":false},"author":1,"featured_media":0,"parent":0,"menu_order":0,"comment_status":"closed","ping_status":"closed","template":"","meta":{"footnotes":""},"class_list":["post-10266","page","type-page","status-publish","hentry"],"_links":{"self":[{"href":"https:\/\/macgal-wordpress.server.worgoo.com\/en\/wp-json\/wp\/v2\/pages\/10266","targetHints":{"allow":["GET"]}}],"collection":[{"href":"https:\/\/macgal-wordpress.server.worgoo.com\/en\/wp-json\/wp\/v2\/pages"}],"about":[{"href":"https:\/\/macgal-wordpress.server.worgoo.com\/en\/wp-json\/wp\/v2\/types\/page"}],"author":[{"embeddable":true,"href":"https:\/\/macgal-wordpress.server.worgoo.com\/en\/wp-json\/wp\/v2\/users\/1"}],"replies":[{"embeddable":true,"href":"https:\/\/macgal-wordpress.server.worgoo.com\/en\/wp-json\/wp\/v2\/comments?post=10266"}],"version-history":[{"count":0,"href":"https:\/\/macgal-wordpress.server.worgoo.com\/en\/wp-json\/wp\/v2\/pages\/10266\/revisions"}],"wp:attachment":[{"href":"https:\/\/macgal-wordpress.server.worgoo.com\/en\/wp-json\/wp\/v2\/media?parent=10266"}],"curies":[{"name":"wp","href":"https:\/\/api.w.org\/{rel}","templated":true}]}}