{"id":10242,"date":"2025-09-18T13:53:00","date_gmt":"2025-09-18T13:53:00","guid":{"rendered":"http:\/\/macgal-wordpress.server.worgoo.com\/?page_id=10242"},"modified":"2025-10-02T10:56:05","modified_gmt":"2025-10-02T10:56:05","slug":"kisisel-verilerin-korunmasi","status":"publish","type":"page","link":"https:\/\/macgal-wordpress.server.worgoo.com\/en\/kisisel-verilerin-korunmasi\/","title":{"rendered":"Ki\u015fisel Verilerin Korunmas\u0131"},"content":{"rendered":"<div class=\"vc-custom-col-spacing clearfix vc-col-spacing-30\"><section class=\"wpb_row vc_row-fluid row-content-position-Default\"><div class=\"bauer-container\"><div class=\"row-inner clearfix\"><div class=\"wpb_column vc_column_container vc_col-sm-12\"><div class=\"vc_column-inner\"><div class=\"wpb_wrapper\"><div class=\"bauer-text clearfix\" style=\"font-size:16px;color:#000000;\"><p><strong>Ki\u015fisel Verilerin Korunmas\u0131<\/strong><br \/>\nMacgal Otomat olarak ki\u015fisel verilerinizin hukuka uygun olarak i\u015flenmesine ve korunmas\u0131na \u00f6zen g\u00f6steriyoruz. Sitemizde i\u015flenen ki\u015fisel verilere ili\u015fkin detayl\u0131 ayd\u0131nlatma metinlerimize a\u015fa\u011f\u0131dan ula\u015fabilirsiniz.<\/p>\n<\/div>\r\n\t<div class=\"bauer-spacer clearfix\" data-desktop=\"20\" data-mobi=\"10\" data-smobi=\"10\"><\/div><div class=\"\"><a class=\"bauer-links link-style-2\" href=\"http:\/\/macgal-wordpress.server.worgoo.com\/en\/kisisel-veri-aydinlatma-metni\/\" style=\"\" >\r\n\t\t\t<span class=\"text\" style=\"\">Ki\u015fisel Verilerin \u0130\u015flenmesine \u0130li\u015fkin Ziyaret\u00e7i Ayd\u0131nlatma Metni<\/span> \r\n\t\t<\/a><\/div>\r\n\t<div class=\"bauer-spacer clearfix\" data-desktop=\"10\" data-mobi=\"10\" data-smobi=\"10\"><\/div><div class=\"\"><a class=\"bauer-links link-style-2\" href=\"http:\/\/macgal-wordpress.server.worgoo.com\/en\/kurumsal-genel-aydinlatma-metni\/\" style=\"\" >\r\n\t\t\t<span class=\"text\" style=\"\">Kurumsal Genel Ayd\u0131nlatma Metni<\/span> \r\n\t\t<\/a><\/div>\r\n\t<div class=\"bauer-spacer clearfix\" data-desktop=\"10\" data-mobi=\"10\" data-smobi=\"10\"><\/div><div class=\"\"><a class=\"bauer-links link-style-2\" href=\"http:\/\/macgal-wordpress.server.worgoo.com\/en\/gizlilik-ve-cerez-politikasi\/\" style=\"\" >\r\n\t\t\t<span class=\"text\" style=\"\">\u00c7erez Politikas\u0131 ve \u00c7erez Ayd\u0131nlatma Metni<\/span> \r\n\t\t<\/a><\/div>\r\n\t<div class=\"bauer-spacer clearfix\" data-desktop=\"10\" data-mobi=\"10\" data-smobi=\"10\"><\/div><div class=\"\"><a class=\"bauer-links link-style-2\" href=\"http:\/\/macgal-wordpress.server.worgoo.com\/en\/iletisim-formunda-islenen-kisisel-verilere-iliskin-aydinlatma-metni\/\" style=\"\" >\r\n\t\t\t<span class=\"text\" style=\"\">\u0130leti\u015fim Formunda \u0130\u015flenen Ki\u015fisel Verilere \u0130li\u015fkin Ayd\u0131nlatma Metni<\/span> \r\n\t\t<\/a><\/div>\r\n\t<div class=\"bauer-spacer clearfix\" data-desktop=\"10\" data-mobi=\"10\" data-smobi=\"10\"><\/div><div class=\"\"><a class=\"bauer-links link-style-2\" href=\"http:\/\/macgal-wordpress.server.worgoo.com\/en\/cagri-merkezi-aydinlatma-metni\/\" style=\"\" >\r\n\t\t\t<span class=\"text\" style=\"\">\u00c7a\u011fr\u0131 Merkezi Ayd\u0131nlatma Metni<\/span> \r\n\t\t<\/a><\/div>\r\n\t<div class=\"bauer-spacer clearfix\" data-desktop=\"10\" data-mobi=\"10\" data-smobi=\"10\"><\/div><div class=\"\"><a class=\"bauer-links link-style-2\" href=\"http:\/\/macgal-wordpress.server.worgoo.com\/en\/calisan-aday-aydinlatma-metni\/\" style=\"\" >\r\n\t\t\t<span class=\"text\" style=\"\">\u00c7al\u0131\u015fan Aday Ayd\u0131nlatma Metni<\/span> \r\n\t\t<\/a><\/div>\r\n\t<div class=\"bauer-spacer clearfix\" data-desktop=\"10\" data-mobi=\"10\" data-smobi=\"10\"><\/div><div class=\"\"><a class=\"bauer-links link-style-2\" href=\"http:\/\/macgal-wordpress.server.worgoo.com\/en\/guvenlik-kameralari-hakkinda-detayli-aydinlatma-metni\/\" style=\"\" >\r\n\t\t\t<span class=\"text\" style=\"\">G\u00fcvenlik Kameralar\u0131 Hakk\u0131nda Detayl\u0131 Ayd\u0131nlatma Metni<\/span> \r\n\t\t<\/a><\/div>\r\n\t<div class=\"bauer-spacer clearfix\" data-desktop=\"10\" data-mobi=\"10\" data-smobi=\"10\"><\/div><div class=\"\"><a class=\"bauer-links link-style-2\" href=\"http:\/\/macgal-wordpress.server.worgoo.com\/en\/veri-sorumlusuna-basvuru-formu-aydinlatma-metni\/\" style=\"\" >\r\n\t\t\t<span class=\"text\" style=\"\">Veri Sorumlusuna Ba\u015fvuru Formu Ayd\u0131nlatma Metni<\/span> \r\n\t\t<\/a><\/div><\/div><\/div><\/div><\/div><\/div><\/section><\/div>","protected":false},"excerpt":{"rendered":"Ki\u015fisel Verilerin Korunmas\u0131 Macgal Otomat olarak ki\u015fisel verilerinizin hukuka uygun olarak i\u015flenmesine ve korunmas\u0131na \u00f6zen g\u00f6steriyoruz. Sitemizde i\u015flenen ki\u015fisel verilere ili\u015fkin detayl\u0131 ayd\u0131nlatma metinlerimize a\u015fa\u011f\u0131dan ula\u015fabilirsiniz. Ki\u015fisel Verilerin \u0130\u015flenmesine \u0130li\u015fkin Ziyaret\u00e7i Ayd\u0131nlatma Metni Kurumsal Genel Ayd\u0131nlatma Metni \u00c7erez Politikas\u0131 ve \u00c7erez Ayd\u0131nlatma Metni \u0130leti\u015fim Formunda \u0130\u015flenen Ki\u015fisel Verilere \u0130li\u015fkin Ayd\u0131nlatma","protected":false},"author":1,"featured_media":0,"parent":0,"menu_order":0,"comment_status":"closed","ping_status":"closed","template":"","meta":{"footnotes":""},"class_list":["post-10242","page","type-page","status-publish","hentry"],"_links":{"self":[{"href":"https:\/\/macgal-wordpress.server.worgoo.com\/en\/wp-json\/wp\/v2\/pages\/10242","targetHints":{"allow":["GET"]}}],"collection":[{"href":"https:\/\/macgal-wordpress.server.worgoo.com\/en\/wp-json\/wp\/v2\/pages"}],"about":[{"href":"https:\/\/macgal-wordpress.server.worgoo.com\/en\/wp-json\/wp\/v2\/types\/page"}],"author":[{"embeddable":true,"href":"https:\/\/macgal-wordpress.server.worgoo.com\/en\/wp-json\/wp\/v2\/users\/1"}],"replies":[{"embeddable":true,"href":"https:\/\/macgal-wordpress.server.worgoo.com\/en\/wp-json\/wp\/v2\/comments?post=10242"}],"version-history":[{"count":0,"href":"https:\/\/macgal-wordpress.server.worgoo.com\/en\/wp-json\/wp\/v2\/pages\/10242\/revisions"}],"wp:attachment":[{"href":"https:\/\/macgal-wordpress.server.worgoo.com\/en\/wp-json\/wp\/v2\/media?parent=10242"}],"curies":[{"name":"wp","href":"https:\/\/api.w.org\/{rel}","templated":true}]}}