{"id":10230,"date":"2025-03-08T14:31:46","date_gmt":"2025-03-08T14:31:46","guid":{"rendered":"http:\/\/macgal-wordpress.server.worgoo.com\/?page_id=10230"},"modified":"2025-03-08T14:31:46","modified_gmt":"2025-03-08T14:31:46","slug":"coffemar-xl-46","status":"publish","type":"page","link":"https:\/\/macgal-wordpress.server.worgoo.com\/en\/coffemar-xl-46\/","title":{"rendered":"Coffemar XL-46"},"content":{"rendered":"<div class=\"vc-custom-col-spacing clearfix vc-col-spacing-30\"><section class=\"wpb_row vc_row-fluid vc_custom_1741444132476 row-content-position-Default\"><div class=\"bauer-container\"><div class=\"row-inner clearfix\"><div class=\"wpb_column vc_column_container vc_col-sm-2\/5\"><div class=\"vc_column-inner\"><div class=\"wpb_wrapper\"><h2 class=\"bauer-text clearfix \" style=\"\"><div class=\"eg-filmstrip-wrap eg-wrap\" data-lightbox-type=\"magnific_popup\"\n     data-gallery-id=\"IQ2dHOXZel\"\n     data-lightbox-status=\"true\"\n          >\n         \n    <div class=\"eg-filmstrip-outer-wrap eg-filmstrip-outer-layout-4\">\n        <div class=\"eg-filmstrip-items-outerwrap\">\n            <div class=\"eg-filmstrip-items-wrap eg-filmstrip-layout-4\"\n                 data-pause-duration=\"2500\"\n                 data-transition-duration=\"500\"\n                 data-mode=\"fade\"\n                 data-next-previous-controls=\"false\"\n                 data-play-pause-controls=\"false\"\n                 data-auto-start=\"false\"\n                 data-adaptive-height=\"false\"\n                 data-pager=\"false\"\n                 data-pager-type=\"full\"\n                 data-filmstrip-id=\"BL7hxpQpQg\"\n\n                 >\n                     <div class=\"eg-each-item eg-overlay-layout-2 \" data-eg-item-key=\"eg_item_9lMuiP3IoMF8NUi\">\n    \n\n            <div class=\"eg-masonary-padding\">\n            <div class=\"eg-overlay-wrapper\" onclick=\"\">\n\n                <a href=\"https:\/\/macgal-wordpress.server.worgoo.com\/wp-content\/uploads\/2021\/04\/g-546.jpg\"\n                   data-lightbox-type=\"magnific_popup\"\n                   rel=\"prettyPhoto[gallery_9]\"\n                   title=\"\"\n                   data-item-type=\"image\"\n                   data-index=\"1\"\n                   data-total-items=\"1\"\n                   >\n                    <img decoding=\"async\" src=\"https:\/\/macgal-wordpress.server.worgoo.com\/wp-content\/uploads\/2021\/04\/g-546.jpg\" alt=\"G-546\"\/>\n                <\/a>\n                <div class=\"eg-mask\">\n                    <div class=\"eg-inner-wrapper\">\n                        <div class=\"eg-content-holder\">\r\n            <div class=\"eg-button-holder\">\r\n                            <a href=\"javascript:void(0);\" class=\"eg-zoom\"><i class=\"fa fa-search\" aria-hidden=\"true\"><\/i><\/a>\r\n                                <\/div>\r\n            <\/div>                    <\/div>\n                    <span class=\"add\" style=\"display: none\">\n                        <i class=\"fa fa-plus\"><\/i>\n                    <\/span>\n                                    <\/div>\n                <div class=\"slider-overlay\"><\/div>\n                            <\/div>\n                    <\/div>\n        <!---Blog Layout -->\n<\/div>            <\/div>\n        <\/div>\n        <div class=\"eg-filmstrip-pager-outerwrap\">\n            <div class=\"eg-filmstrip-pager\" id=\"eg-pager-BL7hxpQpQg\" data-min-slides=\"4\" data-max-slides=\"5\" data-slide-width=\"170\" data-move-slides=\"1\">\n                                        <a href=\"\" data-slide-index=\"0\">\n                            <img decoding=\"async\" src=\"https:\/\/macgal-wordpress.server.worgoo.com\/wp-content\/uploads\/2021\/04\/g-546-700x700.jpg\" alt=\"G-546\"\/>\n                            <div class=\"eg-filmstrip-caption\" style=\"display:none;\">\n                                <span class=\"eg-title\" style=\"display:none\">G-546<\/span>\n                                <p><\/p>\n                            <\/div>\n                        <\/a>\n\n                                    <\/div>\n            <div class=\"eg-flimstrip-caption-tooltip\"><\/div>\n\n        <\/div>\n    <\/div>\n<\/div>\n\n\n            <style>\r\n            .mfp-arrow {\n    position: absolute;\n    opacity: 0.65;\n    filter: alpha(opacity=65);\n    margin: 0;\n    top: 50%;\n    margin-top: 0px;\n    padding: 2px;\n    width: px;\n    height: 100px;\n    border-radius: 3px;\n    -webkit-tap-highlight-color: rgba(0, 0, 0, 0);\n}<\/style>\r\n            \n<\/h2><\/div><\/div><\/div><div class=\"wpb_column vc_column_container vc_col-sm-3\/5\"><div class=\"vc_column-inner\"><div class=\"wpb_wrapper\"><div class=\"bauer-headings clearfix \"  style=\"\"><h2 class=\"heading clearfix \" style=\"margin-bottom:30px;\">\r\n\t\tXL-46\r\n\t<\/h2><\/div><div class=\"bauer-text clearfix \" style=\"color:#000000;\"><p>COFFEEMAR XL46 CTG modeli, ayn\u0131 makineden iki farkl\u0131 kahve \u00e7e\u015fidi da\u011f\u0131tmak ve b\u00fcy\u00fck boy kahve sunmak i\u00e7in \u00f6zel olarak tasarlanm\u0131\u015ft\u0131r. \u00c7ift da\u011f\u0131t\u0131m \u00fcnitesi, iki kahve haznesi ve \u00e7ift su devresi ile donat\u0131lm\u0131\u015f olan bu model, piyasadaki tek model olup, 14 g kahveyi 350 ml suyla 25 saniyeden k\u0131sa s\u00fcrede haz\u0131rlayabilmektedir.<\/p>\n<ul>\n<li>E\u015f zamanl\u0131 \u00e7al\u0131\u015fabilen \u00e7ift da\u011f\u0131t\u0131m \u00fcnitesi.<\/li>\n<li>\u0130ki \u00e7e\u015fit kahve veya kahve+deniz \u00e7ay\u0131 se\u00e7ene\u011fi.<\/li>\n<li>\u0130ki adet kahve kab\u0131.<\/li>\n<li>\u00c7ift su devresi.<\/li>\n<li>Da\u011f\u0131t\u0131m \u00fcnitesindeki bas\u0131n\u00e7 valfi.<\/li>\n<li>Solenoid valfi olmayan, izlenen su da\u011f\u0131t\u0131m cihaz\u0131.<\/li>\n<li>Kaps\u00fcllenmi\u015f sens\u00f6rlere sahip g\u00fc\u00e7l\u00fc al\u00fcminyum kazan.<\/li>\n<li>\u00c7ap\u0131 80 mm&#8217;ye ve y\u00fcksekli\u011fi 117 mm&#8217;ye kadar olan, 350 ml kapasiteli fincanlar i\u00e7in ekstrakt\u00f6r.<\/li>\n<li>500 bardak servis edildi.<\/li>\n<\/ul>\n<\/div>\r\n\t<div class=\"bauer-spacer clearfix\" data-desktop=\"30\" data-mobi=\"20\" data-smobi=\"20\"><\/div><div class=\"button-wrap icon-right\" style=\"\" ><a href=\"\/iletisim\/\" target=\"_self\" class=\"bauer-button btn-718357705 medium no_icon accent\" style=\"border-radius:30px;\"  data-text=\"#ffffff\" data-text-hover=\"#f35c27\" data-background-hover=\"#ffffff\">\r\n\t\t<span style=\"\">TEKL\u0130F AL <\/span>\r\n\t<\/a><\/div><\/div><\/div><\/div><\/div><\/div><\/section><\/div><div class=\"vc-custom-col-spacing clearfix vc-col-spacing-30\"><section class=\"wpb_row vc_row-fluid row-content-position-Default\"><div class=\"bauer-container\"><div class=\"row-inner clearfix\"><div class=\"wpb_column vc_column_container vc_col-sm-12\"><div class=\"vc_column-inner\"><div class=\"wpb_wrapper\">\r\n\t<div class=\"bauer-spacer clearfix\" data-desktop=\"50\" data-mobi=\"50\" data-smobi=\"50\"><\/div>\r\n\t<div class=\"bauer-tabs clearfix style-1\"><ul class=\"tab-title clearfix\"><\/ul><div class=\"tab-content-wrap\"><div class=\"tab-content \" style=\"\"><li class=\"item-title\" style=\"\">\r\n\t\t\t<span class=\"inner\" style=\"\">\r\n\t\t\t\tA\u00e7\u0131klama\r\n\t\t\t<\/span>\r\n\t\t<\/li><div class=\"item-content\" style=\"\"><p>A\u00e7\u0131k alanlarda demir materyallerle a\u00e7\u0131lmay\u0131 \u00f6nleyen g\u00fcvenlik kilidi.<br \/>\n3 kademeli g\u00fcvenlik kilidi.<br \/>\nMakineden ayr\u0131ld\u0131\u011f\u0131nda kendi kendini kitleyen y\u00fcksek kapasiteli para kutusu.<br \/>\nB\u00fct\u00fcn elektronik par\u00e7alara arkadan eri\u015fim.<br \/>\nNakit Kredi Y\u00f6netimi<br \/>\nMDB \u00f6deme sistemi.<br \/>\n5 farkl\u0131 t\u00fcp ile \u00e7e\u015fitli miktarda para \u00fcst\u00fc verme.<br \/>\nGeli\u015fmi\u015f para okuyucu ile g\u00fcvenilir sahte para detekt\u00f6r\u00fc.<br \/>\nProgramlama ve Y\u00f6netim<br \/>\nMod\u00fcllerle yerinde programlama imkan\u0131.<br \/>\nEl bilgisayar\u0131 ile makine \u00f6zelliklerini bire bir kopyalama.<br \/>\nUzaktan programlama, veri g\u00f6nderimi, \u00fcr\u00fcn bitince alarm verme ve daha fazlas\u0131.<br \/>\n\u00dcr\u00fcn sat\u0131\u015f istatistiklerini tutan veri bildirim \u00f6zelli\u011fi.<br \/>\nBilgisayar i\u00e7in grafik yaz\u0131l\u0131m\u0131 ile \u00fcr\u00fcn dozlar\u0131n\u0131 ayarlama.<\/p>\n<\/div><\/div><div class=\"tab-content \" style=\"\"><li class=\"item-title\" style=\"\">\r\n\t\t\t<span class=\"inner\" style=\"\">\r\n\t\t\t\tTeknik \u00d6zellikler\r\n\t\t\t<\/span>\r\n\t\t<\/li><div class=\"item-content\" style=\"\"><p>\u00d6l\u00e7\u00fcler: 1830 x 600 x 561 mm.<br \/>\nA\u011f\u0131rl\u0131k: 140 kg.<br \/>\n4 adet \u00e7\u0131rp\u0131c\u0131 \u00f6zelli\u011fi<\/p>\n<\/div><\/div><div class=\"tab-content \" style=\"\"><li class=\"item-title\" style=\"\">\r\n\t\t\t<span class=\"inner\" style=\"\">\r\n\t\t\t\tKapasite\r\n\t\t\t<\/span>\r\n\t\t<\/li><div class=\"item-content\" style=\"\"><p>Demleme \u00c7ay(\u00e7ekirdek kahve): 2.450gr.<br \/>\n20+1 \u00fcr\u00fcn kapasitesi<br \/>\n500 bardak kapasitesi<br \/>\nS\u00fct tozu: 2.450gr<br \/>\nS\u0131cak \u00e7ikolata: 2.000gr.<br \/>\n\u015eeker: 3.400gr.<br \/>\nHaz\u0131r kahve: 700gr.<br \/>\n\u00c7ay ve bitki \u00e7aylar\u0131: 1.500gr.<br \/>\nBas\u0131n\u00e7l\u0131 kaynat\u0131c\u0131: 370 ml.<br \/>\n6+1 kanister<\/p>\n<\/div><\/div><div class=\"tab-content \" style=\"\"><li class=\"item-title\" style=\"\">\r\n\t\t\t<span class=\"inner\" style=\"\">\r\n\t\t\t\tMalzeme Yap\u0131s\u0131\r\n\t\t\t<\/span>\r\n\t\t<\/li><div class=\"item-content\" style=\"\"><p>Paslanmaz \u00c7elik Kabin ve G\u00f6vde.<\/p>\n<\/div><\/div>\n<\/div><\/div><\/div><\/div><\/div><\/div><\/div><\/section><\/div><div class=\"vc-custom-col-spacing clearfix vc-col-spacing-30\"><section class=\"wpb_row vc_row-fluid row-content-position-Default\"><div class=\"bauer-container\"><div class=\"row-inner clearfix\"><div class=\"wpb_column vc_column_container vc_col-sm-12\"><div class=\"vc_column-inner\"><div class=\"wpb_wrapper\">\r\n\t<div class=\"bauer-spacer clearfix\" data-desktop=\"50\" data-mobi=\"50\" data-smobi=\"50\"><\/div><div class=\"bauer-headings clearfix \"  style=\"\"><h2 class=\"heading clearfix \" style=\"\">\r\n\t\tBenzer \u00dcr\u00fcnler\r\n\t<\/h2><\/div>\r\n\t<div class=\"bauer-spacer clearfix\" data-desktop=\"20\" data-mobi=\"10\" data-smobi=\"10\"><\/div><div class=\"bauer-content-box clearfix\" ><div class=\"vc-custom-col-inner-spacing clearfix vc-col-inner-spacing-30\"><div class=\"wpb_row vc_inner vc_row-fluid\"><div class=\"wpb_column vc_column_container vc_col-sm-3\"><div class=\"vc_column-inner\"><div class=\"wpb_wrapper\">\r\n\t<div class=\"bauer-spacer clearfix\" data-desktop=\"20\" data-mobi=\"20\" data-smobi=\"20\"><\/div><div class=\"bauer-image-box clearfix style-3 text-center\" style=\"\" >\r\n        <div class=\"item\">\r\n            <div class=\"inner\">\r\n                <div class=\"thumb\" style=\"\"><img loading=\"lazy\" decoding=\"async\" width=\"450\" height=\"464\" src=\"https:\/\/macgal-wordpress.server.worgoo.com\/wp-content\/uploads\/2021\/04\/macgal-s-711.jpg\" class=\"attachment-full size-full\" alt=\"\" srcset=\"https:\/\/macgal-wordpress.server.worgoo.com\/wp-content\/uploads\/2021\/04\/macgal-s-711.jpg 450w, https:\/\/macgal-wordpress.server.worgoo.com\/wp-content\/uploads\/2021\/04\/macgal-s-711-291x300.jpg 291w\" sizes=\"auto, (max-width: 450px) 100vw, 450px\" \/> <div class=\"hover-layer\"><a href=\"\/macgal-s-711-otomat\/\" class=\"icon\"><span class=\"elegant-icon_plus_alt\"><\/span><\/a><\/div><\/div>\r\n                <div class=\"text-wrap \" style=\" padding:20px 5px 20px 5px;\">\r\n                    <h3 class=\"title\" style=\"\">\r\n            <a href=\"\/macgal-s-711-otomat\/\">\r\n                Magma S 711 AL\r\n            <\/a>\r\n        <\/h3>  \r\n                <\/div>\r\n                \r\n            <\/div>\r\n        <\/div>\r\n    <\/div><\/div><\/div><\/div><div class=\"wpb_column vc_column_container vc_col-sm-3\"><div class=\"vc_column-inner\"><div class=\"wpb_wrapper\">\r\n\t<div class=\"bauer-spacer clearfix\" data-desktop=\"20\" data-mobi=\"20\" data-smobi=\"20\"><\/div><div class=\"bauer-image-box clearfix style-3 text-center\" style=\"\" >\r\n        <div class=\"item\">\r\n            <div class=\"inner\">\r\n                <div class=\"thumb\" style=\"\"><img loading=\"lazy\" decoding=\"async\" width=\"450\" height=\"464\" src=\"https:\/\/macgal-wordpress.server.worgoo.com\/wp-content\/uploads\/2021\/04\/C\u0327alis\u0327ma-yu\u0308zeyi-1-kopya-3.jpg\" class=\"attachment-full size-full\" alt=\"\" srcset=\"https:\/\/macgal-wordpress.server.worgoo.com\/wp-content\/uploads\/2021\/04\/C\u0327alis\u0327ma-yu\u0308zeyi-1-kopya-3.jpg 450w, https:\/\/macgal-wordpress.server.worgoo.com\/wp-content\/uploads\/2021\/04\/C\u0327alis\u0327ma-yu\u0308zeyi-1-kopya-3-291x300.jpg 291w\" sizes=\"auto, (max-width: 450px) 100vw, 450px\" \/> <div class=\"hover-layer\"><a href=\"\/Vision-multiseller\/\" class=\"icon\"><span class=\"elegant-icon_plus_alt\"><\/span><\/a><\/div><\/div>\r\n                <div class=\"text-wrap \" style=\" padding:20px 5px 20px 5px;\">\r\n                    <h3 class=\"title\" style=\"\">\r\n            <a href=\"\/Vision-multiseller\/\">\r\n                Vision Multiseller\r\n            <\/a>\r\n        <\/h3>  \r\n                <\/div>\r\n                \r\n            <\/div>\r\n        <\/div>\r\n    <\/div><\/div><\/div><\/div><div class=\"wpb_column vc_column_container vc_col-sm-3\"><div class=\"vc_column-inner\"><div class=\"wpb_wrapper\">\r\n\t<div class=\"bauer-spacer clearfix\" data-desktop=\"20\" data-mobi=\"20\" data-smobi=\"20\"><\/div><div class=\"bauer-image-box clearfix style-3 text-center\" style=\"\" >\r\n        <div class=\"item\">\r\n            <div class=\"inner\">\r\n                <div class=\"thumb\" style=\"\"><img loading=\"lazy\" decoding=\"async\" width=\"450\" height=\"464\" src=\"https:\/\/macgal-wordpress.server.worgoo.com\/wp-content\/uploads\/2021\/04\/yiotomatlariC\u0327alis\u0327ma-yu\u0308zeyi-1-kopya-4.jpg\" class=\"attachment-full size-full\" alt=\"\" srcset=\"https:\/\/macgal-wordpress.server.worgoo.com\/wp-content\/uploads\/2021\/04\/yiotomatlariC\u0327alis\u0327ma-yu\u0308zeyi-1-kopya-4.jpg 450w, https:\/\/macgal-wordpress.server.worgoo.com\/wp-content\/uploads\/2021\/04\/yiotomatlariC\u0327alis\u0327ma-yu\u0308zeyi-1-kopya-4-291x300.jpg 291w\" sizes=\"auto, (max-width: 450px) 100vw, 450px\" \/> <div class=\"hover-layer\"><a href=\"\/Vision-Snack-Plus\/\" class=\"icon\"><span class=\"elegant-icon_plus_alt\"><\/span><\/a><\/div><\/div>\r\n                <div class=\"text-wrap \" style=\" padding:20px 5px 20px 5px;\">\r\n                    <h3 class=\"title\" style=\"\">\r\n            <a href=\"\/Vision-Snack-Plus\/\">\r\n                Vision Snack Plus\r\n            <\/a>\r\n        <\/h3>  \r\n                <\/div>\r\n                \r\n            <\/div>\r\n        <\/div>\r\n    <\/div><\/div><\/div><\/div><div class=\"wpb_column vc_column_container vc_col-sm-3\"><div class=\"vc_column-inner\"><div class=\"wpb_wrapper\">\r\n\t<div class=\"bauer-spacer clearfix\" data-desktop=\"20\" data-mobi=\"20\" data-smobi=\"20\"><\/div><div class=\"bauer-image-box clearfix style-3 text-center\" style=\"\" >\r\n        <div class=\"item\">\r\n            <div class=\"inner\">\r\n                <div class=\"thumb\" style=\"\"><img loading=\"lazy\" decoding=\"async\" width=\"450\" height=\"464\" src=\"https:\/\/macgal-wordpress.server.worgoo.com\/wp-content\/uploads\/2021\/04\/vcm-5000.jpg\" class=\"attachment-full size-full\" alt=\"\" srcset=\"https:\/\/macgal-wordpress.server.worgoo.com\/wp-content\/uploads\/2021\/04\/vcm-5000.jpg 450w, https:\/\/macgal-wordpress.server.worgoo.com\/wp-content\/uploads\/2021\/04\/vcm-5000-291x300.jpg 291w\" sizes=\"auto, (max-width: 450px) 100vw, 450px\" \/> <div class=\"hover-layer\"><a href=\"http:\/\/macgal-wordpress.server.worgoo.com\/detay\/otomatlar\/yiyecek-icecek-otomatlari\/magma-s-710\/\" class=\"icon\"><span class=\"elegant-icon_plus_alt\"><\/span><\/a><\/div><\/div>\r\n                <div class=\"text-wrap \" style=\" padding:20px 5px 20px 5px;\">\r\n                    <h3 class=\"title\" style=\"\">\r\n            <a href=\"http:\/\/macgal-wordpress.server.worgoo.com\/detay\/otomatlar\/yiyecek-icecek-otomatlari\/magma-s-710\/\">\r\n                Magma S 710\r\n            <\/a>\r\n        <\/h3>  \r\n                <\/div>\r\n                \r\n            <\/div>\r\n        <\/div>\r\n    <\/div><\/div><\/div><\/div><\/div><\/div><\/div><\/div><\/div><\/div><\/div><\/div><\/section><\/div>\n","protected":false},"excerpt":{"rendered":"G-546 XL-46 COFFEEMAR XL46 CTG modeli, ayn\u0131 makineden iki farkl\u0131 kahve \u00e7e\u015fidi da\u011f\u0131tmak ve b\u00fcy\u00fck boy kahve sunmak i\u00e7in \u00f6zel olarak tasarlanm\u0131\u015ft\u0131r. \u00c7ift da\u011f\u0131t\u0131m \u00fcnitesi, iki kahve haznesi ve \u00e7ift su devresi ile donat\u0131lm\u0131\u015f olan bu model, piyasadaki tek model olup, 14 g kahveyi 350 ml suyla 25 saniyeden k\u0131sa","protected":false},"author":1,"featured_media":0,"parent":0,"menu_order":0,"comment_status":"closed","ping_status":"closed","template":"","meta":{"footnotes":""},"class_list":["post-10230","page","type-page","status-publish","hentry"],"_links":{"self":[{"href":"https:\/\/macgal-wordpress.server.worgoo.com\/en\/wp-json\/wp\/v2\/pages\/10230","targetHints":{"allow":["GET"]}}],"collection":[{"href":"https:\/\/macgal-wordpress.server.worgoo.com\/en\/wp-json\/wp\/v2\/pages"}],"about":[{"href":"https:\/\/macgal-wordpress.server.worgoo.com\/en\/wp-json\/wp\/v2\/types\/page"}],"author":[{"embeddable":true,"href":"https:\/\/macgal-wordpress.server.worgoo.com\/en\/wp-json\/wp\/v2\/users\/1"}],"replies":[{"embeddable":true,"href":"https:\/\/macgal-wordpress.server.worgoo.com\/en\/wp-json\/wp\/v2\/comments?post=10230"}],"version-history":[{"count":0,"href":"https:\/\/macgal-wordpress.server.worgoo.com\/en\/wp-json\/wp\/v2\/pages\/10230\/revisions"}],"wp:attachment":[{"href":"https:\/\/macgal-wordpress.server.worgoo.com\/en\/wp-json\/wp\/v2\/media?parent=10230"}],"curies":[{"name":"wp","href":"https:\/\/api.w.org\/{rel}","templated":true}]}}